{"id":1638,"date":"2021-03-21T13:32:51","date_gmt":"2021-03-21T13:32:51","guid":{"rendered":"https:\/\/racoon.network\/?page_id=1638"},"modified":"2024-05-15T09:29:41","modified_gmt":"2024-05-15T09:29:41","slug":"duplicated-racoon-base-1493","status":"publish","type":"page","link":"https:\/\/racoon.network\/?page_id=1638","title":{"rendered":"RACOON Base"},"content":{"rendered":"\t\t<div data-elementor-type=\"wp-page\" data-elementor-id=\"1638\" class=\"elementor elementor-1638\">\n\t\t\t\t\t\t<section class=\"elementor-section elementor-top-section elementor-element elementor-element-662fd86 elementor-section-stretched elementor-section-boxed elementor-section-height-default elementor-section-height-default\" data-id=\"662fd86\" data-element_type=\"section\" data-e-type=\"section\" data-settings=\"{&quot;stretch_section&quot;:&quot;section-stretched&quot;}\">\n\t\t\t\t\t\t<div class=\"elementor-container elementor-column-gap-no\">\n\t\t\t\t\t<div class=\"elementor-column elementor-col-100 elementor-top-column elementor-element elementor-element-f9cc702\" data-id=\"f9cc702\" data-element_type=\"column\" data-e-type=\"column\">\n\t\t\t<div class=\"elementor-widget-wrap elementor-element-populated\">\n\t\t\t\t\t\t<div class=\"elementor-element elementor-element-d693dfc elementor-widget elementor-widget-heading\" data-id=\"d693dfc\" data-element_type=\"widget\" data-e-type=\"widget\" data-widget_type=\"heading.default\">\n\t\t\t\t<div class=\"elementor-widget-container\">\n\t\t\t\t\t<h2 class=\"elementor-heading-title elementor-size-default\">RACOON Infrastruktur<\/h2>\t\t\t\t<\/div>\n\t\t\t\t<\/div>\n\t\t\t\t<div class=\"elementor-element elementor-element-2d2aafa elementor-widget elementor-widget-text-editor\" data-id=\"2d2aafa\" data-element_type=\"widget\" data-e-type=\"widget\" data-widget_type=\"text-editor.default\">\n\t\t\t\t<div class=\"elementor-widget-container\">\n\t\t\t\t\t\t\t\t\t<p><br><\/p><p>Die RACOON Infrastruktur basiert auf einem deutschlandweiten Serversystem mit Netzwerkknoten an allen deutschen Universit\u00e4tsklinika (RACOON-NODES). Die Infrastruktur-Architektur stellt eine Zusammenf\u00fchrung dezentraler und zentraler Komponenten (RACOON-CENTRAL) zu einem leistungsf\u00e4higen Gesamtkonzept dar. Hierdurch sind sowohl die Vorteile einer an den Standorten aller Universit\u00e4tsklinika verteilten Rechenumgebung, als auch die Effizienz einer sicheren zentralen Umgebung abrufbar. Weitere Vorteile unserer Architektur sind die schnelle und sichere Betriebsaufnahme der einzelnen Netzwerkknoten und eine flexible Erweiterbarkeit des Gesamtsystems anhand seiner, in sich autonomen, Software-Module.<\/p>\t\t\t\t\t\t\t\t<\/div>\n\t\t\t\t<\/div>\n\t\t\t\t<div class=\"elementor-element elementor-element-92592be elementor-widget elementor-widget-image\" data-id=\"92592be\" data-element_type=\"widget\" data-e-type=\"widget\" data-widget_type=\"image.default\">\n\t\t\t\t<div class=\"elementor-widget-container\">\n\t\t\t\t\t\t\t\t\t\t\t\t\t\t\t<img decoding=\"async\" src=\"https:\/\/racoon.network\/wp-content\/uploads\/2021\/10\/Uebersicht-Netzwer-600x565.png\" title=\"\u00dcbersicht Netzwer\" alt=\"\u00dcbersicht Netzwer\" loading=\"lazy\" \/>\t\t\t\t\t\t\t\t\t\t\t\t\t\t\t<\/div>\n\t\t\t\t<\/div>\n\t\t\t\t<div class=\"elementor-element elementor-element-30d55a4 elementor-widget elementor-widget-text-editor\" data-id=\"30d55a4\" data-element_type=\"widget\" data-e-type=\"widget\" data-widget_type=\"text-editor.default\">\n\t\t\t\t<div class=\"elementor-widget-container\">\n\t\t\t\t\t\t\t\t\t<p dir=\"ltr\" style=\"line-height: 1.2; background-color: #fcfcfc; margin-top: 12pt; margin-bottom: 12pt;\">Die komplement\u00e4re Zusammenstellung von etablierten, lizenzierten Software-Komponenten mit einer open-source und open-science Umgebung bietet eine State-of-the-Art Strukturgrundlage, welche das gesamte Spektrum aktueller und zuk\u00fcnftiger bildverarbeitender Prozesse abbilden kann. Somit kann durch unsere RACOON-Infrastruktur eine nachhaltige Funktionsweise erm\u00f6glicht werden.<\/p>\t\t\t\t\t\t\t\t<\/div>\n\t\t\t\t<\/div>\n\t\t\t\t<div class=\"elementor-element elementor-element-1f2f885 elementor-widget-divider--view-line elementor-widget elementor-widget-divider\" data-id=\"1f2f885\" data-element_type=\"widget\" data-e-type=\"widget\" data-widget_type=\"divider.default\">\n\t\t\t\t<div class=\"elementor-widget-container\">\n\t\t\t\t\t\t\t<div class=\"elementor-divider\">\n\t\t\t<span class=\"elementor-divider-separator\">\n\t\t\t\t\t\t<\/span>\n\t\t<\/div>\n\t\t\t\t\t\t<\/div>\n\t\t\t\t<\/div>\n\t\t\t\t<div class=\"elementor-element elementor-element-e500f42 elementor-widget elementor-widget-spacer\" data-id=\"e500f42\" data-element_type=\"widget\" data-e-type=\"widget\" data-widget_type=\"spacer.default\">\n\t\t\t\t<div class=\"elementor-widget-container\">\n\t\t\t\t\t\t\t<div class=\"elementor-spacer\">\n\t\t\t<div class=\"elementor-spacer-inner\"><\/div>\n\t\t<\/div>\n\t\t\t\t\t\t<\/div>\n\t\t\t\t<\/div>\n\t\t\t\t<div class=\"elementor-element elementor-element-1e56bef elementor-widget elementor-widget-heading\" data-id=\"1e56bef\" data-element_type=\"widget\" data-e-type=\"widget\" data-widget_type=\"heading.default\">\n\t\t\t\t<div class=\"elementor-widget-container\">\n\t\t\t\t\t<h2 class=\"elementor-heading-title elementor-size-default\">RACOON-NODE<\/h2>\t\t\t\t<\/div>\n\t\t\t\t<\/div>\n\t\t\t\t<div class=\"elementor-element elementor-element-b027878 elementor-widget elementor-widget-image\" data-id=\"b027878\" data-element_type=\"widget\" data-e-type=\"widget\" data-widget_type=\"image.default\">\n\t\t\t\t<div class=\"elementor-widget-container\">\n\t\t\t\t\t\t\t\t\t\t\t\t\t\t\t<img fetchpriority=\"high\" decoding=\"async\" width=\"768\" height=\"496\" src=\"https:\/\/racoon.network\/wp-content\/uploads\/2021\/10\/RACOON_Abbildungen_Antrag_Infrastuktur_NODE_V1-1-768x496.png\" class=\"attachment-medium_large size-medium_large wp-image-2820\" alt=\"\" srcset=\"https:\/\/racoon.network\/wp-content\/uploads\/2021\/10\/RACOON_Abbildungen_Antrag_Infrastuktur_NODE_V1-1-768x496.png 768w, https:\/\/racoon.network\/wp-content\/uploads\/2021\/10\/RACOON_Abbildungen_Antrag_Infrastuktur_NODE_V1-1-300x194.png 300w, https:\/\/racoon.network\/wp-content\/uploads\/2021\/10\/RACOON_Abbildungen_Antrag_Infrastuktur_NODE_V1-1-1024x662.png 1024w, https:\/\/racoon.network\/wp-content\/uploads\/2021\/10\/RACOON_Abbildungen_Antrag_Infrastuktur_NODE_V1-1-600x388.png 600w, https:\/\/racoon.network\/wp-content\/uploads\/2021\/10\/RACOON_Abbildungen_Antrag_Infrastuktur_NODE_V1-1.png 1382w\" sizes=\"(max-width: 768px) 100vw, 768px\" \/>\t\t\t\t\t\t\t\t\t\t\t\t\t\t\t<\/div>\n\t\t\t\t<\/div>\n\t\t\t\t<div class=\"elementor-element elementor-element-f0ce25c elementor-widget elementor-widget-text-editor\" data-id=\"f0ce25c\" data-element_type=\"widget\" data-e-type=\"widget\" data-widget_type=\"text-editor.default\">\n\t\t\t\t<div class=\"elementor-widget-container\">\n\t\t\t\t\t\t\t\t\t<p>Der RACOON-BACKBONE wird durch Instanzen einer f\u00fcr die klinische Routinediagnostik zugelassenen Befundungsplattform (Medizinprodukt Klasse IIb) gebildet (<a href=\"https:\/\/mint-medical.com\/de\/mint-lesion\" target=\"_blank\" rel=\"noopener\">mint Lesion<\/a>; Mint Medical GmbH, Heidelberg). Die Verbundprojektpartner k\u00f6nnen RACOON-REPORTING somit f\u00fcr die prim\u00e4re Befundung einsetzen. Hierbei k\u00f6nnen dem Radiologen \u00fcber Schnittstellen zwischen der Befundungsplattform und anderen lokalen Datenquellen (RIS, KIS etc.) s\u00e4mtliche vor Ort dokumentierten Patienteninformationen zur Verf\u00fcgung gestellt werden.<\/p><p>Der Befundungsprozess erf\u00fcllt alle Anspr\u00fcche an Vollst\u00e4ndigkeit, Nachvollziehbarkeit und Richtlinienkonformit\u00e4t und gew\u00e4hrleistet hierdurch die Wahrung der guten wissenschaftlichen Praxis (good scientific practice). RACOON erm\u00f6glicht die Zusammenf\u00fchrung der Befunddaten im Rahmen eines standardisierten Datenmodells auf Basis des GECCO-Datensatzes f\u00fcr kollaborative Forschungsprojekte. Zus\u00e4tzlich k\u00f6nnen die erstellten Befunde auch in die klinischen Routineprozesse der Diagnostik und Therapie eingebunden werden.<\/p>\t\t\t\t\t\t\t\t<\/div>\n\t\t\t\t<\/div>\n\t\t\t\t<div class=\"elementor-element elementor-element-b26f01e elementor-widget-divider--view-line elementor-widget elementor-widget-divider\" data-id=\"b26f01e\" data-element_type=\"widget\" data-e-type=\"widget\" data-widget_type=\"divider.default\">\n\t\t\t\t<div class=\"elementor-widget-container\">\n\t\t\t\t\t\t\t<div class=\"elementor-divider\">\n\t\t\t<span class=\"elementor-divider-separator\">\n\t\t\t\t\t\t<\/span>\n\t\t<\/div>\n\t\t\t\t\t\t<\/div>\n\t\t\t\t<\/div>\n\t\t\t\t<div class=\"elementor-element elementor-element-1ef10fa elementor-widget elementor-widget-spacer\" data-id=\"1ef10fa\" data-element_type=\"widget\" data-e-type=\"widget\" data-widget_type=\"spacer.default\">\n\t\t\t\t<div class=\"elementor-widget-container\">\n\t\t\t\t\t\t\t<div class=\"elementor-spacer\">\n\t\t\t<div class=\"elementor-spacer-inner\"><\/div>\n\t\t<\/div>\n\t\t\t\t\t\t<\/div>\n\t\t\t\t<\/div>\n\t\t\t\t<div class=\"elementor-element elementor-element-906e3bd elementor-widget elementor-widget-heading\" data-id=\"906e3bd\" data-element_type=\"widget\" data-e-type=\"widget\" data-widget_type=\"heading.default\">\n\t\t\t\t<div class=\"elementor-widget-container\">\n\t\t\t\t\t<h2 class=\"elementor-heading-title elementor-size-default\">RACOON CENTRAL<\/h2>\t\t\t\t<\/div>\n\t\t\t\t<\/div>\n\t\t\t\t<div class=\"elementor-element elementor-element-335767f elementor-widget elementor-widget-text-editor\" data-id=\"335767f\" data-element_type=\"widget\" data-e-type=\"widget\" data-widget_type=\"text-editor.default\">\n\t\t\t\t<div class=\"elementor-widget-container\">\n\t\t\t\t\t\t\t\t\t<p dir=\"ltr\" style=\"line-height: 1.2; background-color: #fcfcfc; margin-top: 12pt; margin-bottom: 12pt;\">Die zentrale Instanz umfasst auch die Funktionalit\u00e4ten der dezentralen Instanzen, d.h. kann theoretisch auch f\u00fcr Prim\u00e4rbefundungen eingesetzt werden. Sie erm\u00f6glicht die Befundung der anonymisierten Datens\u00e4tze sowie die Erstellung strukturierter Befundberichte, die in verschiedenen Formaten (auch maschinenlesbaren, zum Zweck der Weiterverarbeitung durch KI-Verfahren oder andere statistische Analyseverfahren) exportiert werden k\u00f6nnen.<\/p>\t\t\t\t\t\t\t\t<\/div>\n\t\t\t\t<\/div>\n\t\t\t\t<div class=\"elementor-element elementor-element-c1113cf elementor-widget elementor-widget-image\" data-id=\"c1113cf\" data-element_type=\"widget\" data-e-type=\"widget\" data-widget_type=\"image.default\">\n\t\t\t\t<div class=\"elementor-widget-container\">\n\t\t\t\t\t\t\t\t\t\t\t\t\t\t\t<img decoding=\"async\" width=\"768\" height=\"496\" src=\"https:\/\/racoon.network\/wp-content\/uploads\/2021\/10\/RACOON_Abbildungen_Antrag_Infrastuktur_CENTRAL_V1-768x496.png\" class=\"attachment-medium_large size-medium_large wp-image-2822\" alt=\"\" srcset=\"https:\/\/racoon.network\/wp-content\/uploads\/2021\/10\/RACOON_Abbildungen_Antrag_Infrastuktur_CENTRAL_V1-768x496.png 768w, https:\/\/racoon.network\/wp-content\/uploads\/2021\/10\/RACOON_Abbildungen_Antrag_Infrastuktur_CENTRAL_V1-300x194.png 300w, https:\/\/racoon.network\/wp-content\/uploads\/2021\/10\/RACOON_Abbildungen_Antrag_Infrastuktur_CENTRAL_V1-1024x662.png 1024w, https:\/\/racoon.network\/wp-content\/uploads\/2021\/10\/RACOON_Abbildungen_Antrag_Infrastuktur_CENTRAL_V1-600x388.png 600w, https:\/\/racoon.network\/wp-content\/uploads\/2021\/10\/RACOON_Abbildungen_Antrag_Infrastuktur_CENTRAL_V1.png 1382w\" sizes=\"(max-width: 768px) 100vw, 768px\" \/>\t\t\t\t\t\t\t\t\t\t\t\t\t\t\t<\/div>\n\t\t\t\t<\/div>\n\t\t\t\t<div class=\"elementor-element elementor-element-82e2b98 elementor-widget elementor-widget-text-editor\" data-id=\"82e2b98\" data-element_type=\"widget\" data-e-type=\"widget\" data-widget_type=\"text-editor.default\">\n\t\t\t\t<div class=\"elementor-widget-container\">\n\t\t\t\t\t\t\t\t\t<p>Auf explizite Veranlassung des Zentrums wird eine Synchronisation des standardisierten und de-identifizierten (anonymisiert\/pseudonymisiert) Patientendatensatzes mit der Zentralinstanz durchgef\u00fchrt. Im Datenaustausch mit der zentralen, cloudbasierten RACOON-CENTRAL-Instanz werden zwei Vorg\u00e4nge unterschieden: Der Upload (anonymisierter\/pseudonymisierter) Bilddaten von einem lokalen System auf die Cloud sowie der interaktive Zugriff auf die Cloud-Instanz, beispielsweise zu Zwecken der Sekund\u00e4rbefundung \/ Konsultation oder der Zusammenf\u00fchrung mit Daten anderer Zentren zum Zweck der multizentrischen Auswertung.<\/p><p>RACOON-CENTRAL bildet unter Einbeziehung der lokalen RACOON-Nodes eine das gesamte Netzwerk umspannende Data Governance-Architektur einschlie\u00dflich eines einheitlichen Datenmodells auf Basis des GECCO-Datensatzes aus. Die Datenhoheit verbleibt bei den einzelnen Zentren, welche die von ihnen beigesteuerten Bild- und Befunddaten abgestuft von der pauschalen Verwendung f\u00fcr medizinische Forschung bis hin zu spezifischen Verbundforschungsprojekten freigeben k\u00f6nnen. Im Gegensatz zu den dezentralen Instanzen wird die zentrale Instanz f\u00fcr abteilungs- und zentrums\u00fcbergreifende Workflows f\u00fcr Befundungen und klinische Studien konfiguriert.<\/p>\t\t\t\t\t\t\t\t<\/div>\n\t\t\t\t<\/div>\n\t\t\t\t\t<\/div>\n\t\t<\/div>\n\t\t\t\t\t<\/div>\n\t\t<\/section>\n\t\t\t\t<\/div>\n\t\t","protected":false},"excerpt":{"rendered":"<p>RACOON Infrastruktur Die RACOON Infrastruktur basiert auf einem deutschlandweiten Serversystem mit Netzwerkknoten an allen deutschen Universit\u00e4tsklinika (RACOON-NODES). Die Infrastruktur-Architektur stellt eine Zusammenf\u00fchrung dezentraler und zentraler Komponenten (RACOON-CENTRAL) zu einem leistungsf\u00e4higen Gesamtkonzept dar. Hierdurch sind sowohl die Vorteile einer an den Standorten aller Universit\u00e4tsklinika verteilten Rechenumgebung, als auch die Effizienz einer &hellip;<\/p>\n<p class=\"read-more\"> <a class=\"\" href=\"https:\/\/racoon.network\/?page_id=1638\"> <span class=\"screen-reader-text\">RACOON Base<\/span>Read More &raquo;<\/a><\/p>\n","protected":false},"author":1,"featured_media":0,"parent":0,"menu_order":0,"comment_status":"closed","ping_status":"closed","template":"elementor_header_footer","meta":{"inline_featured_image":false,"footnotes":""},"class_list":["post-1638","page","type-page","status-publish","hentry"],"pbg_featured_image_src":{"full":false,"thumbnail":false,"medium":false,"medium_large":false,"large":false,"leap-image-100x100":false,"1536x1536":false,"2048x2048":false},"pbg_author_info":{"display_name":"admin","author_link":"https:\/\/racoon.network\/?author=1","author_img":"<img alt='admin' src='https:\/\/secure.gravatar.com\/avatar\/8931e98758e400caba5ef80ef255d639487b3d190ea2bc1f3e8bc8317605a2a5?s=128&#038;d=mm&#038;r=g' srcset='https:\/\/secure.gravatar.com\/avatar\/8931e98758e400caba5ef80ef255d639487b3d190ea2bc1f3e8bc8317605a2a5?s=256&#038;d=mm&#038;r=g 2x' class='avatar avatar-128 photo' height='128' width='128' decoding='async'\/>"},"pbg_comment_info":" No Comments","pbg_excerpt":"RACOON Infrastruktur Die RACOON Infrastruktur basiert auf einem deutschlandweiten Serversystem mit Netzwerkknoten an allen deutschen Universit\u00e4tsklinika (RACOON-NODES). Die Infrastruktur-Architektur stellt eine Zusammenf\u00fchrung dezentraler und zentraler Komponenten (RACOON-CENTRAL) zu einem leistungsf\u00e4higen Gesamtkonzept dar. Hierdurch sind sowohl die Vorteile einer an den Standorten aller Universit\u00e4tsklinika verteilten Rechenumgebung, als auch die Effizienz einer &hellip; RACOON BaseRead More &raquo;","_links":{"self":[{"href":"https:\/\/racoon.network\/index.php?rest_route=\/wp\/v2\/pages\/1638","targetHints":{"allow":["GET"]}}],"collection":[{"href":"https:\/\/racoon.network\/index.php?rest_route=\/wp\/v2\/pages"}],"about":[{"href":"https:\/\/racoon.network\/index.php?rest_route=\/wp\/v2\/types\/page"}],"author":[{"embeddable":true,"href":"https:\/\/racoon.network\/index.php?rest_route=\/wp\/v2\/users\/1"}],"replies":[{"embeddable":true,"href":"https:\/\/racoon.network\/index.php?rest_route=%2Fwp%2Fv2%2Fcomments&post=1638"}],"version-history":[{"count":101,"href":"https:\/\/racoon.network\/index.php?rest_route=\/wp\/v2\/pages\/1638\/revisions"}],"predecessor-version":[{"id":7652,"href":"https:\/\/racoon.network\/index.php?rest_route=\/wp\/v2\/pages\/1638\/revisions\/7652"}],"wp:attachment":[{"href":"https:\/\/racoon.network\/index.php?rest_route=%2Fwp%2Fv2%2Fmedia&parent=1638"}],"curies":[{"name":"wp","href":"https:\/\/api.w.org\/{rel}","templated":true}]}}