{"id":1684,"date":"2021-03-22T14:55:37","date_gmt":"2021-03-22T14:55:37","guid":{"rendered":"https:\/\/racoon.network\/?page_id=1684"},"modified":"2024-05-15T09:33:38","modified_gmt":"2024-05-15T09:33:38","slug":"duplicated-racoon-data","status":"publish","type":"page","link":"https:\/\/racoon.network\/?page_id=1684","title":{"rendered":"RACOON Data"},"content":{"rendered":"\t\t<div data-elementor-type=\"wp-page\" data-elementor-id=\"1684\" class=\"elementor elementor-1684\">\n\t\t\t\t\t\t<section class=\"elementor-section elementor-top-section elementor-element elementor-element-662fd86 elementor-section-stretched elementor-section-boxed elementor-section-height-default elementor-section-height-default\" data-id=\"662fd86\" data-element_type=\"section\" data-e-type=\"section\" data-settings=\"{&quot;stretch_section&quot;:&quot;section-stretched&quot;}\">\n\t\t\t\t\t\t<div class=\"elementor-container elementor-column-gap-no\">\n\t\t\t\t\t<div class=\"elementor-column elementor-col-100 elementor-top-column elementor-element elementor-element-f9cc702\" data-id=\"f9cc702\" data-element_type=\"column\" data-e-type=\"column\">\n\t\t\t<div class=\"elementor-widget-wrap elementor-element-populated\">\n\t\t\t\t\t\t<div class=\"elementor-element elementor-element-78d811c elementor-widget elementor-widget-image\" data-id=\"78d811c\" data-element_type=\"widget\" data-e-type=\"widget\" data-widget_type=\"image.default\">\n\t\t\t\t<div class=\"elementor-widget-container\">\n\t\t\t\t\t\t\t\t\t\t\t\t\t\t\t<img fetchpriority=\"high\" decoding=\"async\" width=\"1024\" height=\"572\" src=\"https:\/\/racoon.network\/wp-content\/uploads\/2021\/12\/Atlas-1024x572.jpg\" class=\"attachment-large size-large wp-image-3361\" alt=\"\" srcset=\"https:\/\/racoon.network\/wp-content\/uploads\/2021\/12\/Atlas-1024x572.jpg 1024w, https:\/\/racoon.network\/wp-content\/uploads\/2021\/12\/Atlas-300x168.jpg 300w, https:\/\/racoon.network\/wp-content\/uploads\/2021\/12\/Atlas-768x429.jpg 768w, https:\/\/racoon.network\/wp-content\/uploads\/2021\/12\/Atlas-1536x858.jpg 1536w, https:\/\/racoon.network\/wp-content\/uploads\/2021\/12\/Atlas-2048x1144.jpg 2048w, https:\/\/racoon.network\/wp-content\/uploads\/2021\/12\/Atlas-600x335.jpg 600w\" sizes=\"(max-width: 1024px) 100vw, 1024px\" \/>\t\t\t\t\t\t\t\t\t\t\t\t\t\t\t<\/div>\n\t\t\t\t<\/div>\n\t\t\t\t<div class=\"elementor-element elementor-element-2d2aafa elementor-widget elementor-widget-text-editor\" data-id=\"2d2aafa\" data-element_type=\"widget\" data-e-type=\"widget\" data-widget_type=\"text-editor.default\">\n\t\t\t\t<div class=\"elementor-widget-container\">\n\t\t\t\t\t\t\t\t\t<p>\u00a0<\/p><p>Zum ersten Mal in der Radiologie in Deutschland konnte ein Konsensus aller Unikliniken f\u00fcr ein Template zur strukturierten Thorax-Befundung erreicht werden. Basierend auf internationalen thoraxradiologischen Empfehlungen und in enger Zusammenarbeit mit der AG Thoraxradiologie wurden Morphologien des Lungenparenchyms, der Bronchien, der Pleura und des Mediastinums definiert.<\/p>\t\t\t\t\t\t\t\t<\/div>\n\t\t\t\t<\/div>\n\t\t\t\t<div class=\"elementor-element elementor-element-b62e44b elementor-widget elementor-widget-text-editor\" data-id=\"b62e44b\" data-element_type=\"widget\" data-e-type=\"widget\" data-widget_type=\"text-editor.default\">\n\t\t\t\t<div class=\"elementor-widget-container\">\n\t\t\t\t\t\t\t\t\t<p dir=\"ltr\" style=\"line-height: 1.295; margin-top: 0pt; margin-bottom: 8pt;\">Dieses Template bietet die M\u00f6glichkeit CT- und R\u00f6ntgen-Bilddatens\u00e4tze von Pneumonien, daneben aber auch anderen thorakalen Pathologien, strukturiert auszuwerten. Zus\u00e4tzlich zur Auswertung der Bilddaten kann eine Vielzahl an zus\u00e4tzlichen klinischen Angaben, Labordaten und Behandlungsstrategien dokumentiert werden. Neben dem Template wurde ein RACOON Bildatlas entwickelt, der Bildbeispiele f\u00fcr die abgefragten morphologischen Ver\u00e4nderungen bietet und ein Leitfaden f\u00fcr die strukturierte Befundung an den Standorten ist.<\/p>\t\t\t\t\t\t\t\t<\/div>\n\t\t\t\t<\/div>\n\t\t\t\t<div class=\"elementor-element elementor-element-bb12d0d elementor-widget elementor-widget-image\" data-id=\"bb12d0d\" data-element_type=\"widget\" data-e-type=\"widget\" data-widget_type=\"image.default\">\n\t\t\t\t<div class=\"elementor-widget-container\">\n\t\t\t\t\t\t\t\t\t\t\t\t\t\t\t<img decoding=\"async\" width=\"1024\" height=\"530\" src=\"https:\/\/racoon.network\/wp-content\/uploads\/2021\/12\/Struktur-1024x530.png\" class=\"attachment-large size-large wp-image-3367\" alt=\"\" srcset=\"https:\/\/racoon.network\/wp-content\/uploads\/2021\/12\/Struktur-1024x530.png 1024w, https:\/\/racoon.network\/wp-content\/uploads\/2021\/12\/Struktur-300x155.png 300w, https:\/\/racoon.network\/wp-content\/uploads\/2021\/12\/Struktur-768x397.png 768w, https:\/\/racoon.network\/wp-content\/uploads\/2021\/12\/Struktur-600x310.png 600w, https:\/\/racoon.network\/wp-content\/uploads\/2021\/12\/Struktur.png 1444w\" sizes=\"(max-width: 1024px) 100vw, 1024px\" \/>\t\t\t\t\t\t\t\t\t\t\t\t\t\t\t<\/div>\n\t\t\t\t<\/div>\n\t\t\t\t<div class=\"elementor-element elementor-element-b222aa4 elementor-widget elementor-widget-text-editor\" data-id=\"b222aa4\" data-element_type=\"widget\" data-e-type=\"widget\" data-widget_type=\"text-editor.default\">\n\t\t\t\t<div class=\"elementor-widget-container\">\n\t\t\t\t\t\t\t\t\t<p dir=\"ltr\" style=\"line-height: 1.295; margin-top: 0pt; margin-bottom: 8pt;\">\u00a0<\/p><p dir=\"ltr\" style=\"line-height: 1.295; margin-top: 0pt; margin-bottom: 8pt;\">Den Kern der strukturierten Befundung stellt die verblindete Auswertung der Bilddaten dar. Dazu werden die bildmorphologischen pathologischen Ver\u00e4nderungen in CT-Thorax- und R\u00f6ntgen-Thorax-Aufnahmen detailliert und strukturiert abgefragt. Zu jeder Ver\u00e4nderung des Lungenparenchyms, der Bronchien, der Pleura und des Mediastinums werden die lappenbasierte Lokalisation, der Schweregrad, die anatomische und geographische Verteilung, sowie zus\u00e4tzliche charakteristische Besonderheiten beurteilt.\u00a0<\/p><p dir=\"ltr\" style=\"line-height: 1.295; margin-top: 0pt; margin-bottom: 8pt;\">Ziel dieser strukturierten Erhebung aller Bilddatens\u00e4tze der RACOON Kohorte ist es charakteristische Bildmorphologien der eingeschlossenen Erkrankungen zu detektieren, Diskreminanten zwischen \u00e4hnlichen Erkrankungen zu identifizieren (z.B. COVID-19 vs. Andere virale Pneumonien), und hoch qualitative Daten f\u00fcr die Entwicklung von Algorithmen der k\u00fcnstlichen Intelligenz zu generieren.\u00a0<\/p><p dir=\"ltr\" style=\"line-height: 1.295; margin-top: 0pt; margin-bottom: 8pt;\">F\u00fcr f\u00fchrende morphologische Ver\u00e4nderungen, gesundes Lungenparenchym und Luft au\u00dferhalb des K\u00f6rpers als Referenz werden zudem in den CT-Untersuchungen digitale Bildstanzen erhoben. Somit entstehen zus\u00e4tzlich quantitative Messwerte f\u00fcr Radiomics Analysen und eine ausf\u00fchrliche Bilddatenbank f\u00fcr spezifische bildmorphologische Ver\u00e4nderungen.<\/p>\t\t\t\t\t\t\t\t<\/div>\n\t\t\t\t<\/div>\n\t\t\t\t<div class=\"elementor-element elementor-element-28fc746 elementor-widget elementor-widget-image\" data-id=\"28fc746\" data-element_type=\"widget\" data-e-type=\"widget\" data-widget_type=\"image.default\">\n\t\t\t\t<div class=\"elementor-widget-container\">\n\t\t\t\t\t\t\t\t\t\t\t\t\t\t\t<img decoding=\"async\" width=\"768\" height=\"471\" src=\"https:\/\/racoon.network\/wp-content\/uploads\/2021\/12\/Schema-768x471.jpg\" class=\"attachment-medium_large size-medium_large wp-image-3365\" alt=\"\" srcset=\"https:\/\/racoon.network\/wp-content\/uploads\/2021\/12\/Schema-768x471.jpg 768w, https:\/\/racoon.network\/wp-content\/uploads\/2021\/12\/Schema-300x184.jpg 300w, https:\/\/racoon.network\/wp-content\/uploads\/2021\/12\/Schema-1024x628.jpg 1024w, https:\/\/racoon.network\/wp-content\/uploads\/2021\/12\/Schema-1536x942.jpg 1536w, https:\/\/racoon.network\/wp-content\/uploads\/2021\/12\/Schema-600x368.jpg 600w, https:\/\/racoon.network\/wp-content\/uploads\/2021\/12\/Schema.jpg 1629w\" sizes=\"(max-width: 768px) 100vw, 768px\" \/>\t\t\t\t\t\t\t\t\t\t\t\t\t\t\t<\/div>\n\t\t\t\t<\/div>\n\t\t\t\t<div class=\"elementor-element elementor-element-bcf5c87 elementor-widget elementor-widget-text-editor\" data-id=\"bcf5c87\" data-element_type=\"widget\" data-e-type=\"widget\" data-widget_type=\"text-editor.default\">\n\t\t\t\t<div class=\"elementor-widget-container\">\n\t\t\t\t\t\t\t\t\t<p>\u00a0<\/p><p>Abschlie\u00dfend werden f\u00fcr jeden Bilddatensatz verschiedene Klassifizierungs-Skalen aus der Literatur angewandt, die die Wahrscheinlichkeit und den Schweregrad einer COVID-19-Pneumonie zusammenfassend als Experteneinsch\u00e4tzung abbilden. Die Sicherung der Datenqualit\u00e4t erfolgt durch die Erfassung der technischen Akquisitionsparameter und der Bildqualit\u00e4t der Studien.\u00a0<\/p><p>Zeitsynchrone klinische Parameter werden zus\u00e4tzlich unverblindet dokumentiert. Diese sind in vier Teilbereiche untergliedert: Informationen aus dem Krankenhausinformationssystem (KIS), klinische Angaben, Laborwerte und Angaben zur Behandlung. Die Auswahl der Parameter erfolgte in enger Zusammenarbeit mit anderen Projekten des Netzwerks Universit\u00e4tsmedizin (NUM) und mit Fokus auf COVID-19-Infektionen.\u00a0<\/p><p>Diese hochqualitative\u00a0 Datenbank ist die Basis f\u00fcr evidenzbasierte Forschung mit der M\u00f6glichkeit zur multizentrischen Datenanalyse in Echtzeit.<\/p>\t\t\t\t\t\t\t\t<\/div>\n\t\t\t\t<\/div>\n\t\t\t\t<div class=\"elementor-element elementor-element-28fc1f6 elementor-widget elementor-widget-image\" data-id=\"28fc1f6\" data-element_type=\"widget\" data-e-type=\"widget\" data-widget_type=\"image.default\">\n\t\t\t\t<div class=\"elementor-widget-container\">\n\t\t\t\t\t\t\t\t\t\t\t\t\t\t\t<img decoding=\"async\" src=\"https:\/\/racoon.network\/wp-content\/uploads\/2021\/12\/Skizze.jpg\" title=\"Skizze\" alt=\"Skizze\" loading=\"lazy\" \/>\t\t\t\t\t\t\t\t\t\t\t\t\t\t\t<\/div>\n\t\t\t\t<\/div>\n\t\t\t\t\t<\/div>\n\t\t<\/div>\n\t\t\t\t\t<\/div>\n\t\t<\/section>\n\t\t\t\t<\/div>\n\t\t","protected":false},"excerpt":{"rendered":"<p>\u00a0 Zum ersten Mal in der Radiologie in Deutschland konnte ein Konsensus aller Unikliniken f\u00fcr ein Template zur strukturierten Thorax-Befundung erreicht werden. Basierend auf internationalen thoraxradiologischen Empfehlungen und in enger Zusammenarbeit mit der AG Thoraxradiologie wurden Morphologien des Lungenparenchyms, der Bronchien, der Pleura und des Mediastinums definiert. Dieses Template bietet &hellip;<\/p>\n<p class=\"read-more\"> <a class=\"\" href=\"https:\/\/racoon.network\/?page_id=1684\"> <span class=\"screen-reader-text\">RACOON Data<\/span>Read More &raquo;<\/a><\/p>\n","protected":false},"author":1,"featured_media":0,"parent":0,"menu_order":0,"comment_status":"closed","ping_status":"closed","template":"elementor_header_footer","meta":{"inline_featured_image":false,"footnotes":""},"class_list":["post-1684","page","type-page","status-publish","hentry"],"pbg_featured_image_src":{"full":false,"thumbnail":false,"medium":false,"medium_large":false,"large":false,"leap-image-100x100":false,"1536x1536":false,"2048x2048":false},"pbg_author_info":{"display_name":"admin","author_link":"https:\/\/racoon.network\/?author=1","author_img":"<img alt='admin' src='https:\/\/secure.gravatar.com\/avatar\/8931e98758e400caba5ef80ef255d639487b3d190ea2bc1f3e8bc8317605a2a5?s=128&#038;d=mm&#038;r=g' srcset='https:\/\/secure.gravatar.com\/avatar\/8931e98758e400caba5ef80ef255d639487b3d190ea2bc1f3e8bc8317605a2a5?s=256&#038;d=mm&#038;r=g 2x' class='avatar avatar-128 photo' height='128' width='128' decoding='async'\/>"},"pbg_comment_info":" No Comments","pbg_excerpt":"\u00a0 Zum ersten Mal in der Radiologie in Deutschland konnte ein Konsensus aller Unikliniken f\u00fcr ein Template zur strukturierten Thorax-Befundung erreicht werden. Basierend auf internationalen thoraxradiologischen Empfehlungen und in enger Zusammenarbeit mit der AG Thoraxradiologie wurden Morphologien des Lungenparenchyms, der Bronchien, der Pleura und des Mediastinums definiert. Dieses Template bietet &hellip; RACOON DataRead More &raquo;","_links":{"self":[{"href":"https:\/\/racoon.network\/index.php?rest_route=\/wp\/v2\/pages\/1684","targetHints":{"allow":["GET"]}}],"collection":[{"href":"https:\/\/racoon.network\/index.php?rest_route=\/wp\/v2\/pages"}],"about":[{"href":"https:\/\/racoon.network\/index.php?rest_route=\/wp\/v2\/types\/page"}],"author":[{"embeddable":true,"href":"https:\/\/racoon.network\/index.php?rest_route=\/wp\/v2\/users\/1"}],"replies":[{"embeddable":true,"href":"https:\/\/racoon.network\/index.php?rest_route=%2Fwp%2Fv2%2Fcomments&post=1684"}],"version-history":[{"count":76,"href":"https:\/\/racoon.network\/index.php?rest_route=\/wp\/v2\/pages\/1684\/revisions"}],"predecessor-version":[{"id":7659,"href":"https:\/\/racoon.network\/index.php?rest_route=\/wp\/v2\/pages\/1684\/revisions\/7659"}],"wp:attachment":[{"href":"https:\/\/racoon.network\/index.php?rest_route=%2Fwp%2Fv2%2Fmedia&parent=1684"}],"curies":[{"name":"wp","href":"https:\/\/api.w.org\/{rel}","templated":true}]}}