{"id":1695,"date":"2021-03-22T15:11:16","date_gmt":"2021-03-22T15:11:16","guid":{"rendered":"https:\/\/racoon.network\/?page_id=1695"},"modified":"2024-05-15T09:44:19","modified_gmt":"2024-05-15T09:44:19","slug":"duplicated-racoon-engine","status":"publish","type":"page","link":"https:\/\/racoon.network\/?page_id=1695","title":{"rendered":"RACOON Engine"},"content":{"rendered":"\t\t<div data-elementor-type=\"wp-page\" data-elementor-id=\"1695\" class=\"elementor elementor-1695\">\n\t\t\t\t\t\t<section class=\"elementor-section elementor-top-section elementor-element elementor-element-662fd86 elementor-section-boxed elementor-section-height-default elementor-section-height-default\" data-id=\"662fd86\" data-element_type=\"section\" data-e-type=\"section\">\n\t\t\t\t\t\t<div class=\"elementor-container elementor-column-gap-default\">\n\t\t\t\t\t<div class=\"elementor-column elementor-col-100 elementor-top-column elementor-element elementor-element-f9cc702\" data-id=\"f9cc702\" data-element_type=\"column\" data-e-type=\"column\">\n\t\t\t<div class=\"elementor-widget-wrap elementor-element-populated\">\n\t\t\t\t\t\t<div class=\"elementor-element elementor-element-851ef44 elementor-widget elementor-widget-spacer\" data-id=\"851ef44\" data-element_type=\"widget\" data-e-type=\"widget\" data-widget_type=\"spacer.default\">\n\t\t\t\t<div class=\"elementor-widget-container\">\n\t\t\t\t\t\t\t<div class=\"elementor-spacer\">\n\t\t\t<div class=\"elementor-spacer-inner\"><\/div>\n\t\t<\/div>\n\t\t\t\t\t\t<\/div>\n\t\t\t\t<\/div>\n\t\t\t\t<div class=\"elementor-element elementor-element-d693dfc elementor-widget elementor-widget-heading\" data-id=\"d693dfc\" data-element_type=\"widget\" data-e-type=\"widget\" data-widget_type=\"heading.default\">\n\t\t\t\t<div class=\"elementor-widget-container\">\n\t\t\t\t\t<h2 class=\"elementor-heading-title elementor-size-default\">Automatische Bilddatenanalyse in der RACOON-JIP Plattform <\/h2>\t\t\t\t<\/div>\n\t\t\t\t<\/div>\n\t\t\t\t<div class=\"elementor-element elementor-element-2d2aafa elementor-widget elementor-widget-text-editor\" data-id=\"2d2aafa\" data-element_type=\"widget\" data-e-type=\"widget\" data-widget_type=\"text-editor.default\">\n\t\t\t\t<div class=\"elementor-widget-container\">\n\t\t\t\t\t\t\t\t\t<p>\u00a0<\/p><p>Die M\u00f6glichkeit zur f\u00f6derierten Datenanalyse und Verarbeitung wird durch die JIP (DKTK <a href=\"https:\/\/jip.dktk.dkfz.de\/jiphomepage\/\" target=\"_blank\" rel=\"noopener\">Joint Imaging Plattform<\/a>) in RACOON eingebracht. Die JIP wird lokal, innerhalb des Kliniknetzwerkes, installiert. Das modulare und container-basierte System erm\u00f6glicht die Verbindung als DICOM-Knoten mit den lokalen PACS-Systemen und bietet eine webbasierte Nutzerschnittstelle f\u00fcr die Bildbetrachtung und -annotation sowie die Durchf\u00fchrung komplexer Datenanalyse-Workflows.<\/p><p><br \/>Diese Workflows umfassen u.a. KI-Anwendungen zur Segmentierung und Berechnungen von Radiomics-Parametern, k\u00f6nnen aber auch komplette Werkzeuge wie beispielsweise MITK orchestrieren. Die JIP baut auf modernsten open source Komponenten auf, die sich als Industriestandard durchgesetzt haben. Die Integration von bestehenden Initiativen wie <a href=\"http:\/\/openmined.org\" target=\"_blank\" rel=\"noopener\">OpenMined<\/a> und <a href=\"http:\/\/monai.io\" target=\"_blank\" rel=\"noopener\">MONAI<\/a> erm\u00f6glicht ein einfaches und sicheres f\u00f6deriertes Training sowie die Anwendung von AI-Modellen f\u00fcr anspruchsvolle Datenanalyse-Workflows.<\/p>\t\t\t\t\t\t\t\t<\/div>\n\t\t\t\t<\/div>\n\t\t\t\t<div class=\"elementor-element elementor-element-ba7ee54 elementor-widget elementor-widget-image\" data-id=\"ba7ee54\" data-element_type=\"widget\" data-e-type=\"widget\" data-widget_type=\"image.default\">\n\t\t\t\t<div class=\"elementor-widget-container\">\n\t\t\t\t\t\t\t\t\t\t\t\t<figure class=\"wp-caption\">\n\t\t\t\t\t\t\t\t\t\t<img fetchpriority=\"high\" decoding=\"async\" width=\"687\" height=\"393\" src=\"https:\/\/racoon.network\/wp-content\/uploads\/2021\/03\/engine1.jpg\" class=\"attachment-full size-full wp-image-1700\" alt=\"\" srcset=\"https:\/\/racoon.network\/wp-content\/uploads\/2021\/03\/engine1.jpg 687w, https:\/\/racoon.network\/wp-content\/uploads\/2021\/03\/engine1-300x172.jpg 300w, https:\/\/racoon.network\/wp-content\/uploads\/2021\/03\/engine1-600x343.jpg 600w\" sizes=\"(max-width: 687px) 100vw, 687px\" \/>\t\t\t\t\t\t\t\t\t\t\t<figcaption class=\"widget-image-caption wp-caption-text\">Grafik 1: Exemplarische nnU-Net Segmentierungen verschiedenster anatomischer Strukturen.<\/figcaption>\n\t\t\t\t\t\t\t\t\t\t<\/figure>\n\t\t\t\t\t\t\t\t\t<\/div>\n\t\t\t\t<\/div>\n\t\t\t\t<div class=\"elementor-element elementor-element-1642a62 elementor-widget elementor-widget-text-editor\" data-id=\"1642a62\" data-element_type=\"widget\" data-e-type=\"widget\" data-widget_type=\"text-editor.default\">\n\t\t\t\t<div class=\"elementor-widget-container\">\n\t\t\t\t\t\t\t\t\t<p>Im Rahmen von RACOON wird die Joint Imaging Platform als generische Plattform zur automatischen Bilddaten-Segmentierung und -Quantifizierung dienen. Zur Segmenterung wird die JIP hierzu Trainings- und Inferenzm\u00f6glichkeiten f\u00fcr nnU-Net, die aktuell f\u00fchrende Methode im Bereich der automatischen Segmentierung von medizinischen Bilddaten, liefern.<\/p><p>nnU-Net ist eine generische Segmentierungsmethode die in der Lage ist sich automatisch auf neue Aufgaben anzupassen und sich selbst zu konfigurieren, einschlie\u00dflich Vorverarbeitung, Netzwerkarchitektur, Training und Nachbearbeitung. Die Methode zeichnet sich weiter dadurch aus dass sie besonders robust gegen\u00fcber variablen Eingabedaten ist und h\u00f6chst performant in einer Vielzahl von verschiedenen Segmentierungsaufgaben l\u00f6sen kann (siehe Grafik 1 und Grafik 2). Diese Eigenschaften machen die Methode ideal f\u00fcr den Einsatz in einem multizentrischen Szenario wie RACOON in dem robuste automatische Segmentierungen einer gro\u00dfen Anzahl von Datens\u00e4tzen ein zentrales Element darstellen.<\/p><p>Zur Quantifizierung der mit nnU-Net segmentierten Strukturen und Pathologien stellt die JIP die Radiomics Methode zur Verf\u00fcgung. Hierbei werden automatisch eine Vielzahl von Bild-basierten Merkmalen berechnet dann statistisch ausgewertet werden k\u00f6nnen, z.B. um den Schweregrad einer Erkrankung zu bestimmen oder einen m\u00f6glichen Krankheitsverlauf vorherzusagen.<\/p><p>Die JIP wird lokal in den RACOON Nodes an jedem Standort alle empfangene Bilddaten der RACOON Kohorte verarbeiten. Die JIP stellt weiter entsprechende Workflows zum Training von nnU- Net sowie f\u00fcr die Radiomics Quantifizierung zur Verf\u00fcgung. Ein besonders erw\u00e4hnenswerter Aspekt hierbei ist, dass die JIP sogenanntes f\u00f6deriertes Training von Methoden erlaubt. Hierdurch k\u00f6nnen die an den Standorten verteilt vorliegenden Daten, die aus Datenschutzrechtlichen Gr\u00fcnden nicht zentral gesammelt werden k\u00f6nnen, dennoch dezentral ausgewertet werden und die Ergebnisse flie\u00dfen in einem optimierten KI Modell zusammen welches auf den Daten aller Standorte basiert.<\/p><p>Das der JIP zugrunde liegende System (Kaapana) ist \u00f6ffentlich verf\u00fcgbar, modular aufgebaut und basiert auf modernsten private-cloud Technologien die eine sichere und standardisierte Ausf\u00fchrung von Analysemethoden erm\u00f6glicht und es den einzelnen RACOON Standorten au\u00dferdem erlaubt, auf einfachem Wege eigene Analyse und Datenverarbeitungsmethoden an allen Standorten des RACOON Netzwerkes einzusetzen.<\/p>\t\t\t\t\t\t\t\t<\/div>\n\t\t\t\t<\/div>\n\t\t\t\t<div class=\"elementor-element elementor-element-904818c elementor-widget elementor-widget-image\" data-id=\"904818c\" data-element_type=\"widget\" data-e-type=\"widget\" data-widget_type=\"image.default\">\n\t\t\t\t<div class=\"elementor-widget-container\">\n\t\t\t\t\t\t\t\t\t\t\t\t<figure class=\"wp-caption\">\n\t\t\t\t\t\t\t\t\t\t<img decoding=\"async\" width=\"887\" height=\"289\" src=\"https:\/\/racoon.network\/wp-content\/uploads\/2021\/03\/engine2.png\" class=\"attachment-full size-full wp-image-1702\" alt=\"\" srcset=\"https:\/\/racoon.network\/wp-content\/uploads\/2021\/03\/engine2.png 887w, https:\/\/racoon.network\/wp-content\/uploads\/2021\/03\/engine2-300x98.png 300w, https:\/\/racoon.network\/wp-content\/uploads\/2021\/03\/engine2-768x250.png 768w, https:\/\/racoon.network\/wp-content\/uploads\/2021\/03\/engine2-600x195.png 600w\" sizes=\"(max-width: 887px) 100vw, 887px\" \/>\t\t\t\t\t\t\t\t\t\t\t<figcaption class=\"widget-image-caption wp-caption-text\">Grafik 2: Illustration der Robustheit der nnU-Net Methode (rote Punkte) auf verschiedensten Datens\u00e4tzen im Vergleich zu Konkurrenzmethoden (graue Punkte). Bei den Diagrammen handelt es sich um Ergebnisse verschiedener internationaler Segmentierungswettbewerbe, von denen nnU-Net bei einem Gro\u00dfteil den ersten Platz belegte und immer exzellent abschnitt.<\/figcaption>\n\t\t\t\t\t\t\t\t\t\t<\/figure>\n\t\t\t\t\t\t\t\t\t<\/div>\n\t\t\t\t<\/div>\n\t\t\t\t<div class=\"elementor-element elementor-element-4decdde elementor-widget-divider--view-line elementor-widget elementor-widget-divider\" data-id=\"4decdde\" data-element_type=\"widget\" data-e-type=\"widget\" data-widget_type=\"divider.default\">\n\t\t\t\t<div class=\"elementor-widget-container\">\n\t\t\t\t\t\t\t<div class=\"elementor-divider\">\n\t\t\t<span class=\"elementor-divider-separator\">\n\t\t\t\t\t\t<\/span>\n\t\t<\/div>\n\t\t\t\t\t\t<\/div>\n\t\t\t\t<\/div>\n\t\t\t\t<div class=\"elementor-element elementor-element-1e56bef elementor-widget elementor-widget-heading\" data-id=\"1e56bef\" data-element_type=\"widget\" data-e-type=\"widget\" data-widget_type=\"heading.default\">\n\t\t\t\t<div class=\"elementor-widget-container\">\n\t\t\t\t\t<h2 class=\"elementor-heading-title elementor-size-default\">Semi-automatische und interaktive Segmentierung von Strukturen in der RACOON-SATORI Plattform<\/h2>\t\t\t\t<\/div>\n\t\t\t\t<\/div>\n\t\t\t\t<div class=\"elementor-element elementor-element-f0ce25c elementor-widget elementor-widget-text-editor\" data-id=\"f0ce25c\" data-element_type=\"widget\" data-e-type=\"widget\" data-widget_type=\"text-editor.default\">\n\t\t\t\t<div class=\"elementor-widget-container\">\n\t\t\t\t\t\t\t\t\t<p>\u00a0<\/p><p>Die von Fraunhofer MEVIS entwickelten RACOON <a href=\"https:\/\/www.mevis.fraunhofer.de\/de\/research-and-technologies\/werkzeuge-fuer-ki-kollaborationen.html\" target=\"_blank\" rel=\"noopener\">SATORI<\/a>-Plattform kann auf allen RACOON-NODES genutzt werden und erlaubt eine effiziente Segmentierung von Lungenstrukturen und Pathologien auf CT-Daten (Grafik SATORI-1).<\/p><p><br \/><span style=\"font-size: 16px;\">Die eingebundenen, trainierten neuronalen Netzwerke segmentieren automatisch anatomische Strukturen (Lungen, Lungenlappen, Bronchien und Gef\u00e4\u00dfe) und Pathologien (Milchglastr\u00fcbungen und Konsolidierungen).\u00a0Ein speziell an die Anforderungen des RACOON-Konsortiums angepasster Workflow leitet die Benutzer:innen durch die Segmentierung eines Lungen-CTs. Der erste Schritt ist jeweils die Segmentierung der gesamten Lunge, welche die Basis f\u00fcr alle weiteren Strukturen stellt. BenutzerInnen k\u00f6nnen die durch KI automatisch erstellten Lungenmasken akzeptieren oder nachbessern. F\u00fcr letzteres stellt SATORI interaktive Werkzeugen zur Verf\u00fcgung.\u00a0Besonders der Interpolationsmechanismus hat sich als ein effizientes Hilfsmittel herausgestellt, da die BenutzerInnen hiermit nicht mehr auf jeder von mehreren hundert CT-Schichten korrigieren m\u00fcssen, sondern zum Beispiel nur auf jeder 10. Schicht.Nach der Segmentierung der gesamten Lunge folgen weitere anatomische Strukturen und alle im RACOON Konsortium definierten Lungenpathologien. In der SATORI Konfiguration ist hinterlegt, welche Pathologien sich ausschlie\u00dflich innerhalb bzw. au\u00dferhalb der Lunge befinden. Wird eine Struktur, die nur innerhalb der Lunge existiert, \u00fcber die Lungenr\u00e4nder hinaus gezeichnet, wird alles au\u00dferhalb der Lunge automatisch gel\u00f6scht.\u00a0Diese Funktion spart NutzerInnen viel Zeit bei der Segmentierung.<\/span><\/p>\t\t\t\t\t\t\t\t<\/div>\n\t\t\t\t<\/div>\n\t\t\t\t<div class=\"elementor-element elementor-element-fe4f61f elementor-widget elementor-widget-image\" data-id=\"fe4f61f\" data-element_type=\"widget\" data-e-type=\"widget\" data-widget_type=\"image.default\">\n\t\t\t\t<div class=\"elementor-widget-container\">\n\t\t\t\t\t\t\t\t\t\t\t\t<figure class=\"wp-caption\">\n\t\t\t\t\t\t\t\t\t\t<img decoding=\"async\" width=\"1919\" height=\"969\" src=\"https:\/\/racoon.network\/wp-content\/uploads\/2021\/12\/RACOON-SATORI_Screenshot.png\" class=\"attachment-full size-full wp-image-3375\" alt=\"\" srcset=\"https:\/\/racoon.network\/wp-content\/uploads\/2021\/12\/RACOON-SATORI_Screenshot.png 1919w, https:\/\/racoon.network\/wp-content\/uploads\/2021\/12\/RACOON-SATORI_Screenshot-300x151.png 300w, https:\/\/racoon.network\/wp-content\/uploads\/2021\/12\/RACOON-SATORI_Screenshot-1024x517.png 1024w, https:\/\/racoon.network\/wp-content\/uploads\/2021\/12\/RACOON-SATORI_Screenshot-768x388.png 768w, https:\/\/racoon.network\/wp-content\/uploads\/2021\/12\/RACOON-SATORI_Screenshot-1536x776.png 1536w, https:\/\/racoon.network\/wp-content\/uploads\/2021\/12\/RACOON-SATORI_Screenshot-600x303.png 600w\" sizes=\"(max-width: 1919px) 100vw, 1919px\" \/>\t\t\t\t\t\t\t\t\t\t\t<figcaption class=\"widget-image-caption wp-caption-text\">Grafik SATORI-2: Eine interaktive 3D-Visualisierung erm\u00f6glicht einen r\u00e4umlichen \u00dcberblick \u00fcber Anatomie und Pathologien. Einzelne Strukturen lassen sich individuell ein- und ausblenden.<\/figcaption>\n\t\t\t\t\t\t\t\t\t\t<\/figure>\n\t\t\t\t\t\t\t\t\t<\/div>\n\t\t\t\t<\/div>\n\t\t\t\t<div class=\"elementor-element elementor-element-27bf9bb elementor-widget elementor-widget-text-editor\" data-id=\"27bf9bb\" data-element_type=\"widget\" data-e-type=\"widget\" data-widget_type=\"text-editor.default\">\n\t\t\t\t<div class=\"elementor-widget-container\">\n\t\t\t\t\t\t\t\t\t<p>\u00a0<\/p><p>SATORI basiert auf einer Server-Client Architektur. W\u00e4hrend das System in den Kliniken auf einem leistungsstarken Server mit GPU l\u00e4uft, k\u00f6nnen BenutzerInnen \u00fcber einen Browser auf ihren Desktop-PCs, Notebooks oder Tablets gemeinsam auf den Daten arbeiten. Der Import von CT-Daten und der Export der Segmentierungen erfolgt im DICOM-Standard und wurde in enger Zusammenarbeit mit den anderen technischen Partnern des RACOON Projektes optimiert.<\/p><p>SATORI ist hochgradig konfigurierbar und erweiterbar und kann dadurch leicht an individuelle Annotationsaufgaben angepasst werden. BenutzerInnen k\u00f6nnen zwischen verschiedenen Aufteilungen des Darstellungsbereichs (H\u00e4ngungen) und Layouts w\u00e4hlen sowie Strukturen ein- und ausblenden. SATORI erm\u00f6glicht den Export von annotierten Screenshots der 2D-Ansichten sowie der 3D Visualisierung (Grafik SATORI-2). Ein Report fasst die Ergebnisse der quantitativen Analyse zusammen.<\/p>\t\t\t\t\t\t\t\t<\/div>\n\t\t\t\t<\/div>\n\t\t\t\t<div class=\"elementor-element elementor-element-5315c4f elementor-widget-divider--view-line elementor-widget elementor-widget-divider\" data-id=\"5315c4f\" data-element_type=\"widget\" data-e-type=\"widget\" data-widget_type=\"divider.default\">\n\t\t\t\t<div class=\"elementor-widget-container\">\n\t\t\t\t\t\t\t<div class=\"elementor-divider\">\n\t\t\t<span class=\"elementor-divider-separator\">\n\t\t\t\t\t\t<\/span>\n\t\t<\/div>\n\t\t\t\t\t\t<\/div>\n\t\t\t\t<\/div>\n\t\t\t\t<div class=\"elementor-element elementor-element-d2bdb70 elementor-widget elementor-widget-heading\" data-id=\"d2bdb70\" data-element_type=\"widget\" data-e-type=\"widget\" data-widget_type=\"heading.default\">\n\t\t\t\t<div class=\"elementor-widget-container\">\n\t\t\t\t\t<h2 class=\"elementor-heading-title elementor-size-default\">Dashboard &amp; Qualit\u00e4tsmanagement<\/h2>\t\t\t\t<\/div>\n\t\t\t\t<\/div>\n\t\t\t\t<div class=\"elementor-element elementor-element-aaf8254 elementor-widget elementor-widget-image\" data-id=\"aaf8254\" data-element_type=\"widget\" data-e-type=\"widget\" data-widget_type=\"image.default\">\n\t\t\t\t<div class=\"elementor-widget-container\">\n\t\t\t\t\t\t\t\t\t\t\t\t<figure class=\"wp-caption\">\n\t\t\t\t\t\t\t\t\t\t<img loading=\"lazy\" decoding=\"async\" width=\"2418\" height=\"1358\" src=\"https:\/\/racoon.network\/wp-content\/uploads\/2021\/03\/dashboard.jpg\" class=\"attachment-full size-full wp-image-1720\" alt=\"\" srcset=\"https:\/\/racoon.network\/wp-content\/uploads\/2021\/03\/dashboard.jpg 2418w, https:\/\/racoon.network\/wp-content\/uploads\/2021\/03\/dashboard-300x168.jpg 300w, https:\/\/racoon.network\/wp-content\/uploads\/2021\/03\/dashboard-1024x575.jpg 1024w, https:\/\/racoon.network\/wp-content\/uploads\/2021\/03\/dashboard-768x431.jpg 768w, https:\/\/racoon.network\/wp-content\/uploads\/2021\/03\/dashboard-1536x863.jpg 1536w, https:\/\/racoon.network\/wp-content\/uploads\/2021\/03\/dashboard-2048x1150.jpg 2048w, https:\/\/racoon.network\/wp-content\/uploads\/2021\/03\/dashboard-600x337.jpg 600w\" sizes=\"(max-width: 2418px) 100vw, 2418px\" \/>\t\t\t\t\t\t\t\t\t\t\t<figcaption class=\"widget-image-caption wp-caption-text\">Grafik TUDA-1: \u00dcberblick \u00fcber das Qualit\u00e4tssicherungs- und Monitoringkonzept.<\/figcaption>\n\t\t\t\t\t\t\t\t\t\t<\/figure>\n\t\t\t\t\t\t\t\t\t<\/div>\n\t\t\t\t<\/div>\n\t\t\t\t<div class=\"elementor-element elementor-element-f47460c elementor-widget elementor-widget-text-editor\" data-id=\"f47460c\" data-element_type=\"widget\" data-e-type=\"widget\" data-widget_type=\"text-editor.default\">\n\t\t\t\t<div class=\"elementor-widget-container\">\n\t\t\t\t\t\t\t\t\t<p>\u00a0<\/p><p>Die <a href=\"https:\/\/www.informatik.tu-darmstadt.de\/gris\/startseite_1\/index.de.jsp\" target=\"_blank\" rel=\"noopener\">TU Darmstadt<\/a> arbeitet im Rahmen des RACOON Projekts an der Entwicklung eines Verfahrens zur automatischen Qualit\u00e4tssicherung, sowie der Entwicklung eines Visualisierungs-Dashboards zur Anzeige und Analyse von Statistiken. Um die Integrit\u00e4t der RACOON-Daten zu sch\u00fctzen, werden alle Metriken lokal in den einzelnen Standorten berechnet. Aggregierte Werte werden an den zentralen Knoten weitergeleitet und in der Visualisierungs-Dashboards angezeigt, die als JIP-Erweiterung implementiert ist.<\/p>\t\t\t\t\t\t\t\t<\/div>\n\t\t\t\t<\/div>\n\t\t\t\t<div class=\"elementor-element elementor-element-1102afd elementor-widget elementor-widget-image\" data-id=\"1102afd\" data-element_type=\"widget\" data-e-type=\"widget\" data-widget_type=\"image.default\">\n\t\t\t\t<div class=\"elementor-widget-container\">\n\t\t\t\t\t\t\t\t\t\t\t\t<figure class=\"wp-caption\">\n\t\t\t\t\t\t\t\t\t\t<img loading=\"lazy\" decoding=\"async\" width=\"3584\" height=\"1645\" src=\"https:\/\/racoon.network\/wp-content\/uploads\/2021\/12\/Overview.png\" class=\"attachment-full size-full wp-image-3510\" alt=\"\" srcset=\"https:\/\/racoon.network\/wp-content\/uploads\/2021\/12\/Overview.png 3584w, https:\/\/racoon.network\/wp-content\/uploads\/2021\/12\/Overview-300x138.png 300w, https:\/\/racoon.network\/wp-content\/uploads\/2021\/12\/Overview-1024x470.png 1024w, https:\/\/racoon.network\/wp-content\/uploads\/2021\/12\/Overview-768x353.png 768w, https:\/\/racoon.network\/wp-content\/uploads\/2021\/12\/Overview-1536x705.png 1536w, https:\/\/racoon.network\/wp-content\/uploads\/2021\/12\/Overview-2048x940.png 2048w, https:\/\/racoon.network\/wp-content\/uploads\/2021\/12\/Overview-600x275.png 600w\" sizes=\"(max-width: 3584px) 100vw, 3584px\" \/>\t\t\t\t\t\t\t\t\t\t\t<figcaption class=\"widget-image-caption wp-caption-text\">Grafik TUDA-1: \u00dcberblick \u00fcber das Qualit\u00e4tssicherungs- und Monitoringkonzept.<\/figcaption>\n\t\t\t\t\t\t\t\t\t\t<\/figure>\n\t\t\t\t\t\t\t\t\t<\/div>\n\t\t\t\t<\/div>\n\t\t\t\t<div class=\"elementor-element elementor-element-b1e0017 elementor-widget elementor-widget-text-editor\" data-id=\"b1e0017\" data-element_type=\"widget\" data-e-type=\"widget\" data-widget_type=\"text-editor.default\">\n\t\t\t\t<div class=\"elementor-widget-container\">\n\t\t\t\t\t\t\t\t\t<p>\u00a0<\/p><p>Die Qualit\u00e4tssicherung dient in erster Linie dazu, die im Projekt verarbeiteten Bilddaten und Segmentierungsmasken automatisch zu evaluieren. Besonders f\u00fcr Segmentierungen, die mithilfe von KI-Modellen erzeugt wurden, ist das ein wichtiger Schritt. Die Qualit\u00e4tssicherung kann in diesen F\u00e4llen sicherstellen, dass segmentierte Objekte in sich konsistent sind oder sie anhand von Gr\u00f6\u00dfe und Kontinuit\u00e4t bewerten.<\/p>\t\t\t\t\t\t\t\t<\/div>\n\t\t\t\t<\/div>\n\t\t\t\t<div class=\"elementor-element elementor-element-b6f4d07 elementor-widget elementor-widget-image\" data-id=\"b6f4d07\" data-element_type=\"widget\" data-e-type=\"widget\" data-widget_type=\"image.default\">\n\t\t\t\t<div class=\"elementor-widget-container\">\n\t\t\t\t\t\t\t\t\t\t\t\t\t\t\t<img loading=\"lazy\" decoding=\"async\" width=\"688\" height=\"300\" src=\"https:\/\/racoon.network\/wp-content\/uploads\/2021\/12\/Temporal-view.jpg\" class=\"attachment-full size-full wp-image-3512\" alt=\"\" srcset=\"https:\/\/racoon.network\/wp-content\/uploads\/2021\/12\/Temporal-view.jpg 688w, https:\/\/racoon.network\/wp-content\/uploads\/2021\/12\/Temporal-view-300x131.jpg 300w, https:\/\/racoon.network\/wp-content\/uploads\/2021\/12\/Temporal-view-600x262.jpg 600w\" sizes=\"(max-width: 688px) 100vw, 688px\" \/>\t\t\t\t\t\t\t\t\t\t\t\t\t\t\t<\/div>\n\t\t\t\t<\/div>\n\t\t\t\t<div class=\"elementor-element elementor-element-ba5b6ac elementor-widget elementor-widget-text-editor\" data-id=\"ba5b6ac\" data-element_type=\"widget\" data-e-type=\"widget\" data-widget_type=\"text-editor.default\">\n\t\t\t\t<div class=\"elementor-widget-container\">\n\t\t\t\t\t\t\t\t\tIn einem zweiten Teil wird ein Web-Dashboard zur \u00fcbersichtlichen und strukturierten Visualisierung von Statistiken aller beteiligter Projektstandorte entwickelt. Die darstellbaren Metriken und Indikatoren reichen dabei von einfachen Fallzahlen bis hin zu komplexeren Ma\u00dfen, die die Ergebnisse der Qualit\u00e4tssicherung abbilden.\t\t\t\t\t\t\t\t<\/div>\n\t\t\t\t<\/div>\n\t\t\t\t<div class=\"elementor-element elementor-element-c15e346 elementor-widget elementor-widget-image\" data-id=\"c15e346\" data-element_type=\"widget\" data-e-type=\"widget\" data-widget_type=\"image.default\">\n\t\t\t\t<div class=\"elementor-widget-container\">\n\t\t\t\t\t\t\t\t\t\t\t\t\t\t\t<img loading=\"lazy\" decoding=\"async\" width=\"2411\" height=\"1627\" src=\"https:\/\/racoon.network\/wp-content\/uploads\/2021\/12\/Segmentation-mask-quality-features.png\" class=\"attachment-full size-full wp-image-3511\" alt=\"\" srcset=\"https:\/\/racoon.network\/wp-content\/uploads\/2021\/12\/Segmentation-mask-quality-features.png 2411w, https:\/\/racoon.network\/wp-content\/uploads\/2021\/12\/Segmentation-mask-quality-features-300x202.png 300w, https:\/\/racoon.network\/wp-content\/uploads\/2021\/12\/Segmentation-mask-quality-features-1024x691.png 1024w, https:\/\/racoon.network\/wp-content\/uploads\/2021\/12\/Segmentation-mask-quality-features-768x518.png 768w, https:\/\/racoon.network\/wp-content\/uploads\/2021\/12\/Segmentation-mask-quality-features-1536x1037.png 1536w, https:\/\/racoon.network\/wp-content\/uploads\/2021\/12\/Segmentation-mask-quality-features-2048x1382.png 2048w, https:\/\/racoon.network\/wp-content\/uploads\/2021\/12\/Segmentation-mask-quality-features-600x405.png 600w\" sizes=\"(max-width: 2411px) 100vw, 2411px\" \/>\t\t\t\t\t\t\t\t\t\t\t\t\t\t\t<\/div>\n\t\t\t\t<\/div>\n\t\t\t\t\t<\/div>\n\t\t<\/div>\n\t\t\t\t\t<\/div>\n\t\t<\/section>\n\t\t\t\t<\/div>\n\t\t","protected":false},"excerpt":{"rendered":"<p>Automatische Bilddatenanalyse in der RACOON-JIP Plattform \u00a0 Die M\u00f6glichkeit zur f\u00f6derierten Datenanalyse und Verarbeitung wird durch die JIP (DKTK Joint Imaging Plattform) in RACOON eingebracht. Die JIP wird lokal, innerhalb des Kliniknetzwerkes, installiert. Das modulare und container-basierte System erm\u00f6glicht die Verbindung als DICOM-Knoten mit den lokalen PACS-Systemen und bietet eine &hellip;<\/p>\n<p class=\"read-more\"> <a class=\"\" href=\"https:\/\/racoon.network\/?page_id=1695\"> <span class=\"screen-reader-text\">RACOON Engine<\/span>Read More &raquo;<\/a><\/p>\n","protected":false},"author":1,"featured_media":0,"parent":0,"menu_order":0,"comment_status":"closed","ping_status":"closed","template":"elementor_theme","meta":{"inline_featured_image":false,"footnotes":""},"class_list":["post-1695","page","type-page","status-publish","hentry"],"pbg_featured_image_src":{"full":false,"thumbnail":false,"medium":false,"medium_large":false,"large":false,"leap-image-100x100":false,"1536x1536":false,"2048x2048":false},"pbg_author_info":{"display_name":"admin","author_link":"https:\/\/racoon.network\/?author=1","author_img":"<img alt='admin' src='https:\/\/secure.gravatar.com\/avatar\/8931e98758e400caba5ef80ef255d639487b3d190ea2bc1f3e8bc8317605a2a5?s=128&#038;d=mm&#038;r=g' srcset='https:\/\/secure.gravatar.com\/avatar\/8931e98758e400caba5ef80ef255d639487b3d190ea2bc1f3e8bc8317605a2a5?s=256&#038;d=mm&#038;r=g 2x' class='avatar avatar-128 photo' height='128' width='128' decoding='async'\/>"},"pbg_comment_info":" No Comments","pbg_excerpt":"Automatische Bilddatenanalyse in der RACOON-JIP Plattform \u00a0 Die M\u00f6glichkeit zur f\u00f6derierten Datenanalyse und Verarbeitung wird durch die JIP (DKTK Joint Imaging Plattform) in RACOON eingebracht. Die JIP wird lokal, innerhalb des Kliniknetzwerkes, installiert. Das modulare und container-basierte System erm\u00f6glicht die Verbindung als DICOM-Knoten mit den lokalen PACS-Systemen und bietet eine &hellip; RACOON EngineRead More &raquo;","_links":{"self":[{"href":"https:\/\/racoon.network\/index.php?rest_route=\/wp\/v2\/pages\/1695","targetHints":{"allow":["GET"]}}],"collection":[{"href":"https:\/\/racoon.network\/index.php?rest_route=\/wp\/v2\/pages"}],"about":[{"href":"https:\/\/racoon.network\/index.php?rest_route=\/wp\/v2\/types\/page"}],"author":[{"embeddable":true,"href":"https:\/\/racoon.network\/index.php?rest_route=\/wp\/v2\/users\/1"}],"replies":[{"embeddable":true,"href":"https:\/\/racoon.network\/index.php?rest_route=%2Fwp%2Fv2%2Fcomments&post=1695"}],"version-history":[{"count":105,"href":"https:\/\/racoon.network\/index.php?rest_route=\/wp\/v2\/pages\/1695\/revisions"}],"predecessor-version":[{"id":7671,"href":"https:\/\/racoon.network\/index.php?rest_route=\/wp\/v2\/pages\/1695\/revisions\/7671"}],"wp:attachment":[{"href":"https:\/\/racoon.network\/index.php?rest_route=%2Fwp%2Fv2%2Fmedia&parent=1695"}],"curies":[{"name":"wp","href":"https:\/\/api.w.org\/{rel}","templated":true}]}}