{"id":1725,"date":"2021-03-22T15:39:04","date_gmt":"2021-03-22T15:39:04","guid":{"rendered":"https:\/\/racoon.network\/?page_id=1725"},"modified":"2024-05-15T09:45:42","modified_gmt":"2024-05-15T09:45:42","slug":"duplicated-racoon-knowledge","status":"publish","type":"page","link":"https:\/\/racoon.network\/?page_id=1725","title":{"rendered":"RACOON Knowledge"},"content":{"rendered":"\t\t<div data-elementor-type=\"wp-page\" data-elementor-id=\"1725\" class=\"elementor elementor-1725\">\n\t\t\t\t\t\t<section class=\"elementor-section elementor-top-section elementor-element elementor-element-92e4461 elementor-section-boxed elementor-section-height-default elementor-section-height-default\" data-id=\"92e4461\" data-element_type=\"section\" data-e-type=\"section\">\n\t\t\t\t\t\t<div class=\"elementor-container elementor-column-gap-default\">\n\t\t\t\t\t<div class=\"elementor-column elementor-col-100 elementor-top-column elementor-element elementor-element-bc7e944\" data-id=\"bc7e944\" data-element_type=\"column\" data-e-type=\"column\">\n\t\t\t<div class=\"elementor-widget-wrap elementor-element-populated\">\n\t\t\t\t\t\t<div class=\"elementor-element elementor-element-2d2aafa elementor-widget elementor-widget-text-editor\" data-id=\"2d2aafa\" data-element_type=\"widget\" data-e-type=\"widget\" data-widget_type=\"text-editor.default\">\n\t\t\t\t<div class=\"elementor-widget-container\">\n\t\t\t\t\t\t\t\t\t<p dir=\"ltr\">\u00a0<\/p><p dir=\"ltr\" style=\"line-height: 1.2; background-color: #fcfcfc; margin-top: 0pt; margin-bottom: 0pt;\">W\u00e4hrend der Pandemie hat sich gezeigt, dass schnelle und fokussierte Wissensvermittlung eine elementare Grundlage der Krisenbew\u00e4ltigung ist. Die Informationen m\u00fcssen dabei hohen Anforderungen gen\u00fcgen.<\/p>\t\t\t\t\t\t\t\t<\/div>\n\t\t\t\t<\/div>\n\t\t\t\t<div class=\"elementor-element elementor-element-3f4566b elementor-invisible elementor-widget elementor-widget-image\" data-id=\"3f4566b\" data-element_type=\"widget\" data-e-type=\"widget\" data-settings=\"{&quot;_animation&quot;:&quot;fadeIn&quot;}\" data-widget_type=\"image.default\">\n\t\t\t\t<div class=\"elementor-widget-container\">\n\t\t\t\t\t\t\t\t\t\t\t\t\t\t\t<img fetchpriority=\"high\" decoding=\"async\" width=\"1024\" height=\"576\" src=\"https:\/\/racoon.network\/wp-content\/uploads\/2021\/12\/ap34-1024x576.png\" class=\"attachment-large size-large wp-image-3464\" alt=\"\" srcset=\"https:\/\/racoon.network\/wp-content\/uploads\/2021\/12\/ap34-1024x576.png 1024w, https:\/\/racoon.network\/wp-content\/uploads\/2021\/12\/ap34-300x169.png 300w, https:\/\/racoon.network\/wp-content\/uploads\/2021\/12\/ap34-768x432.png 768w, https:\/\/racoon.network\/wp-content\/uploads\/2021\/12\/ap34-1536x864.png 1536w, https:\/\/racoon.network\/wp-content\/uploads\/2021\/12\/ap34-2048x1152.png 2048w, https:\/\/racoon.network\/wp-content\/uploads\/2021\/12\/ap34-600x338.png 600w\" sizes=\"(max-width: 1024px) 100vw, 1024px\" \/>\t\t\t\t\t\t\t\t\t\t\t\t\t\t\t<\/div>\n\t\t\t\t<\/div>\n\t\t\t\t<div class=\"elementor-element elementor-element-192be5e elementor-widget elementor-widget-text-editor\" data-id=\"192be5e\" data-element_type=\"widget\" data-e-type=\"widget\" data-widget_type=\"text-editor.default\">\n\t\t\t\t<div class=\"elementor-widget-container\">\n\t\t\t\t\t\t\t\t\t<p dir=\"ltr\" style=\"line-height: 1.2; background-color: #fcfcfc; margin-top: 0pt; margin-bottom: 0pt;\">Das Ziel des Arbeitspaketes ist die Identifikation dieser Inhalte, deren Vermittlung und die F\u00f6rderung des gemeinsamen Erfahrungsaustauschs &#8211; sowohl zwischen Kliniken, Fachdisziplinen als auch Forschungsprojekten. Der Fokus liegt auf krankheits- und krisenspezifischen Informationen und Inhalten, als auch organisatorischen Aspekte eines systematischen Krisenmanagements. Das Arbeitspaket Pandemic Preparedness &amp; Wissensvermittlung besteht aus mehreren, komplement\u00e4ren Bausteinen.<\/p><p dir=\"ltr\" style=\"line-height: 1.2; background-color: #fcfcfc; margin-top: 0pt; margin-bottom: 0pt;\"><span style=\"font-size: 16px; font-weight: 400; background-color: transparent; color: #2c2c2c; font-family: 'Tw Cen MT'; white-space: pre-wrap;\">\u00a0<\/span><\/p><ul><li>Evaluation und Erstellung Pandemie-bezogener Best-Practice-Empfehlungen f\u00fcr radiologische Abteilungen und Organisationen.Etablierung von Kommunikationsstrukturen zwischen radiologischen und anderen medizinischen Abteilungen. <br \/><br \/><\/li><li>Konzeption und proof-of-concept einer telemedizinischen und radiologischen Konsultationsplattform unter Nutzung der RACOON Infrastruktur <br \/><br \/><\/li><li>Etablierung von Kommunikationsstrukturen zwischen radiologischen und anderen medizinischen Abteilungen.<br \/><br \/><\/li><li>Ausbau und Weiterentwicklung einer E-Learning-Plattform (,,conrad\u2019\u2019 Plattform der Deutschen R\u00f6ntgengesellschaft) f\u00fcr k\u00fcnftige Krisensituationen.<\/li><\/ul>\t\t\t\t\t\t\t\t<\/div>\n\t\t\t\t<\/div>\n\t\t\t\t<div class=\"elementor-element elementor-element-1cdb9f5 elementor-invisible elementor-widget elementor-widget-image\" data-id=\"1cdb9f5\" data-element_type=\"widget\" data-e-type=\"widget\" data-settings=\"{&quot;_animation&quot;:&quot;fadeIn&quot;}\" data-widget_type=\"image.default\">\n\t\t\t\t<div class=\"elementor-widget-container\">\n\t\t\t\t\t\t\t\t\t\t\t\t\t\t\t<img decoding=\"async\" width=\"8000\" height=\"4500\" src=\"https:\/\/racoon.network\/wp-content\/uploads\/2021\/12\/Best-Practice.png\" class=\"attachment-full size-full wp-image-3469\" alt=\"\" srcset=\"https:\/\/racoon.network\/wp-content\/uploads\/2021\/12\/Best-Practice.png 8000w, https:\/\/racoon.network\/wp-content\/uploads\/2021\/12\/Best-Practice-300x169.png 300w, https:\/\/racoon.network\/wp-content\/uploads\/2021\/12\/Best-Practice-1024x576.png 1024w, https:\/\/racoon.network\/wp-content\/uploads\/2021\/12\/Best-Practice-768x432.png 768w, https:\/\/racoon.network\/wp-content\/uploads\/2021\/12\/Best-Practice-1536x864.png 1536w, https:\/\/racoon.network\/wp-content\/uploads\/2021\/12\/Best-Practice-2048x1152.png 2048w, https:\/\/racoon.network\/wp-content\/uploads\/2021\/12\/Best-Practice-600x338.png 600w\" sizes=\"(max-width: 8000px) 100vw, 8000px\" \/>\t\t\t\t\t\t\t\t\t\t\t\t\t\t\t<\/div>\n\t\t\t\t<\/div>\n\t\t\t\t<div class=\"elementor-element elementor-element-a0e7d65 elementor-invisible elementor-widget elementor-widget-image\" data-id=\"a0e7d65\" data-element_type=\"widget\" data-e-type=\"widget\" data-settings=\"{&quot;_animation&quot;:&quot;fadeIn&quot;}\" data-widget_type=\"image.default\">\n\t\t\t\t<div class=\"elementor-widget-container\">\n\t\t\t\t\t\t\t\t\t\t\t\t\t\t\t<img decoding=\"async\" width=\"1024\" height=\"576\" src=\"https:\/\/racoon.network\/wp-content\/uploads\/2021\/12\/Consultation-1024x576.png\" class=\"attachment-large size-large wp-image-3477\" alt=\"\" srcset=\"https:\/\/racoon.network\/wp-content\/uploads\/2021\/12\/Consultation-1024x576.png 1024w, https:\/\/racoon.network\/wp-content\/uploads\/2021\/12\/Consultation-300x169.png 300w, https:\/\/racoon.network\/wp-content\/uploads\/2021\/12\/Consultation-768x432.png 768w, https:\/\/racoon.network\/wp-content\/uploads\/2021\/12\/Consultation-1536x864.png 1536w, https:\/\/racoon.network\/wp-content\/uploads\/2021\/12\/Consultation-2048x1152.png 2048w, https:\/\/racoon.network\/wp-content\/uploads\/2021\/12\/Consultation-600x338.png 600w\" sizes=\"(max-width: 1024px) 100vw, 1024px\" \/>\t\t\t\t\t\t\t\t\t\t\t\t\t\t\t<\/div>\n\t\t\t\t<\/div>\n\t\t\t\t\t<\/div>\n\t\t<\/div>\n\t\t\t\t\t<\/div>\n\t\t<\/section>\n\t\t\t\t<\/div>\n\t\t","protected":false},"excerpt":{"rendered":"<p>\u00a0 W\u00e4hrend der Pandemie hat sich gezeigt, dass schnelle und fokussierte Wissensvermittlung eine elementare Grundlage der Krisenbew\u00e4ltigung ist. Die Informationen m\u00fcssen dabei hohen Anforderungen gen\u00fcgen. Das Ziel des Arbeitspaketes ist die Identifikation dieser Inhalte, deren Vermittlung und die F\u00f6rderung des gemeinsamen Erfahrungsaustauschs &#8211; sowohl zwischen Kliniken, Fachdisziplinen als auch Forschungsprojekten. &hellip;<\/p>\n<p class=\"read-more\"> <a class=\"\" href=\"https:\/\/racoon.network\/?page_id=1725\"> <span class=\"screen-reader-text\">RACOON Knowledge<\/span>Read More &raquo;<\/a><\/p>\n","protected":false},"author":1,"featured_media":0,"parent":0,"menu_order":0,"comment_status":"closed","ping_status":"closed","template":"elementor_theme","meta":{"inline_featured_image":false,"footnotes":""},"class_list":["post-1725","page","type-page","status-publish","hentry"],"pbg_featured_image_src":{"full":false,"thumbnail":false,"medium":false,"medium_large":false,"large":false,"leap-image-100x100":false,"1536x1536":false,"2048x2048":false},"pbg_author_info":{"display_name":"admin","author_link":"https:\/\/racoon.network\/?author=1","author_img":"<img alt='admin' src='https:\/\/secure.gravatar.com\/avatar\/8931e98758e400caba5ef80ef255d639487b3d190ea2bc1f3e8bc8317605a2a5?s=128&#038;d=mm&#038;r=g' srcset='https:\/\/secure.gravatar.com\/avatar\/8931e98758e400caba5ef80ef255d639487b3d190ea2bc1f3e8bc8317605a2a5?s=256&#038;d=mm&#038;r=g 2x' class='avatar avatar-128 photo' height='128' width='128' decoding='async'\/>"},"pbg_comment_info":" No Comments","pbg_excerpt":"\u00a0 W\u00e4hrend der Pandemie hat sich gezeigt, dass schnelle und fokussierte Wissensvermittlung eine elementare Grundlage der Krisenbew\u00e4ltigung ist. Die Informationen m\u00fcssen dabei hohen Anforderungen gen\u00fcgen. Das Ziel des Arbeitspaketes ist die Identifikation dieser Inhalte, deren Vermittlung und die F\u00f6rderung des gemeinsamen Erfahrungsaustauschs &#8211; sowohl zwischen Kliniken, Fachdisziplinen als auch Forschungsprojekten. &hellip; RACOON KnowledgeRead More &raquo;","_links":{"self":[{"href":"https:\/\/racoon.network\/index.php?rest_route=\/wp\/v2\/pages\/1725","targetHints":{"allow":["GET"]}}],"collection":[{"href":"https:\/\/racoon.network\/index.php?rest_route=\/wp\/v2\/pages"}],"about":[{"href":"https:\/\/racoon.network\/index.php?rest_route=\/wp\/v2\/types\/page"}],"author":[{"embeddable":true,"href":"https:\/\/racoon.network\/index.php?rest_route=\/wp\/v2\/users\/1"}],"replies":[{"embeddable":true,"href":"https:\/\/racoon.network\/index.php?rest_route=%2Fwp%2Fv2%2Fcomments&post=1725"}],"version-history":[{"count":84,"href":"https:\/\/racoon.network\/index.php?rest_route=\/wp\/v2\/pages\/1725\/revisions"}],"predecessor-version":[{"id":7674,"href":"https:\/\/racoon.network\/index.php?rest_route=\/wp\/v2\/pages\/1725\/revisions\/7674"}],"wp:attachment":[{"href":"https:\/\/racoon.network\/index.php?rest_route=%2Fwp%2Fv2%2Fmedia&parent=1725"}],"curies":[{"name":"wp","href":"https:\/\/api.w.org\/{rel}","templated":true}]}}