{"id":4436,"date":"2023-02-03T15:36:07","date_gmt":"2023-02-03T15:36:07","guid":{"rendered":"https:\/\/racoon.network\/?page_id=4436"},"modified":"2025-05-12T12:21:31","modified_gmt":"2025-05-12T12:21:31","slug":"forschungsprojekte","status":"publish","type":"page","link":"https:\/\/racoon.network\/?page_id=4436","title":{"rendered":"Forschungsprojekte"},"content":{"rendered":"\t\t<div data-elementor-type=\"wp-page\" data-elementor-id=\"4436\" class=\"elementor elementor-4436\">\n\t\t\t\t\t\t<section class=\"elementor-section elementor-top-section elementor-element elementor-element-7072a1a elementor-section-boxed elementor-section-height-default elementor-section-height-default\" data-id=\"7072a1a\" data-element_type=\"section\" data-e-type=\"section\">\n\t\t\t\t\t\t<div class=\"elementor-container elementor-column-gap-default\">\n\t\t\t\t\t<div class=\"elementor-column elementor-col-100 elementor-top-column elementor-element elementor-element-d45f469\" data-id=\"d45f469\" data-element_type=\"column\" data-e-type=\"column\">\n\t\t\t<div class=\"elementor-widget-wrap elementor-element-populated\">\n\t\t\t\t\t\t<div class=\"elementor-element elementor-element-81ec81e elementor-widget__width-initial elementor-widget elementor-widget-spacer\" data-id=\"81ec81e\" data-element_type=\"widget\" data-e-type=\"widget\" data-widget_type=\"spacer.default\">\n\t\t\t\t<div class=\"elementor-widget-container\">\n\t\t\t\t\t\t\t<div class=\"elementor-spacer\">\n\t\t\t<div class=\"elementor-spacer-inner\"><\/div>\n\t\t<\/div>\n\t\t\t\t\t\t<\/div>\n\t\t\t\t<\/div>\n\t\t\t\t<div class=\"elementor-element elementor-element-9a7d684 elementor-widget__width-initial elementor-widget elementor-widget-text-editor\" data-id=\"9a7d684\" data-element_type=\"widget\" data-e-type=\"widget\" data-widget_type=\"text-editor.default\">\n\t\t\t\t<div class=\"elementor-widget-container\">\n\t\t\t\t\t\t\t\t\t<p class=\"p1\">RACOON stellt das Modul der Bildgebungsplattform innerhalb des NUMs (Netzwerk Universit\u00e4tsmedizin) zur Verf\u00fcgung.<\/p>\t\t\t\t\t\t\t\t<\/div>\n\t\t\t\t<\/div>\n\t\t\t\t<div class=\"elementor-element elementor-element-a0feebd elementor-widget__width-initial elementor-widget elementor-widget-image\" data-id=\"a0feebd\" data-element_type=\"widget\" data-e-type=\"widget\" data-widget_type=\"image.default\">\n\t\t\t\t<div class=\"elementor-widget-container\">\n\t\t\t\t\t\t\t\t\t\t\t\t\t\t\t<img decoding=\"async\" src=\"https:\/\/racoon.network\/wp-content\/uploads\/elementor\/thumbs\/RACOON_Forschungsprojekte_Visual-q1mgkzdolekpbvcuoeuirsqx378db1c1f1oz1d1uye.jpg\" title=\"RACOON_Forschungsprojekte_Visual\" alt=\"RACOON_Forschungsprojekte_Visual\" loading=\"lazy\" \/>\t\t\t\t\t\t\t\t\t\t\t\t\t\t\t<\/div>\n\t\t\t\t<\/div>\n\t\t\t\t<div class=\"elementor-element elementor-element-5e1b213 elementor-widget__width-initial elementor-widget elementor-widget-spacer\" data-id=\"5e1b213\" data-element_type=\"widget\" data-e-type=\"widget\" data-widget_type=\"spacer.default\">\n\t\t\t\t<div class=\"elementor-widget-container\">\n\t\t\t\t\t\t\t<div class=\"elementor-spacer\">\n\t\t\t<div class=\"elementor-spacer-inner\"><\/div>\n\t\t<\/div>\n\t\t\t\t\t\t<\/div>\n\t\t\t\t<\/div>\n\t\t\t\t<div class=\"elementor-element elementor-element-2ddb63f elementor-widget__width-initial elementor-widget elementor-widget-text-editor\" data-id=\"2ddb63f\" data-element_type=\"widget\" data-e-type=\"widget\" data-widget_type=\"text-editor.default\">\n\t\t\t\t<div class=\"elementor-widget-container\">\n\t\t\t\t\t\t\t\t\t<p style=\"font-weight: 400;\">RACOON erm\u00f6glicht kollaborative Forschungsvorhaben, indem es eine umfassende Softwareumgebung zur Extraktion von strukturierten bildbasierten Datenprodukten aus Bildgebungsstudien aufrechterh\u00e4lt. RACOON fu\u00dft auf einem einzigartigen hybriden Netzwerkinfrastrukturkonzept, welches verteilte Hardwareknoten an jeder Universit\u00e4tsklinik und eine cloudbasierte, zentrale Umgebung beinhaltet. Hiermit k\u00f6nnen sowohl f\u00f6derierte Analysen als auch zentrale Auswertung von aggregierten\u00a0Datens\u00e4tzen vorgenommen werden. RACOON stellt hiermit, als strukturbildende Komponente, eine Bilddatenanalyseplattform mit Schwerpunkten auf strukturierter Datenerhebung und KI-Entwicklung dar. Die Beschaffenheit des Netzwerkinfrastrukturkonzeptes erm\u00f6glicht auch die Bereitstellung\u00a0<span style=\"font-size: 16px; font-weight: 400; background-color: var( --e-global-color-326a4e1 );\">homogener Datenerhebungs- und Analysemethoden an allen Projektpartnerstandorten. Gleichzeitig k\u00f6nnen Erkenntnisse und Methoden von einem Partnerstandort schnell \u00fcber das gesamte Projektnetzwerk disseminiert werden. \u00dcber die B\u00fcndelung von Projektmitarbeitern in Expertengruppen kann radiologisches Fachwissen und Expertenwissen in bildbasierten KI-Technologien mit praktischen Anforderungen von \u00e4rztlichen und wissenschaftlichen Mitarbeitern aus der Patientenversorgung zusammengebracht werden und in die effiziente Ausgestaltung der Projektmodule einflie\u00dfen. Die so entstandenen Methoden und Ressourcen flie\u00dfen \u00fcber Anwendungsf\u00e4lle in die Patientenversorgung, sowie \u00fcber kollaborative Ans\u00e4tze in die gemeinsamen Projekte des gesamten NUM Verbundes zur\u00fcck.<\/span><\/p>\t\t\t\t\t\t\t\t<\/div>\n\t\t\t\t<\/div>\n\t\t\t\t<div class=\"elementor-element elementor-element-3958e40 elementor-widget__width-initial elementor-widget elementor-widget-spacer\" data-id=\"3958e40\" data-element_type=\"widget\" data-e-type=\"widget\" data-widget_type=\"spacer.default\">\n\t\t\t\t<div class=\"elementor-widget-container\">\n\t\t\t\t\t\t\t<div class=\"elementor-spacer\">\n\t\t\t<div class=\"elementor-spacer-inner\"><\/div>\n\t\t<\/div>\n\t\t\t\t\t\t<\/div>\n\t\t\t\t<\/div>\n\t\t\t\t<section class=\"elementor-section elementor-inner-section elementor-element elementor-element-345b98e elementor-section-boxed elementor-section-height-default elementor-section-height-default\" data-id=\"345b98e\" data-element_type=\"section\" data-e-type=\"section\">\n\t\t\t\t\t\t<div class=\"elementor-container elementor-column-gap-default\">\n\t\t\t\t\t<div class=\"elementor-column elementor-col-33 elementor-inner-column elementor-element elementor-element-cf24b89\" data-id=\"cf24b89\" data-element_type=\"column\" data-e-type=\"column\">\n\t\t\t<div class=\"elementor-widget-wrap\">\n\t\t\t\t\t\t\t<\/div>\n\t\t<\/div>\n\t\t\t\t<div class=\"elementor-column elementor-col-33 elementor-inner-column elementor-element elementor-element-e2088b2\" data-id=\"e2088b2\" data-element_type=\"column\" data-e-type=\"column\">\n\t\t\t<div class=\"elementor-widget-wrap elementor-element-populated\">\n\t\t\t\t\t\t<div class=\"elementor-element elementor-element-8d7609a elementor-align-justify elementor-widget elementor-widget-button\" data-id=\"8d7609a\" data-element_type=\"widget\" data-e-type=\"widget\" data-widget_type=\"button.default\">\n\t\t\t\t<div class=\"elementor-widget-container\">\n\t\t\t\t\t\t\t\t\t<div class=\"elementor-button-wrapper\">\n\t\t\t\t\t<a class=\"elementor-button elementor-button-link elementor-size-md elementor-animation-grow\" href=\"\/?page_id=4444\">\n\t\t\t\t\t\t<span class=\"elementor-button-content-wrapper\">\n\t\t\t\t\t\t\t\t\t<span class=\"elementor-button-text\">RACOON RECO<\/span>\n\t\t\t\t\t<\/span>\n\t\t\t\t\t<\/a>\n\t\t\t\t<\/div>\n\t\t\t\t\t\t\t\t<\/div>\n\t\t\t\t<\/div>\n\t\t\t\t<div class=\"elementor-element elementor-element-f086029 elementor-align-justify elementor-widget__width-inherit elementor-widget elementor-widget-button\" data-id=\"f086029\" data-element_type=\"widget\" data-e-type=\"widget\" data-widget_type=\"button.default\">\n\t\t\t\t<div class=\"elementor-widget-container\">\n\t\t\t\t\t\t\t\t\t<div class=\"elementor-button-wrapper\">\n\t\t\t\t\t<a class=\"elementor-button elementor-button-link elementor-size-md elementor-animation-grow\" href=\"\/?page_id=4633\">\n\t\t\t\t\t\t<span class=\"elementor-button-content-wrapper\">\n\t\t\t\t\t\t\t\t\t<span class=\"elementor-button-text\">RACOON COMBINE<\/span>\n\t\t\t\t\t<\/span>\n\t\t\t\t\t<\/a>\n\t\t\t\t<\/div>\n\t\t\t\t\t\t\t\t<\/div>\n\t\t\t\t<\/div>\n\t\t\t\t<div class=\"elementor-element elementor-element-42091b1 elementor-align-justify elementor-widget__width-inherit elementor-widget elementor-widget-button\" data-id=\"42091b1\" data-element_type=\"widget\" data-e-type=\"widget\" data-widget_type=\"button.default\">\n\t\t\t\t<div class=\"elementor-widget-container\">\n\t\t\t\t\t\t\t\t\t<div class=\"elementor-button-wrapper\">\n\t\t\t\t\t<a class=\"elementor-button elementor-button-link elementor-size-md elementor-animation-grow\" href=\"\/?page_id=7049\">\n\t\t\t\t\t\t<span class=\"elementor-button-content-wrapper\">\n\t\t\t\t\t\t\t\t\t<span class=\"elementor-button-text\">RACOON DecAIde<\/span>\n\t\t\t\t\t<\/span>\n\t\t\t\t\t<\/a>\n\t\t\t\t<\/div>\n\t\t\t\t\t\t\t\t<\/div>\n\t\t\t\t<\/div>\n\t\t\t\t<div class=\"elementor-element elementor-element-4ec991b elementor-align-justify elementor-widget__width-inherit elementor-widget elementor-widget-button\" data-id=\"4ec991b\" data-element_type=\"widget\" data-e-type=\"widget\" data-widget_type=\"button.default\">\n\t\t\t\t<div class=\"elementor-widget-container\">\n\t\t\t\t\t\t\t\t\t<div class=\"elementor-button-wrapper\">\n\t\t\t\t\t<a class=\"elementor-button elementor-button-link elementor-size-md elementor-animation-grow\" href=\"\/?page_id=8146\">\n\t\t\t\t\t\t<span class=\"elementor-button-content-wrapper\">\n\t\t\t\t\t\t\t\t\t<span class=\"elementor-button-text\">RACOON FADEN<\/span>\n\t\t\t\t\t<\/span>\n\t\t\t\t\t<\/a>\n\t\t\t\t<\/div>\n\t\t\t\t\t\t\t\t<\/div>\n\t\t\t\t<\/div>\n\t\t\t\t<div class=\"elementor-element elementor-element-9903fb8 elementor-align-justify elementor-widget__width-inherit elementor-widget elementor-widget-button\" data-id=\"9903fb8\" data-element_type=\"widget\" data-e-type=\"widget\" data-widget_type=\"button.default\">\n\t\t\t\t<div class=\"elementor-widget-container\">\n\t\t\t\t\t\t\t\t\t<div class=\"elementor-button-wrapper\">\n\t\t\t\t\t<a class=\"elementor-button elementor-button-link elementor-size-md elementor-animation-grow\" href=\"\/?page_id=8120\">\n\t\t\t\t\t\t<span class=\"elementor-button-content-wrapper\">\n\t\t\t\t\t\t\t\t\t<span class=\"elementor-button-text\">RACOON RESCUE<\/span>\n\t\t\t\t\t<\/span>\n\t\t\t\t\t<\/a>\n\t\t\t\t<\/div>\n\t\t\t\t\t\t\t\t<\/div>\n\t\t\t\t<\/div>\n\t\t\t\t\t<\/div>\n\t\t<\/div>\n\t\t\t\t<div class=\"elementor-column elementor-col-33 elementor-inner-column elementor-element elementor-element-d64dac5\" data-id=\"d64dac5\" data-element_type=\"column\" data-e-type=\"column\">\n\t\t\t<div class=\"elementor-widget-wrap\">\n\t\t\t\t\t\t\t<\/div>\n\t\t<\/div>\n\t\t\t\t\t<\/div>\n\t\t<\/section>\n\t\t\t\t<div class=\"elementor-element elementor-element-a0f87d5 elementor-widget__width-initial elementor-widget elementor-widget-spacer\" data-id=\"a0f87d5\" data-element_type=\"widget\" data-e-type=\"widget\" data-widget_type=\"spacer.default\">\n\t\t\t\t<div class=\"elementor-widget-container\">\n\t\t\t\t\t\t\t<div class=\"elementor-spacer\">\n\t\t\t<div class=\"elementor-spacer-inner\"><\/div>\n\t\t<\/div>\n\t\t\t\t\t\t<\/div>\n\t\t\t\t<\/div>\n\t\t\t\t<div class=\"elementor-element elementor-element-9c23df0 elementor-widget__width-initial elementor-widget-divider--view-line elementor-widget elementor-widget-divider\" data-id=\"9c23df0\" data-element_type=\"widget\" data-e-type=\"widget\" data-widget_type=\"divider.default\">\n\t\t\t\t<div class=\"elementor-widget-container\">\n\t\t\t\t\t\t\t<div class=\"elementor-divider\">\n\t\t\t<span class=\"elementor-divider-separator\">\n\t\t\t\t\t\t<\/span>\n\t\t<\/div>\n\t\t\t\t\t\t<\/div>\n\t\t\t\t<\/div>\n\t\t\t\t\t<\/div>\n\t\t<\/div>\n\t\t\t\t\t<\/div>\n\t\t<\/section>\n\t\t\t\t<\/div>\n\t\t","protected":false},"excerpt":{"rendered":"<p>RACOON stellt das Modul der Bildgebungsplattform innerhalb des NUMs (Netzwerk Universit\u00e4tsmedizin) zur Verf\u00fcgung. RACOON erm\u00f6glicht kollaborative Forschungsvorhaben, indem es eine umfassende Softwareumgebung zur Extraktion von strukturierten bildbasierten Datenprodukten aus Bildgebungsstudien aufrechterh\u00e4lt. RACOON fu\u00dft auf einem einzigartigen hybriden Netzwerkinfrastrukturkonzept, welches verteilte Hardwareknoten an jeder Universit\u00e4tsklinik und eine cloudbasierte, zentrale Umgebung beinhaltet. &hellip;<\/p>\n<p class=\"read-more\"> <a class=\"\" href=\"https:\/\/racoon.network\/?page_id=4436\"> <span class=\"screen-reader-text\">Forschungsprojekte<\/span>Read More &raquo;<\/a><\/p>\n","protected":false},"author":1,"featured_media":0,"parent":0,"menu_order":0,"comment_status":"closed","ping_status":"closed","template":"","meta":{"inline_featured_image":false,"footnotes":""},"class_list":["post-4436","page","type-page","status-publish","hentry"],"pbg_featured_image_src":{"full":false,"thumbnail":false,"medium":false,"medium_large":false,"large":false,"leap-image-100x100":false,"1536x1536":false,"2048x2048":false},"pbg_author_info":{"display_name":"admin","author_link":"https:\/\/racoon.network\/?author=1","author_img":"<img alt='admin' src='https:\/\/secure.gravatar.com\/avatar\/8931e98758e400caba5ef80ef255d639487b3d190ea2bc1f3e8bc8317605a2a5?s=128&#038;d=mm&#038;r=g' srcset='https:\/\/secure.gravatar.com\/avatar\/8931e98758e400caba5ef80ef255d639487b3d190ea2bc1f3e8bc8317605a2a5?s=256&#038;d=mm&#038;r=g 2x' class='avatar avatar-128 photo' height='128' width='128' decoding='async'\/>"},"pbg_comment_info":" No Comments","pbg_excerpt":"RACOON stellt das Modul der Bildgebungsplattform innerhalb des NUMs (Netzwerk Universit\u00e4tsmedizin) zur Verf\u00fcgung. RACOON erm\u00f6glicht kollaborative Forschungsvorhaben, indem es eine umfassende Softwareumgebung zur Extraktion von strukturierten bildbasierten Datenprodukten aus Bildgebungsstudien aufrechterh\u00e4lt. RACOON fu\u00dft auf einem einzigartigen hybriden Netzwerkinfrastrukturkonzept, welches verteilte Hardwareknoten an jeder Universit\u00e4tsklinik und eine cloudbasierte, zentrale Umgebung beinhaltet. &hellip; ForschungsprojekteRead More &raquo;","_links":{"self":[{"href":"https:\/\/racoon.network\/index.php?rest_route=\/wp\/v2\/pages\/4436","targetHints":{"allow":["GET"]}}],"collection":[{"href":"https:\/\/racoon.network\/index.php?rest_route=\/wp\/v2\/pages"}],"about":[{"href":"https:\/\/racoon.network\/index.php?rest_route=\/wp\/v2\/types\/page"}],"author":[{"embeddable":true,"href":"https:\/\/racoon.network\/index.php?rest_route=\/wp\/v2\/users\/1"}],"replies":[{"embeddable":true,"href":"https:\/\/racoon.network\/index.php?rest_route=%2Fwp%2Fv2%2Fcomments&post=4436"}],"version-history":[{"count":69,"href":"https:\/\/racoon.network\/index.php?rest_route=\/wp\/v2\/pages\/4436\/revisions"}],"predecessor-version":[{"id":9049,"href":"https:\/\/racoon.network\/index.php?rest_route=\/wp\/v2\/pages\/4436\/revisions\/9049"}],"wp:attachment":[{"href":"https:\/\/racoon.network\/index.php?rest_route=%2Fwp%2Fv2%2Fmedia&parent=4436"}],"curies":[{"name":"wp","href":"https:\/\/api.w.org\/{rel}","templated":true}]}}