{"id":6121,"date":"2023-05-15T07:40:25","date_gmt":"2023-05-15T07:40:25","guid":{"rendered":"https:\/\/racoon.network\/?page_id=6121"},"modified":"2023-06-22T06:21:35","modified_gmt":"2023-06-22T06:21:35","slug":"magdeburg-ovgu-ummd-reco","status":"publish","type":"page","link":"https:\/\/racoon.network\/?page_id=6121","title":{"rendered":"Magdeburg &#8211; OVGU\/UMMD &#8211; RECO"},"content":{"rendered":"\t\t<div data-elementor-type=\"wp-page\" data-elementor-id=\"6121\" class=\"elementor elementor-6121\">\n\t\t\t\t\t\t<section class=\"elementor-section elementor-top-section elementor-element elementor-element-4e236075 elementor-section-boxed elementor-section-height-default elementor-section-height-default\" data-id=\"4e236075\" data-element_type=\"section\" data-e-type=\"section\">\n\t\t\t\t\t\t<div class=\"elementor-container elementor-column-gap-default\">\n\t\t\t\t\t<div class=\"elementor-column elementor-col-100 elementor-top-column elementor-element elementor-element-74a940b1\" data-id=\"74a940b1\" data-element_type=\"column\" data-e-type=\"column\">\n\t\t\t<div class=\"elementor-widget-wrap elementor-element-populated\">\n\t\t\t\t\t\t<div class=\"elementor-element elementor-element-1614380 elementor-widget elementor-widget-text-editor\" data-id=\"1614380\" data-element_type=\"widget\" data-e-type=\"widget\" data-widget_type=\"text-editor.default\">\n\t\t\t\t<div class=\"elementor-widget-container\">\n\t\t\t\t\t\t\t\t\t<p style=\"text-align: center;\"><b data-stringify-type=\"bold\">Information nach Art. 13, 14, 26 DS-GVO<\/b><\/p><p><b>RACOON<\/b><\/p><p>Unser Klinikum nimmt an dem deutschlandweiten Projekt RACOON (RECO) teil. RACOON (RECO) ist ein, vom Bundesministerium f\u00fcr Bildung und Forschung gef\u00f6rdertes, Projekt zur Entwicklung von Bildanalyseverfahren und <span style=\"font-size: medium;\">k\u00fcnstliche<\/span><span style=\"font-size: medium;\">r<\/span>Intelligenz zum besseren Verst\u00e4ndnis von COVID-19 und \u00e4hnlichen Erkrankungen. Es soll helfen, die Diagnostik und Therapieentscheidungen im Management von COVID-19 und verwandten Erkrankungen zu verbessern.<\/p><p>RACOON ist eine Forschungsinfrastruktur, die auf einem einzigartigen hybriden Netzwerkinfrastrukturkonzept aufbaut. Mithilfe der RACOON Infrastruktur soll es Forschenden erm\u00f6glicht werden, Forschungsprojekte mit mehreren Universit\u00e4tskliniken gemeinsam durchzuf\u00fchren, um daraus belastbare Erkenntnisse f\u00fcr die Verbesserung der Krankenversorgung abzuleiten. RACOON besteht aus bundesweit verteilten Hardwareknoten an jeder Universit\u00e4tsklinik (<b>RACOON-NODEs<\/b>) und einer zentralen Umgebung am Universit\u00e4tsklinikum Essen (<b>RACOON- <\/b><b>CENTRAL<\/b>). Durch die erstmalige Anbindung aller universit\u00e4tsmedizinischen Institute in Deutschland entsteht die M\u00f6glichkeit zu gro\u00dffl\u00e4chigen, bundesweiten Forschungsprojekten, welche bisher nicht umsetzbare Forschung m\u00f6glich machen. So k\u00f6nnen Wirkmechanismen von Erkrankungen, relevante Einflussfaktoren auf deren Verl\u00e4ufe untersucht werden und Erkenntnisse zu Risikofaktoren vulnerabler Patientengruppen und der Wirksamkeit von Therapieans\u00e4tzen abgeleitet werden. Mit RACOON k\u00f6nnen Forschungsprojekte mit innovativen Ans\u00e4tzen durchgef\u00fchrt werden, f\u00fcr die bisher der Zugang zu ausreichend gro\u00dfen und gut aufgearbeiteten Patientenkohorten fehlte; mittelbar flie\u00dfen die Ergebnisse erfolgreicher Studien in das Gesundheitswesen zur\u00fcck und verbessern die Behandlungsqualit\u00e4t jedes einzelnen Patienten.<\/p><p>Weitere Informationen zu RACOON finden Sie unter <span style=\"color: #0563c1;\">https:\/\/racoon.network\/<\/span><span style=\"color: #000000;\">.<\/span><\/p><p><span style=\"color: #000000;\">Wir, das Universit\u00e4tsklinikum Magdeburg, und die<\/span> <span style=\"color: #000000;\">im Folgenden unter 1. Genannten Stellen <\/span><span style=\"color: #000000;\">(<\/span><span style=\"color: #000000;\"><b>Projektpartner<\/b><\/span><span style=\"color: #000000;\">) f\u00fchren das Projekt RACOON durch. <\/span><span style=\"color: #000000;\">F\u00fcr RACOON verarbeiten wir<\/span> <span style=\"color: #000000;\">Ihre Daten, die wir im<\/span> <span style=\"color: #000000;\">Rahmen Ihrer Behandlung bei<\/span> <span style=\"color: #000000;\">uns erhoben haben. <\/span><span style=\"color: #000000;\">Vor der Verwendung f\u00fcr RACOON werden<\/span> <span style=\"color: #000000;\">zun\u00e4chst die identifizierenden Attribute (Name, <\/span><span style=\"color: #000000;\">Geburtsdatum, Adresse usw.) aus Ihrem Datensatz entfernt und die verbleibenden Daten im Rahmen <\/span><span style=\"color: #000000;\">eines aufw\u00e4ndigen Verfahrens in unserer RACOO<\/span><span style=\"color: #000000;\">N<\/span><span style=\"color: #000000;\">-NODE unumkehrbar verhasht,<\/span> <span style=\"color: #000000;\">sodass ein <\/span><span style=\"color: #000000;\">R\u00fcckschluss auf Ihre Identit\u00e4t anhand des verbleibenden Datensatzes nicht m\u00f6glich ist. Aufgrund des <\/span><span style=\"color: #000000;\">eingesetzten<\/span> <span style=\"color: #000000;\">Verfahrens<\/span> <span style=\"color: #000000;\">behandeln<\/span> <span style=\"color: #000000;\">wir<\/span> <span style=\"color: #000000;\">diese<\/span> <span style=\"color: #000000;\">Daten<\/span> <span style=\"color: #000000;\">als<\/span> <span style=\"color: #000000;\">anonymisiert<\/span><span style=\"color: #000000;\">.<\/span><span style=\"color: #000000;\"><sup><span style=\"font-size: xx-small;\">1 <\/span><\/sup><\/span><span style=\"color: #000000;\">Anschlie\u00dfend<\/span> <span style=\"color: #000000;\">werden<\/span> <span style=\"color: #000000;\">die<\/span> <span style=\"color: #000000;\">Daten <\/span>in RACOON-CENTRAL hochgeladen und unseren Subprojektpartnern freigegeben und von uns und unseren Subprojektpartnern zur Durchf\u00fchrung von RACOON Subprojekten f\u00fcr wissenschaftliche Auswertungen und Analysen verarbeitet. Ihre Daten werden von den Subprojektpartnern nicht aus RACOON-CENTRAL heruntergeladen oder lokal gespeichert. Unsere Projektpartner geben uns f\u00fcr RACOON Subprojekte ebenfalls anonymisierte Daten ihrer Patienten \u00fcber RACOON-CENTRAL frei.<\/p><p style=\"padding-left: 40px;\"><b>1. Wer sind die Verantwortlichen und Datenschutzbeauftragten?<\/b><\/p><p style=\"padding-left: 80px;\">Wir, und die im Folgenden genannten Stellen, arbeiten in dem RACOON Projekt eng zusammen. Aufgrund der Zusammenarbeit verarbeiten wir Ihre personenbezogenen Daten auch teilweise gemeinsam. Zur Gew\u00e4hrleistung Ihrer Rechte und unter Ber\u00fccksichtigung der Vorgaben der EU-Datenschutz- Grundverordnung (DS-GVO) haben wir eine Vereinbarung geschlossen, die Regeln zur Verarbeitung Ihrer personenbezogenen Daten aufstellt. Als sog. Gemeinsame Verantwortliche (nach Art. 26 DS- GVO) sind wir gemeinsam f\u00fcr die Verarbeitung Ihrer Daten verantwortlich.<\/p><p style=\"padding-left: 80px;\">Verantwortliche gem. Art. 4 Abs. 7 DS-GVO sind<\/p><p style=\"padding-left: 80px;\"><strong>Universit\u00e4tsklinikum Magdeburg<\/strong><br \/>Universit\u00e4tsklinik f\u00fcr Radiologie und Nuklearmedizin<br \/>Klinikdirektor: Prof. Dr. Maciej Pech<br \/>Dr. Maximilian Thormann<\/p><p style=\"padding-left: 80px;\"><strong>Universit\u00e4tsklinik f\u00fcr Neuroradiologie<\/strong><br \/>Klinikdirektor: Prof. Dr. Daniel Behme<br \/>Dr. Stefan Klebingat<br \/>Leipziger Str. 44<br \/>39120 Magdeburg<\/p><p style=\"padding-left: 80px;\"><strong>Datenintegrationszentrum der Universit\u00e4tsmedizin Magdeburg<\/strong><br \/>Gesch\u00e4ftsf\u00fchrende Leitung : Dr. Tim Herrmann<br \/>Leipziger Str. 44<br \/>39120 Magdeburg<\/p><p style=\"padding-left: 80px;\">und die weiteren Projektpartner. Eine Liste aller Projektpartner k\u00f6nnen Sie unserer Projektwebseite entnehmen (<span style=\"color: #000080; font-family: arial, helvetica, sans-serif;\"><span lang=\"zxx\"><u><a href=\"https:\/\/racoon.network\/\"><span lang=\"de-DE\">https:\/\/racoon.network\/<\/span><\/a><\/u><\/span><\/span><span style=\"color: #000000;\">). <\/span><\/p><p style=\"padding-left: 80px;\">Unsere Datenschutzbeauftragten der Universit\u00e4tsmedizin Magdeburg erreichen Sie unter<\/p><p style=\"padding-left: 80px;\"><strong>Universit\u00e4tsklinikum Magdeburg A.\u00f6.R.<\/strong><br \/>Stabsstelle Recht<br \/>Leipziger Stra\u00dfe 44<br \/>39120 Magdeburg<br \/>Haus 18<br \/><i>Email: <\/i><span style=\"color: #0563c1;\"><i>datenschutz@med.ovgu.de<\/i><\/span><\/p><p style=\"padding-left: 40px;\"><span style=\"color: #000000;\"><b>2. Zu welchem Zweck und nach welcher Rechtsgrundlage werden die Daten verarbeitet?<\/b><\/span><\/p><p style=\"padding-left: 80px;\"><span style=\"color: #000000;\">Wir und unsere Subprojektpartner verarbeiten die<\/span> <span style=\"color: #000000;\">Daten zum Zwecke der Durchf\u00fchrung des<\/span> <span style=\"color: #000000;\">RACOON <\/span><span style=\"color: #000000;\">Subprojekts. Rechtsgrundlage ist Art. 6 Abs. 1 lit. e bzw. f, Art. 9 Abs. 2 lit. j D<\/span><span style=\"color: #000000;\">S<\/span><span style=\"color: #000000;\">-GVO i.V.m. den f\u00fcr die <\/span><span style=\"color: #000000;\">Projektpartner einschl\u00e4gigen (landes-)rechtlichen Vorschriften.<\/span><\/p><p style=\"padding-left: 40px;\"><span style=\"color: #000000;\"><b>3. Welche Kategorien von Daten werden verarbeitet?<\/b><\/span><\/p><p style=\"padding-left: 80px;\"><span style=\"color: #000000;\">Wir verarbeiten im Rahmen des RACOON-Projekts Ihre pseudonymisierten Behandlungsdaten. Hierzu <\/span><span style=\"color: #000000;\">geh\u00f6ren eine gehashte (verschl\u00fcsselte) Patiente<\/span><span style=\"color: #000000;\">n<\/span><span style=\"color: #000000;\">-ID sowie medizinische Daten, wie medizinische <\/span><span style=\"color: #000000;\">Bilddaten (CT- und R\u00f6ntgenaufnahmen)<\/span> <span style=\"color: #000000;\">und deren Metainformationen, anamnestische <\/span><span style=\"color: #000000;\">Informationen, Arztbriefe und Diagnosen, Laborwerte, Ergebnisse histologischer, mikrobiologischer, <\/span><span style=\"color: #000000;\">virologischer und pathologischer Untersuchungen, Krankheitsverl\u00e4ufe, Vitalparameter und Outcome <\/span><span style=\"color: #000000;\">Parameter, Messwerte oder statistische Auswertungen, welche auf<\/span> <span style=\"color: #000000;\">Basis der medizinischen <\/span><span style=\"color: #000000;\">Bilddatens\u00e4tze<\/span> <span style=\"color: #000000;\">und<\/span> <span style=\"color: #000000;\">komplement\u00e4ren<\/span> <span style=\"color: #000000;\">Datens\u00e4tzen<\/span> <span style=\"color: #000000;\">erstellt werden.<\/span> <span style=\"color: #000000;\">Dies<\/span> <span style=\"color: #000000;\">umfasst<\/span> <span style=\"color: #000000;\">besondere<\/span> <span style=\"color: #000000;\">Kategorien <\/span><span style=\"color: #000000;\">personenbezogener Daten i.S.d. Art. 9 Abs. 1 DS-GVO, n\u00e4mlich Gesundheitsdaten i.S.d. Art. 4 Nr. 15 <\/span><span style=\"color: #000000;\">DS-GVO.<\/span><\/p><p style=\"padding-left: 40px;\"><span style=\"color: #000000;\"><b>4. Wer sind die Empf\u00e4nger der Daten?<\/b><\/span><\/p><p style=\"padding-left: 80px;\"><span style=\"color: #000000;\">Ihre Daten werden streng zweckgebunden und nur<\/span> <span style=\"color: #000000;\">im notwendigen Umfang im Rahmen einer <\/span><span style=\"color: #000000;\">Auftragsverarbeitung an<\/span> <span style=\"color: #000000;\">unseren IT-<\/span> <span style=\"color: #000000;\">und Hostingdienstleister,<\/span> <span style=\"color: #000000;\">die Mint<\/span> <span style=\"color: #000000;\">Medical GmbH,<\/span> <span style=\"color: #000000;\">weitergeleitet. <\/span><span style=\"color: #000000;\">Au\u00dferdem erhalten unsere Projektpartner Zugang zu den freigegebenen Daten in RACOON-CENTRAL.<\/span><\/p><p style=\"padding-left: 40px;\"><span style=\"color: #000000;\"><b>5. Wie lange werden die Daten gespeichert?<\/b><\/span><\/p><p style=\"padding-left: 80px;\"><span style=\"color: #000000;\">Ihre<\/span> <span style=\"color: #000000;\">Daten<\/span> <span style=\"color: #000000;\">werden<\/span> <span style=\"color: #000000;\">so<\/span> <span style=\"color: #000000;\">lange<\/span> <span style=\"color: #000000;\">gespeichert,<\/span> <span style=\"color: #000000;\">wie<\/span> <span style=\"color: #000000;\">wir<\/span> <span style=\"color: #000000;\">sie<\/span> <span style=\"color: #000000;\">zur<\/span> <span style=\"color: #000000;\">Durchf\u00fchrung<\/span> <span style=\"color: #000000;\">des<\/span> <span style=\"color: #000000;\">RACOON<\/span> <span style=\"color: #000000;\">Projekts<\/span> <span style=\"color: #000000;\">ben\u00f6tigen. <\/span><span style=\"color: #000000;\">Das RACOON Projekt ist nach aktuellem Projektstand bis Ende 2024 angelegt. Danach werden Ihre <\/span><span style=\"color: #000000;\">Daten im Rahmen der uns obliegenden Aufbewahrungsfristen (in der Regel bis zu 10 Jahre) in unserer <\/span><span style=\"color: #000000;\">RACOON-NODE und<\/span> <span style=\"color: #000000;\">in RACOON-CENTRAL<\/span> <span style=\"color: #000000;\">gespeichert. Sofern<\/span> <span style=\"color: #000000;\">wir Ihre<\/span> <span style=\"color: #000000;\">Daten nicht<\/span> <span style=\"color: #000000;\">im Rahmen<\/span> <span style=\"color: #000000;\">anderer <\/span><span style=\"color: #000000;\">Forschungsprojekte verwenden oder<\/span> <span style=\"color: #000000;\">aufgrund daraus resultierender Aufbewahrungsfristen<\/span> <span style=\"color: #000000;\">speichern <\/span><span style=\"color: #000000;\">m\u00fcssen, werden Ihre Daten im Anschluss gel\u00f6scht.<\/span><\/p><p style=\"padding-left: 40px;\"><span style=\"color: #000000;\"><b>6. Woher stammen die Daten?<\/b><\/span><\/p><p style=\"padding-left: 80px;\"><span style=\"color: #000000;\">Wir verarbeiten ausschlie\u00dflich Daten, die wir von unseren Patienten im Rahmen der Routin<\/span><span style=\"color: #000000;\">e-<\/span><span style=\"color: #000000;\">Behandlung erhoben haben. Wir verarbeiten auch die anonymisierten Daten von Patienten unserer <\/span><span style=\"color: #000000;\">Subprojektpartner.<\/span><\/p><p style=\"padding-left: 40px;\"><b>7. Rechte<\/b><\/p><p style=\"padding-left: 80px;\">Als von der Datenverarbeitung betroffene Person stehen Ihnen folgende Rechte zu, sofern diese nicht aufgrund eines Gesetzes eingeschr\u00e4nkt sind:<\/p><p style=\"padding-left: 120px;\">\u2022Recht auf Auskunft<br \/>\u2022Recht auf Berichtigung<br \/>\u2022Recht auf L\u00f6schung<br \/>\u2022Recht auf Einschr\u00e4nkung der Verarbeitung<br \/>\u2022Recht auf Daten\u00fcbertragbarkeit<br \/>\u2022Recht auf Widerspruch<\/p><p style=\"padding-left: 80px;\">Sie haben das Recht, sich bei einer Aufsichtsbeh\u00f6rde zu beschweren.<\/p><p style=\"padding-left: 80px;\">Die f\u00fcr uns zust\u00e4ndige Aufsichtsbeh\u00f6rde ist der <b>Hessische <\/b>Beauftragte f\u00fcr <b>Datenschutz <\/b>und Informationsfreiheit (HBDI).<\/p><p style=\"padding-left: 40px;\"><b>8. Wer ist mein Ansprechpartner f\u00fcr Rechte wie Auskunft oder L\u00f6schung?<\/b><\/p><p style=\"padding-left: 80px;\">Wir haben uns mit unseren Subprojektpartnern gemeinsam dar\u00fcber verst\u00e4ndigt, wie wir Ihre Rechte sicherstellen und n\u00e4her festgelegt, wer welche, uns nach der DS-GVO obliegenden, Verpflichtungen erf\u00fcllt. Dies betrifft insbesondere die Gew\u00e4hrleistung Ihrer Rechte als betroffene Personen und die Erf\u00fcllung der Informationspflichten nach Art. 13 und 14 DS-GVO. Ansprechpartner zur Geltendmachung Ihrer Rechte ist<\/p><p style=\"padding-left: 80px;\"><strong>Universit\u00e4tsklinikum Magdeburg<\/strong><br \/>Universit\u00e4tsklinik f\u00fcr Radiologie und Nuklearmedizin<br \/>Projekt RACOON<br \/>Leipziger Stra\u00dfe 44<br \/>39120 Magdeburg<\/p><p style=\"padding-left: 80px;\">Sie k\u00f6nnen sich zur Geltendmachung Ihrer Rechte grunds\u00e4tzlich jedoch an jeden der Projektpartner der beteiligten Stellen wenden.<\/p><p style=\"padding-left: 40px;\"><b>9. Wie kann ich mehr Informationen zur Datenverarbeitung erhalten?<\/b><\/p><p style=\"padding-left: 80px;\">Weitere Informationen erhalten Sie auf unserer Webseite <span style=\"color: #0563c1;\"><i>https:\/\/racoon.network <\/i><\/span><span style=\"color: #000000;\">oder<\/span> <span style=\"color: #000000;\">\u00fcber die <\/span><span style=\"color: #000000;\">Studienzentralen der Teilnehmenden Institute und Kliniken<\/span><span style=\"color: #000000;\">.<\/span><\/p><p>\u00a0<\/p><p><sup><span style=\"font-family: Arial, serif;\"><span style=\"font-size: xx-small;\">1 <\/span><\/span><\/sup><span style=\"font-size: 12pt;\">Andere Subprojektpartner ordnen Ihre Daten m\u00f6glicherweise aufgrund unterschiedlicher gesetzlicher Anforderungen in anderen Bundesl\u00e4ndern anders ein als wir. Die Sicherheit Ihrer Daten ist jedoch gleichbleibend gew\u00e4hrleistet.<\/span><\/p>\t\t\t\t\t\t\t\t<\/div>\n\t\t\t\t<\/div>\n\t\t\t\t\t<\/div>\n\t\t<\/div>\n\t\t\t\t\t<\/div>\n\t\t<\/section>\n\t\t\t\t<\/div>\n\t\t","protected":false},"excerpt":{"rendered":"<p>Information nach Art. 13, 14, 26 DS-GVO RACOON Unser Klinikum nimmt an dem deutschlandweiten Projekt RACOON (RECO) teil. RACOON (RECO) ist ein, vom Bundesministerium f\u00fcr Bildung und Forschung gef\u00f6rdertes, Projekt zur Entwicklung von Bildanalyseverfahren und k\u00fcnstlicherIntelligenz zum besseren Verst\u00e4ndnis von COVID-19 und \u00e4hnlichen Erkrankungen. Es soll helfen, die Diagnostik und &hellip;<\/p>\n<p class=\"read-more\"> <a class=\"\" href=\"https:\/\/racoon.network\/?page_id=6121\"> <span class=\"screen-reader-text\">Magdeburg &#8211; OVGU\/UMMD &#8211; RECO<\/span>Read More &raquo;<\/a><\/p>\n","protected":false},"author":1,"featured_media":0,"parent":0,"menu_order":0,"comment_status":"closed","ping_status":"closed","template":"","meta":{"inline_featured_image":false,"footnotes":""},"class_list":["post-6121","page","type-page","status-publish","hentry"],"pbg_featured_image_src":{"full":false,"thumbnail":false,"medium":false,"medium_large":false,"large":false,"leap-image-100x100":false,"1536x1536":false,"2048x2048":false},"pbg_author_info":{"display_name":"admin","author_link":"https:\/\/racoon.network\/?author=1","author_img":"<img alt='admin' src='https:\/\/secure.gravatar.com\/avatar\/8931e98758e400caba5ef80ef255d639487b3d190ea2bc1f3e8bc8317605a2a5?s=128&#038;d=mm&#038;r=g' srcset='https:\/\/secure.gravatar.com\/avatar\/8931e98758e400caba5ef80ef255d639487b3d190ea2bc1f3e8bc8317605a2a5?s=256&#038;d=mm&#038;r=g 2x' class='avatar avatar-128 photo' height='128' width='128' decoding='async'\/>"},"pbg_comment_info":" No Comments","pbg_excerpt":"Information nach Art. 13, 14, 26 DS-GVO RACOON Unser Klinikum nimmt an dem deutschlandweiten Projekt RACOON (RECO) teil. RACOON (RECO) ist ein, vom Bundesministerium f\u00fcr Bildung und Forschung gef\u00f6rdertes, Projekt zur Entwicklung von Bildanalyseverfahren und k\u00fcnstlicherIntelligenz zum besseren Verst\u00e4ndnis von COVID-19 und \u00e4hnlichen Erkrankungen. Es soll helfen, die Diagnostik und &hellip; Magdeburg &#8211; OVGU\/UMMD &#8211;&hellip;","_links":{"self":[{"href":"https:\/\/racoon.network\/index.php?rest_route=\/wp\/v2\/pages\/6121","targetHints":{"allow":["GET"]}}],"collection":[{"href":"https:\/\/racoon.network\/index.php?rest_route=\/wp\/v2\/pages"}],"about":[{"href":"https:\/\/racoon.network\/index.php?rest_route=\/wp\/v2\/types\/page"}],"author":[{"embeddable":true,"href":"https:\/\/racoon.network\/index.php?rest_route=\/wp\/v2\/users\/1"}],"replies":[{"embeddable":true,"href":"https:\/\/racoon.network\/index.php?rest_route=%2Fwp%2Fv2%2Fcomments&post=6121"}],"version-history":[{"count":7,"href":"https:\/\/racoon.network\/index.php?rest_route=\/wp\/v2\/pages\/6121\/revisions"}],"predecessor-version":[{"id":6566,"href":"https:\/\/racoon.network\/index.php?rest_route=\/wp\/v2\/pages\/6121\/revisions\/6566"}],"wp:attachment":[{"href":"https:\/\/racoon.network\/index.php?rest_route=%2Fwp%2Fv2%2Fmedia&parent=6121"}],"curies":[{"name":"wp","href":"https:\/\/api.w.org\/{rel}","templated":true}]}}