{"id":6409,"date":"2023-06-19T08:57:01","date_gmt":"2023-06-19T08:57:01","guid":{"rendered":"https:\/\/racoon.network\/?page_id=6409"},"modified":"2023-06-19T09:10:48","modified_gmt":"2023-06-19T09:10:48","slug":"essen-uke-combine-duplicate-5892","status":"publish","type":"page","link":"https:\/\/racoon.network\/?page_id=6409","title":{"rendered":"G\u00f6ttingen &#8211; UMG\u00d6 &#8211; COMBINE"},"content":{"rendered":"\t\t<div data-elementor-type=\"wp-page\" data-elementor-id=\"6409\" class=\"elementor elementor-6409\">\n\t\t\t\t\t\t<section class=\"elementor-section elementor-top-section elementor-element elementor-element-4e236075 elementor-section-boxed elementor-section-height-default elementor-section-height-default\" data-id=\"4e236075\" data-element_type=\"section\" data-e-type=\"section\">\n\t\t\t\t\t\t<div class=\"elementor-container elementor-column-gap-default\">\n\t\t\t\t\t<div class=\"elementor-column elementor-col-100 elementor-top-column elementor-element elementor-element-74a940b1\" data-id=\"74a940b1\" data-element_type=\"column\" data-e-type=\"column\">\n\t\t\t<div class=\"elementor-widget-wrap elementor-element-populated\">\n\t\t\t\t\t\t<div class=\"elementor-element elementor-element-1614380 elementor-widget elementor-widget-text-editor\" data-id=\"1614380\" data-element_type=\"widget\" data-e-type=\"widget\" data-widget_type=\"text-editor.default\">\n\t\t\t\t<div class=\"elementor-widget-container\">\n\t\t\t\t\t\t\t\t\t<p><b data-stringify-type=\"bold\">Information nach Art. 13, 14, 26 DS-GVO<\/b><\/p><p><strong>RACOON<\/strong><\/p><p>Unser Klinikum nimmt an dem deutschlandweiten Projekt RACOON teil. RACOON ist ein vom Bundesministerium f\u00fcr Bildung und Forschung gef\u00f6rdertes Projekt zur Entwicklung von Bildanalyseverfahren und k\u00fcnstlicher Intelligenz zum besseren Verst\u00e4ndnis von COVID-19 und \u00e4hnlichen Erkrankungen. Es soll helfen, die Diagnostik und Therapieentscheidungen im Management von COVID-19 und verwandten Erkrankungen zu verbessern.<\/p><p>RACOON ist eine Forschungsinfrastruktur, die auf einem einzigartigen hybriden Netzwerkinfrastrukturkonzept aufbaut. Mithilfe der RACOON Infrastruktur soll es Forschenden erm\u00f6glicht gemacht werden, Forschungsprojekte mit mehreren Universit\u00e4tskliniken gemeinsam durchzuf\u00fchren, um daraus belastbare Erkenntnisse f\u00fcr die Verbesserung der Krankenversorgung abzuleiten. RACOON besteht aus bundesweit verteilten Hardwareknoten an jeder Universit\u00e4tsklinik (<strong>RACOON-NODEs<\/strong>) und einer zentralen Umgebung am Universit\u00e4tsklinikum Essen (<strong>RACOON-CENTRAL<\/strong>). Durch die erstmalige Anbindung aller universit\u00e4tsmedizinischen Institute in Deutschland entsteht die M\u00f6glichkeiten zu gro\u00dffl\u00e4chigen, bundesweiten Forschungsprojekten, welche bisher nicht umsetzbare Forschung m\u00f6glich macht. So k\u00f6nnen Wirkmechanismen von Erkrankungen, relevante Einflussfaktoren auf deren Verl\u00e4ufe untersucht werden und Erkenntnisse zu Risikofaktoren vulnerabler Patientengruppen und der Wirksamkeit von Therapieans\u00e4tzen abgeleitet werden. Mit RACOON k\u00f6nnen Forschungsprojekte mit innovativen Ans\u00e4tzen durchgef\u00fchrt werden, f\u00fcr die bisher der Zugang zu ausreichend gro\u00dfen und gut aufgearbeiteten Patientenkohorten fehlte; mittelbar flie\u00dfen die Ergebnisse erfolgreicher Studien in das Gesundheitswesen zur\u00fcck und verbessern die Behandlungsqualit\u00e4t jedes einzelnen Patienten.<\/p><p>Weitere Informationen zu RACOON finden Sie unter <a href=\"https:\/\/racoon.network\/\">https:\/\/racoon.network\/<\/a>.<\/p><p><strong>RACOON Subprojekt <em>COMBINE<\/em><\/strong><\/p><p>Wir, das Institut f\u00fcr diagnostische und interventionelle Radiologie der Universit\u00e4tsmedizin G\u00f6ttingen, und die im Folgenden unter 1. Genannten Stellen (<strong>Subprojektpartner<\/strong>) f\u00fchren das RACOON Subprojekt <em>Combine<\/em> (<strong>RACOON Subprojekt<\/strong>) durch. Ziel des RACOON Subprojekts ist die Entwicklung und Umsetzung einer Pipeline f\u00fcr die Extraktion COVID-spezifischer, pr\u00e4dikativer und prognostischer quantitativer Bildgebungs-Biomarker (C-QIBs), um eine umfassende Ph\u00e4notypisierung nicht nur der Erkrankung, sondern auch des Erkrankten, also seines k\u00f6rperlichen Zustands und seiner Begleiterkrankungen zu erm\u00f6glichen.<\/p><p>F\u00fcr das RACOON Subprojekt verarbeiten wir Ihre Daten, die wir im Rahmen Ihrer Behandlung bei uns erhoben haben. Vor der Verwendung f\u00fcr das RACOON Subprojekt werden zun\u00e4chst die identifizierenden Attribute (Name, Geburtsdatum, Adresse usw.) aus Ihrem Datensatz entfernt und die verbleibenden Daten (siehe Ziffer 3) im Rahmen eines aufw\u00e4ndigen Verfahrens in unserer RACOON-NODE unumkehrbar verhasht, sodass ein R\u00fcckschluss auf Ihre Identit\u00e4t anhand des verbleibenden Datensatzes nicht m\u00f6glich ist. Aufgrund des eingesetzten Verfahrens behandeln wir diese Daten als pseudonymisiert\/anonymisiert.<a href=\"#_ftn1\" name=\"_ftnref1\">[1]<\/a> Anschlie\u00dfend werden die Daten in RACOON-CENTRAL hochgeladen und unseren Subprojektpartnern freigegeben und von uns und unseren Subprojektpartnern zur Durchf\u00fchrung des RACOON Subprojekts verarbeitet. Ihre Daten werden von den Subprojektpartnern nicht aus RACOON-CENTRAL heruntergeladen oder lokal gespeichert.<\/p><ol><li><strong>Wer sind die Verantwortlichen und Datenschutzbeauftragten?<\/strong><\/li><\/ol><p>Wir, und die im Folgenden genannten Stellen, arbeiten bei dem RACOON Subprojekt eng zusammen. Aufgrund der Zusammenarbeit verarbeiten wir Ihre personenbezogenen Daten auch teilweise gemeinsam.<\/p><p>Zur Gew\u00e4hrleistung Ihrer Rechte und unter Ber\u00fccksichtigung der Vorgaben der EU-Datenschutz-Grundverordnung (DS-GVO) haben wir eine Vereinbarung geschlossen, die Regeln \u00fcber die Verarbeitung Ihrer personenbezogenen Daten aufstellt. Als sog. Gemeinsame Verantwortliche (nach Art. 26 DS-GVO) sind wir gemeinsam f\u00fcr die Verarbeitung Ihrer Daten verantwortlich.<\/p><p>Verantwortliche gem. Art. 4 Abs. 7 DS-GVO sind<\/p><p><strong>Universit\u00e4tsmedizin G\u00f6ttingen<\/strong><\/p><p>Institut f\u00fcr diagnostische und interventionelle Radiologie<\/p><p>Direktor: Prof. Dr. med. Joachim Lotz<\/p><p>Robert-Koch-Strasse 40, 37075 G\u00f6ttingen<\/p><p>Unsere Datenschutzbeauftragten erreichen Sie unter 0051-3962762 sowie unter der E-Mail-Adresse <a href=\"mailto:datenschutz@med.uni-goettingen.de\">datenschutz@med.uni-goettingen.de<\/a><\/p><ol start=\"2\"><li><strong>Zu welchem Zweck und nach welcher Rechtsgrundlage werden die Daten verarbeitet?<\/strong><\/li><\/ol><p>Wir und unsere Subprojektpartner verarbeiten die Daten zum Zwecke der Durchf\u00fchrung des RACOON Subprojekt. Rechtsgrundlage ist Art. 6 Abs. 1 lit. e bzw. f, Art. 9 Abs. 2 lit. j DS-GVO i.V.m. den f\u00fcr die Projektpartner einschl\u00e4gigen (landes-)rechtlichen Vorschriften.<\/p><p><strong>\u00a0<\/strong><\/p><ol start=\"3\"><li><strong>Welche Kategorien von Daten werden verarbeitet?<\/strong><\/li><\/ol><p>Wir verarbeiten im Rahmen des RACOON Subprojekts Ihre pseudonymisierten Behandlungsdaten. Hierzu geh\u00f6ren eine gehashte (verschl\u00fcsselte) Patienten-ID sowie medizinische Daten, wie\u00a0 medizinische Bilddaten (CT- und R\u00f6ntgenaufnahmen) und deren Metainformationen, anamnestische Informationen, Arztbriefe und Diagnosen, Laborwerte, Ergebnisse histologischer, mikrobiologischer, virologischer und pathologischer Untersuchungen, Krankheitsverl\u00e4ufe, Vitalparameter und Outcome Parameter, Messwerte oder statistische Auswertungen, welche auf Basis der medizinischen Bilddatens\u00e4tze und komplement\u00e4ren Datens\u00e4tzen erstellt werden. Dies umfasst besondere Kategorien personenbezogener Daten i.S.d. Art. 9 Abs. 1 DS-GVO, n\u00e4mlich Gesundheitsdaten i.S.d. Art. 4 Nr. 15 DS-GVO.<\/p><ol start=\"4\"><li><strong>Wer sind die Empf\u00e4nger der Daten?<\/strong><\/li><\/ol><p>Ihre Daten werden streng zweckgebunden und nur im notwendigen Umfang im Rahmen einer Auftragsverarbeitung an unseren IT- und Hostingdienstleister Mint Medical GmbH weitergeleitet. Au\u00dferdem erhalten unsere Subprojektpartner Zugang zu den freigegeben Daten in RACOON-CENTRAL.<\/p><ol start=\"5\"><li><strong>Wie lange werden die Daten gespeichert?<\/strong><\/li><\/ol><p>Ihre Daten werden so lange gespeichert, wie wir sie zur Durchf\u00fchrung des RACOON Subprojekts ben\u00f6tigen. Das RACOON Subprojekt ist nach aktuellem Projektstand bis Ende 2023 angelegt. Danach werden Ihre Daten im Rahmen der uns obliegenden Aufbewahrungsfristen (in der Regel 10 Jahre) in unserer RACOON-NODE \/ in RACOON-CENTRAL \/ in unserer RACOON-NODE und in RACOON-CENTRAL gespeichert. Sofern wir Ihre Daten nicht im Rahmen anderer Forschungsprojekte verwenden oder aufgrund daraus resultierender Aufbewahrungsfristen speichern m\u00fcssen, werden Ihre Daten im Anschluss gel\u00f6scht.<\/p><ol start=\"6\"><li><strong>Woher stammen die Daten?<\/strong><\/li><\/ol><p>Wir verarbeiten Daten, die wir von unseren Patienten im Rahmen der Behandlung erhoben haben.<\/p><ol start=\"7\"><li><strong>Rechte<\/strong><\/li><\/ol><p>Als von der Datenverarbeitung betroffene Person stehen Ihnen folgende Rechte zu, sofern diese nicht aufgrund eines Gesetzes eingeschr\u00e4nkt sind:<\/p><ul><li>Recht auf Auskunft<\/li><li>Recht auf Berichtigung<\/li><li>Recht auf L\u00f6schung<\/li><li>Recht auf Einschr\u00e4nkung der Verarbeitung<\/li><li>Recht auf Daten\u00fcbertragbarkeit<\/li><li>Recht auf Widerspruch<\/li><\/ul><p>Sie haben das Recht, sich bei einer Aufsichtsbeh\u00f6rde zu beschweren.<\/p><p>Die f\u00fcr uns zust\u00e4ndige Aufsichtsbeh\u00f6rde ist<\/p><p><strong>Landesbeauftragte\/r f\u00fcr den Datenschutz Niedersachsen<\/strong><\/p><p>Prinzenstrasse 5, 30159 Hannover<\/p><p>Telefone: 0511-1204500<\/p><p>E-Mail: <a href=\"mailto:poststelle@lfd.niedersachsen.de\">poststelle@lfd.niedersachsen.de<\/a><\/p><p>Website: <a href=\"http:\/\/www.lfd.niedersachsen.de\">www.lfd.niedersachsen.de<\/a><\/p><ol start=\"8\"><li><strong>Wer ist mein Ansprechpartner f\u00fcr Rechte wie Auskunft oder L\u00f6schung?<\/strong><\/li><\/ol><p>Wir haben uns mit unseren Subprojektpartnern gemeinsam dar\u00fcber verst\u00e4ndigt, wie wir Ihre Rechte sicherstellen und n\u00e4her festgelegt, wer welche uns nach der DS-GVO obliegenden Verpflichtungen erf\u00fcllt. Dies betrifft insbesondere die Gew\u00e4hrleistung Ihrer Rechte als betroffene Personen und die Erf\u00fcllung der Informationspflichten nach Art. 13 und 14 DS-GVO.<\/p><p>Ansprechpartner zur Geltendmachung Ihrer Rechte ist<\/p><p><strong>Universit\u00e4tsmedizin G\u00f6ttingen<\/strong><\/p><p>Institut f\u00fcr diagnostische und interventionelle Radiologie<\/p><p>Robert-Koch-Strasse 40, 37075 G\u00f6ttingen<\/p><p>Prof. Dr. med. Joachim Lotz<\/p><p>E-Mail: <a href=\"mailto:radiologie@med.uni-goettingen.de\">radiologie@med.uni-goettingen.de<\/a><\/p><p>Telefon: 0551-3968965<\/p><p>Sie k\u00f6nnen sich zur Geltendmachung Ihrer Rechte grunds\u00e4tzlich jedoch an jede der beteiligten Stellen wenden.<\/p><ol start=\"9\"><li><strong>Wie kann ich mehr Informationen zur Datenverarbeitung erhalten?<\/strong><\/li><\/ol><p>Weitere Informationen erhalten Sie unter: <a href=\"https:\/\/racoon.network\/\">https:\/\/racoon.network\/<\/a><\/p><ol start=\"10\"><li><strong>Anschriften der verantwortlichen Institutionen<\/strong><p>\u00a0<\/p><p><strong>Universit\u00e4tsklinikum Aachen\u00a0<\/strong><\/p><p>Klinik f\u00fcr Interventionelle und Diagnostische Radiologie\u00a0<\/p><p>Klinikdirektorin: Univ.-Prof. Dr. med. Christiane Kuhl\u00a0<\/p><p>Pauwelsstra\u00dfe 30\u00a0<\/p><p>52074 Aachen\u00a0<\/p><p><strong>Universit\u00e4tsklinikum Augsburg\u00a0<\/strong><\/p><p>Klinik f\u00fcr Diagnostische und Interventionelle Radiologie und Neuroradiologie\u00a0<\/p><p>Direktor: Prof. Dr. med. Thomas Kr\u00f6ncke\u00a0<\/p><p>Stenglinstr. 2\u00a0<\/p><p>86156 Augsburg\u00a0<\/p><p><strong>Universit\u00e4tsklinikum Berlin\u00a0<\/strong><\/p><p>Charit\u00e9 \u2013 Universit\u00e4tsmedizin Berlin\u00a0<\/p><p>Diagnostische und interventionelle Radiologie und Nuklearmedizin (CC 6)\u00a0<\/p><p>Direktor: Univ. Prof. Dr. med. Bernd Hamm\u00a0<\/p><p>Charit\u00e9platz 1\u00a0<\/p><p>10117 Berlin\u00a0<\/p><p><strong>Universit\u00e4tsklinikum der Ruhr-Universit\u00e4t Bochum\u00a0<\/strong><\/p><p>Diagnostische und Interventionelle Radiologie, Neuroradiologie und Nuklearmedizin\u00a0<\/p><p>Direktor: Prof. Dr. Volkmar Nicolas\u00a0<\/p><p>In der Schornau 23-25\u00a0<\/p><p>44892 Bochum\u00a0<\/p><p><strong>Universit\u00e4tsklinikum Bonn\u00a0<\/strong><\/p><p>Klinik f\u00fcr Interventionelle und Diagnostische Radiologie\u00a0<\/p><p>Klinikdirektorin: Univ.-Prof. Dr. med. Ulrike Attenberger\u00a0<\/p><p>Venusberg-Campus 1\u00a0<\/p><p>53127 Bonn\u00a0<\/p><p><strong>Deutsches Krebsforschungszentrum Heidelberg\u00a0<\/strong><\/p><p>Abteilung Radiologie\u00a0<\/p><p>Direktor: Prof. Dr. Dipl.- Phys. Heinz-Peter Schlemmer\u00a0<\/p><p>Im Neuenheimer Feld 280\u00a0<\/p><p>69120 Heidelberg\u00a0<\/p><p><strong>Universit\u00e4tsklinikum Carl Gustav Carus Dresden\u00a0<\/strong><\/p><p>Institut und Poliklinik f\u00fcr Diagnostische und Interventionelle Radiologie\u00a0<\/p><p>Direktor: Prof. Dr. med. Ralf-Thorsten Hoffmann\u00a0<\/p><p>Fetscherstra\u00dfe 74\u00a0<\/p><p>01307 Dresden\u00a0<\/p><p><strong>Universit\u00e4tsklinikum D\u00fcsseldorf\u00a0<\/strong><\/p><p>Institut f\u00fcr Diagnostische und Interventionelle Radiologie\u00a0<\/p><p>Direktor: Univ.-Prof. Dr. med. Gerald Antoch\u00a0<\/p><p>Moorenstr. 5\u00a0<\/p><p>40225 D\u00fcsseldorf\u00a0<\/p><p><strong>Universit\u00e4tsklinikum Erlangen\u00a0<\/strong><\/p><p>Radiologisches Institut\u00a0<\/p><p>Direktor: Prof. Dr. med. Michael Uder\u00a0<\/p><p>Maximiliansplatz 3\u00a0<\/p><p>91054 Erlangen\u00a0<\/p><p><strong>Universit\u00e4tsklinikum Essen\u00a0<\/strong><\/p><p>Institut f\u00fcr Diagnostische und Interventionelle Radiologie und Neuroradiologie\u00a0<\/p><p>Direktor: Univ.-Prof. Dr. med. Michael Forsting\u00a0<\/p><p>Hufelandstra\u00dfe 55\u00a0<\/p><p>45147 Essen\u00a0<\/p><p><strong>Universit\u00e4tsklinikum Freiburg\u00a0<\/strong><\/p><p>Klinik f\u00fcr Diagnostische und Interventionelle Radiologie\u00a0<\/p><p>Direktor: Prof. Dr. Fabian Bamberg\u00a0<\/p><p>Hugstetter Stra\u00dfe 55\u00a0<\/p><p>79106 Freiburg\u00a0<\/p><p><strong>Universtit\u00e4tsklinikum Giessen\u00a0<\/strong><\/p><p>Klinik f\u00fcr Diagnostische und Interventionelle Radiologie\u00a0<\/p><p>Direktorin: Univ.-Prof. Dr. Gabriele A. Krombach\u00a0<\/p><p>Evelyn Bohrer\u00a0<\/p><p>Klinikstr. 33\u00a0<\/p><p>35392 Gie\u00dfen\u00a0<\/p><p><strong>Medizinische Hochschule Hannover<\/strong>\u00a0<\/p><p>Institut f\u00fcr Diagnostische und Interventionelle Radiologie\u00a0<\/p><p>Direktor: Prof. Dr. med. Frank Wacker\u00a0<\/p><p>Carl-Neuberg-Strasse 1<\/p><p>30625 Hannover<\/p><p><strong>Universit\u00e4tsmedizin Greifswald\u00a0<\/strong><\/p><p>Zentrum f\u00fcr Radiologie\u00a0<\/p><p>Klinik und Poliklinik f\u00fcr Nuklearmedizin\u00a0<\/p><p>Prof. Dr. med. Norbert Hosten\u00a0<\/p><p>Fleischmannstra\u00dfe 42 \u2013 44\u00a0<\/p><p>17475 Greifswald\u00a0<\/p><p><strong>Universit\u00e4tsklinikum Halle (Saale)\u00a0<\/strong><\/p><p>Universit\u00e4tsklinik und Poliklinik f\u00fcr Radiologie\u00a0<\/p><p>Direktor: Univ.-Prof. Dr. Dr. Walter A. Wohlgemuth\u00a0<\/p><p>Ernst-Grube-Str. 40\u00a0<\/p><p>06097 Halle (Saale)\u00a0<\/p><p><strong>Universit\u00e4tsklinikum Hamburg-Eppendorf\u00a0<\/strong><\/p><p>Diagnostische und Interventionelle Radiologie und Nuklearmedizin\u00a0<\/p><p>Prof. Dr. med. Gerhard Adam\u00a0<\/p><p>Martinistra\u00dfe 52\u00a0<\/p><p>20246 Hamburg\u00a0<\/p><p><strong>Universit\u00e4tsklinikum Heidelberg\u00a0<\/strong><\/p><p>Institut f\u00fcr Diagnostische und Interventionelle Radiologie\u00a0<\/p><p>und Deutsches Zentrum f\u00fcr Lungenforschung\u00a0<\/p><p>Direktor: Prof. Dr. med. H.-U. Kauczor\u00a0<\/p><p>Im Neuenheimer Feld 110\u00a0<\/p><p>69120 Heidelberg\u00a0<\/p><p><strong>Universit\u00e4tsklinikum des Saarlandes<\/strong><\/p><p>Medizinische Fakult\u00e4t der Universit\u00e4t des Saarlandes\u00a0<\/p><p>Klinik f\u00fcr Diagnostische und Interventionelle Radiologie\u00a0<\/p><p>Klinikdirektor: Prof. Dr. med. Arno B\u00fccker\u00a0<\/p><p>Frau Dr. med. Wagner-Jochem\u00a0<\/p><p>Prof. Dr. Arno B\u00fccker\u00a0<\/p><p>Kirrbergerstra\u00dfe\u00a0<\/p><p>66424 Homburg \/Saar\u00a0<\/p><p><strong>Universit\u00e4tsklinikum Jena\u00a0<\/strong><\/p><p>Institut f\u00fcr Diagnostische und Interventionelle Radiologie\u00a0<\/p><p>Direktor: Prof. Dr. med. Ulf Teichgr\u00e4ber\u00a0<\/p><p>Am Klinikum 1\u00a0<\/p><p>07747 Jena\u00a0<\/p><p><strong>Universit\u00e4tsklinikum Schleswig-Holstein, Campus Kiel\u00a0<\/strong><\/p><p>Klinik f\u00fcr Radiologie und Neuroradiologie\u00a0<\/p><p>Direktor: Prof. Dr. Olav Jansen\u00a0<\/p><p>Anorld-Heller-Strasse 3\u00a0<\/p><p>24105 Kiel\u00a0<\/p><p><strong>Universit\u00e4tsklinikum K\u00f6ln\u00a0<\/strong><\/p><p>Institut f\u00fcr Diagnostische und Interventionelle Radiologie\u00a0<\/p><p>Direktor: Univ.-Prof. Dr. David Maintz\u00a0<\/p><p>Kerpener Stra\u00dfe 62\u00a0<\/p><p>50937 K\u00f6ln\u00a0<\/p><p><strong>Universit\u00e4tsklinikum Leipzig\u00a0<\/strong><\/p><p>Klinik und Poliklinik f\u00fcr Diagnostische und Interventionelle Radiologie\u00a0<\/p><p>Prof. Dr. med. Timm Denecke\u00a0<\/p><p>Liebigstra\u00dfe 20, Haus 4\u00a0<\/p><p>04103 Leipzig\u00a0<\/p><p><strong>Universit\u00e4tsklinikum Schleswig-Holstein, Campus L\u00fcbeck\u00a0<\/strong><\/p><p>Klinik f\u00fcr Radiologie und Nuklearmedizin\u00a0<\/p><p>Direktor: Prof. Dr. J\u00f6rg Barkhausen\u00a0<\/p><p>Ratzeburger Allee 160\u00a0<\/p><p>23538 L\u00fcbeck\u00a0<\/p><p><strong>Universit\u00e4tsklinikum Magdeburg A.\u00f6.R.\u00a0<\/strong><\/p><p>Universit\u00e4tsklinik f\u00fcr Radiologie und Nuklearmedizin\u00a0<\/p><p>Direktor: Prof. Dr. med. Maciej Pech\u00a0<\/p><p>Leipziger Str. 44\u00a0<\/p><p>39120 Magdeburg<\/p><p><strong>Universit\u00e4tsklinikum Mainz\u00a0<\/strong><\/p><p>Institut f\u00fcr Diagnostische und Interventionelle Radiologie\u00a0<\/p><p>Direktor: Prof. Dr. C. D\u00fcber\u00a0<\/p><p>Langenbeckstr. 1\u00a0<\/p><p>55131 Mainz<\/p><p><strong>Universit\u00e4tsklinikum Mannheim\u00a0<\/strong><\/p><p>Klinik f\u00fcr Radiologie und Nuklearmedizin\u00a0<\/p><p>Direktor: Prof. Dr. med. Stefan Sch\u00f6nberg\u00a0<\/p><p>Theodor-Kutzer-Ufer 1-3\u00a0<\/p><p>68167 Mannheim\u00a0<\/p><p><strong>Universit\u00e4tsklinikum Marburg\u00a0<\/strong><\/p><p>Klinik f\u00fcr Diagnostische und Interventionelle Radiologie\u00a0<\/p><p>Klinikdirektor: Prof. Dr. Andreas H. Mahnken\u00a0<\/p><p>Baldingerstrasse\u00a0<\/p><p>35043 Marburg\u00a0<\/p><p><strong>Universit\u00e4tsklinikum M\u00fcnchen LMU\u00a0<\/strong><\/p><p>Klinik und Poliklinik f\u00fcr Radiologie\u00a0<\/p><p>Klinikdirektor: Prof. Dr. med. Jens Ricke\u00a0<\/p><p>Marchioninistr. 15\u00a0<\/p><p>81377 M\u00fcnchen<\/p><p><strong>Universit\u00e4tsklinikum M\u00fcnchen TU\u00a0<\/strong><\/p><p>Institut f\u00fcr diagnostische und interventionelle Radiologie\u00a0<\/p><p>Klinikum rechts der Isar der Technischen Universit\u00e4t M\u00fcnchen\u00a0<\/p><p>Prof. Dr. med. Marcus R. Makowski\u00a0<\/p><p>Ismaninger Stra\u00dfe 22\u00a0<\/p><p>D \u2013 81675 M\u00fcnchen\u00a0<\/p><p><strong>Universit\u00e4tsklinikum M\u00fcnster\u00a0<\/strong><\/p><p>Institut f\u00fcr klinische Radiologie\u00a0<\/p><p>Univ.-Prof. Dr. med. Walter Heindel\u00a0<\/p><p>Albert-Schweitzer-Campus 1\u00a0<\/p><p>48149 M\u00fcnster\u00a0<\/p><p><strong>Universit\u00e4tsklinikum Regensburg\u00a0<\/strong><\/p><p>Institut f\u00fcr R\u00f6ntgendiagnostik\u00a0<\/p><p>Direktor: Prof. Dr. Christian Stroszczynski\u00a0<\/p><p>Franz-Josef-Strau\u00df-Allee 11\u00a0<\/p><p>93053 Regensburg\u00a0<\/p><p><strong>Universit\u00e4tsklinikum Rostock\u00a0<\/strong><\/p><p>Institut f\u00fcr Diagnostische und Interventionelle Radiologie\u00a0<\/p><p>Direktor: Prof. Dr. med. Marc-Andr\u00e9 Weber, M.Sc.\u00a0<\/p><p>Ernst-Heydemann-Str. 6\u00a0<\/p><p>18057 Rostock\u00a0<\/p><p><strong>Universit\u00e4tsklinikum T\u00fcbingen\u00a0<\/strong><\/p><p>Abteilung f\u00fcr Diagnostische und Interventionelle Radiologie\u00a0<\/p><p>Direktor: Prof. Dr. med. Konstantin Nikolaou\u00a0<\/p><p>Hoppe-Seyler-Stra\u00dfe 3\u00a0<\/p><p>72076 T\u00fcbingen\u00a0<\/p><p><strong>Universit\u00e4tsklinikum Ulm\u00a0<\/strong><\/p><p>Klinik f\u00fcr Diagnostische und Interventionelle Radiologie\u00a0<\/p><p>Klinikdirektor: Prof. Dr. Meinrad Beer\u00a0<\/p><p>Albert-Einstein-Allee 23\u00a0<\/p><p>89081 Ulm\u00a0<\/p><p><strong>Universit\u00e4tsklinikum W\u00fcrzburg\u00a0<\/strong><\/p><p>Institut f\u00fcr Diagnostische und Interventionelle Radiologie\u00a0<\/p><p>Direktor: Univ.-Prof. Dr. med. Thorsten Bley\u00a0<\/p><p>Oberd\u00fcrrbacher Stra\u00dfe 6\u00a0<\/p><p>97080 W\u00fcrzburg\u00a0<\/p><p><strong>Deutsches Krebsforschungszentrum Heidelberg\u00a0<\/strong><\/p><p>Abteilung f\u00fcr Medizinische Bildverarbeitung (E230)\u00a0<\/p><p>Direktor: Prof. Dr. Klaus Maier-Hein\u00a0<\/p><p>Im Neuenheimer Feld 223\u00a0<\/p><p>69120 Heidelberg\u00a0<\/p><p><strong>Technische Universit\u00e4t Darmstadt\u00a0<\/strong><\/p><p>Graphisch-Interaktive Systeme\u00a0<\/p><p>Prof. Dr. Dieter Fellner\u00a0<\/p><p>Fraunhoferstr. 5\u00a0<\/p><p>64283 Darmstadt\u00a0<\/p><p><strong>Fraunhofer Institut f\u00fcr Digitale Medizin MEVIS\u00a0<\/strong><\/p><p>Direktor: Prof. Dr.-Ing. Horst Hahn\u00a0<\/p><p>Am Fallturm 1\u00a0<\/p><p>28359 Bremen<\/p><\/li><\/ol><p><a href=\"#_ftnref1\" name=\"_ftn1\">[1]<\/a>\u00a0\u00a0 Andere Subprojektpartner ordnen Ihre Daten m\u00f6glicherweise aufgrund unterschiedlicher gesetzlicher Anforderungen in anderen Bundesl\u00e4ndern anders ein als wir. Die Sicherheit Ihrer Daten ist jedoch gleichbleibend gew\u00e4hrleistet.<\/p>\t\t\t\t\t\t\t\t<\/div>\n\t\t\t\t<\/div>\n\t\t\t\t\t<\/div>\n\t\t<\/div>\n\t\t\t\t\t<\/div>\n\t\t<\/section>\n\t\t\t\t<\/div>\n\t\t","protected":false},"excerpt":{"rendered":"<p>Information nach Art. 13, 14, 26 DS-GVO RACOON Unser Klinikum nimmt an dem deutschlandweiten Projekt RACOON teil. RACOON ist ein vom Bundesministerium f\u00fcr Bildung und Forschung gef\u00f6rdertes Projekt zur Entwicklung von Bildanalyseverfahren und k\u00fcnstlicher Intelligenz zum besseren Verst\u00e4ndnis von COVID-19 und \u00e4hnlichen Erkrankungen. Es soll helfen, die Diagnostik und Therapieentscheidungen &hellip;<\/p>\n<p class=\"read-more\"> <a class=\"\" href=\"https:\/\/racoon.network\/?page_id=6409\"> <span class=\"screen-reader-text\">G\u00f6ttingen &#8211; UMG\u00d6 &#8211; COMBINE<\/span>Read More &raquo;<\/a><\/p>\n","protected":false},"author":4,"featured_media":0,"parent":0,"menu_order":0,"comment_status":"closed","ping_status":"closed","template":"","meta":{"inline_featured_image":false,"footnotes":""},"class_list":["post-6409","page","type-page","status-publish","hentry"],"pbg_featured_image_src":{"full":false,"thumbnail":false,"medium":false,"medium_large":false,"large":false,"leap-image-100x100":false,"1536x1536":false,"2048x2048":false},"pbg_author_info":{"display_name":"Mahmoud Al-Zaitoun","author_link":"https:\/\/racoon.network\/?author=4","author_img":"<img alt='Mahmoud Al-Zaitoun' src='https:\/\/secure.gravatar.com\/avatar\/5c17b00b86fce4df9c81a4d1aa2a7d50459f5db05494efd5343eb0709ff294c5?s=128&#038;d=mm&#038;r=g' srcset='https:\/\/secure.gravatar.com\/avatar\/5c17b00b86fce4df9c81a4d1aa2a7d50459f5db05494efd5343eb0709ff294c5?s=256&#038;d=mm&#038;r=g 2x' class='avatar avatar-128 photo' height='128' width='128' decoding='async'\/>"},"pbg_comment_info":" No Comments","pbg_excerpt":"Information nach Art. 13, 14, 26 DS-GVO RACOON Unser Klinikum nimmt an dem deutschlandweiten Projekt RACOON teil. RACOON ist ein vom Bundesministerium f\u00fcr Bildung und Forschung gef\u00f6rdertes Projekt zur Entwicklung von Bildanalyseverfahren und k\u00fcnstlicher Intelligenz zum besseren Verst\u00e4ndnis von COVID-19 und \u00e4hnlichen Erkrankungen. Es soll helfen, die Diagnostik und Therapieentscheidungen &hellip; G\u00f6ttingen &#8211; UMG\u00d6 &#8211;&hellip;","_links":{"self":[{"href":"https:\/\/racoon.network\/index.php?rest_route=\/wp\/v2\/pages\/6409","targetHints":{"allow":["GET"]}}],"collection":[{"href":"https:\/\/racoon.network\/index.php?rest_route=\/wp\/v2\/pages"}],"about":[{"href":"https:\/\/racoon.network\/index.php?rest_route=\/wp\/v2\/types\/page"}],"author":[{"embeddable":true,"href":"https:\/\/racoon.network\/index.php?rest_route=\/wp\/v2\/users\/4"}],"replies":[{"embeddable":true,"href":"https:\/\/racoon.network\/index.php?rest_route=%2Fwp%2Fv2%2Fcomments&post=6409"}],"version-history":[{"count":4,"href":"https:\/\/racoon.network\/index.php?rest_route=\/wp\/v2\/pages\/6409\/revisions"}],"predecessor-version":[{"id":6414,"href":"https:\/\/racoon.network\/index.php?rest_route=\/wp\/v2\/pages\/6409\/revisions\/6414"}],"wp:attachment":[{"href":"https:\/\/racoon.network\/index.php?rest_route=%2Fwp%2Fv2%2Fmedia&parent=6409"}],"curies":[{"name":"wp","href":"https:\/\/api.w.org\/{rel}","templated":true}]}}