{"id":6700,"date":"2023-06-28T06:41:20","date_gmt":"2023-06-28T06:41:20","guid":{"rendered":"https:\/\/racoon.network\/?page_id=6700"},"modified":"2024-05-15T09:52:29","modified_gmt":"2024-05-15T09:52:29","slug":"ulm-uku-reco","status":"publish","type":"page","link":"https:\/\/racoon.network\/?page_id=6700","title":{"rendered":"Ulm &#8211; UKUL &#8211; RECO"},"content":{"rendered":"\t\t<div data-elementor-type=\"wp-page\" data-elementor-id=\"6700\" class=\"elementor elementor-6700\">\n\t\t\t\t\t\t<header class=\"elementor-section elementor-top-section elementor-element elementor-element-5195c1e4 elementor-section-content-middle elementor-section-boxed elementor-section-height-default elementor-section-height-default\" data-id=\"5195c1e4\" data-element_type=\"section\" data-e-type=\"section\">\n\t\t\t\t\t\t<div class=\"elementor-container elementor-column-gap-extended\">\n\t\t\t\t\t<div class=\"elementor-column elementor-col-100 elementor-top-column elementor-element elementor-element-23ab342b\" data-id=\"23ab342b\" data-element_type=\"column\" data-e-type=\"column\">\n\t\t\t<div class=\"elementor-widget-wrap elementor-element-populated\">\n\t\t\t\t\t\t<div class=\"elementor-element elementor-element-16cbaea1 elementor-widget elementor-widget-text-editor\" data-id=\"16cbaea1\" data-element_type=\"widget\" data-e-type=\"widget\" data-widget_type=\"text-editor.default\">\n\t\t\t\t<div class=\"elementor-widget-container\">\n\t\t\t\t\t\t\t\t\t<p style=\"text-align: center;\"><strong>Information<\/strong><b data-stringify-type=\"bold\"> nach Art. 13, 14, 26 DS-GVO<\/b><\/p><p align=\"justify\"><strong>RACOON\u00a0<\/strong><\/p><p align=\"justify\">Unser Klinikum nimmt an dem deutschlandweiten Projekt RACOON (RECO) teil. RACOON (RECO) ist ein, vom Bundesministerium f\u00fcr Bildung und Forschung gef\u00f6rdertes, Projekt zur Entwicklung von Bildanalyseverfahren und k\u00fcnstlicher Intelligenz zum besseren Verst\u00e4ndnis von COVID-19 und \u00e4hnlichen Erkrankungen. Es soll helfen, die Diagnostik und Therapieentscheidungen im Management von COVID-19 und verwandten Erkrankungen zu verbessern.<\/p><p align=\"justify\">RACOON ist eine Forschungsinfrastruktur, die auf einem einzigartigen hybriden Netzwerkinfrastrukturkonzept aufbaut. Mithilfe der RACOON Infrastruktur soll es Forschenden erm\u00f6glicht werden, Forschungsprojekte mit mehreren Universit\u00e4tskliniken gemeinsam durchzuf\u00fchren, um daraus belastbare Erkenntnisse f\u00fcr die Verbesserung der Krankenversorgung abzuleiten. RACOON besteht aus bundesweit verteilten Hardwareknoten an jeder Universit\u00e4tsklinik (<b>RACOON-NODEs<\/b>) und einer zentralen Umgebung am Universit\u00e4tsklinikum Essen (<b>RACOON-CENTRAL<\/b>). Durch die erstmalige Anbindung aller universit\u00e4tsmedizinischen Institute in Deutschland entsteht die M\u00f6glichkeit zu gro\u00dffl\u00e4chigen, bundesweiten Forschungsprojekten, welche bisher nicht umsetzbare Forschung m\u00f6glich machen. So k\u00f6nnen Wirkmechanismen von Erkrankungen, relevante Einflussfaktoren auf deren Verl\u00e4ufe untersucht werden und Erkenntnisse zu Risikofaktoren vulnerabler Patientengruppen und der Wirksamkeit von Therapieans\u00e4tzen abgeleitet werden. Mit RACOON k\u00f6nnen Forschungsprojekte mit innovativen Ans\u00e4tzen durchgef\u00fchrt werden, f\u00fcr die bisher der Zugang zu ausreichend gro\u00dfen und gut aufgearbeiteten Patientenkohorten fehlte; mittelbar flie\u00dfen die Ergebnisse erfolgreicher Studien in das Gesundheitswesen zur\u00fcck und verbessern die Behandlungsqualit\u00e4t jedes einzelnen Patienten.<\/p><p align=\"justify\"><span style=\"font-size: 16px; background-color: var( --e-global-color-326a4e1 );\">Weitere Informationen zu RACOON finden Sie unter <\/span><span style=\"font-size: 16px; background-color: var( --e-global-color-326a4e1 ); color: #0563c1;\"><u><a href=\"https:\/\/racoon.network\/\">https:\/\/racoon.network\/<\/a><\/u><\/span><span style=\"font-size: 16px; background-color: var( --e-global-color-326a4e1 );\">.<\/span><\/p><p>Wir, die Klinik f\u00fcr Diagnostische und Interventionelle Radiologie des Uniklinikums Ulms und die im Folgenden unter 1. genannten Stellen (Subprojektpartner) f\u00fchren das RACOON Subprojekt RACOON RECO (RACOON Phase 1) durch. Ziel des Subprojekts ist die Fr\u00fcherkennung und Risikoabsch\u00e4tzung von COVID-19 Erkrankungen. Die bundesweit erhobenen Daten zu COVID-19-verd\u00e4chtigen Pneumonief\u00e4llen stellen eine wertvolle Entscheidungsgrundlage f\u00fcr epidemiologische Studien, Lageeinsch\u00e4tzungen und Fr\u00fchwarnmechanismen dar.<\/p><p>F\u00fcr das RACOON Subprojekt verarbeiten wir Ihre Daten, die wir im Rahmen Ihrer Behandlung bei uns erhoben haben. Vor der Verwendung f\u00fcr das RACOON Subprojekt werden zun\u00e4chst die identifizierenden Attribute (Name, Geburtsdatum, Adresse usw.) aus Ihrem Datensatz entfernt und die verbleibenden Daten (siehe Ziffer 3) im Rahmen eines aufw\u00e4ndigen Verfahrens in unserer RACOON-NODE unumkehrbar verhasht, sodass ein R\u00fcckschluss auf Ihre Identit\u00e4t anhand des verbleibenden Datensatzes nicht m\u00f6glich ist. Aufgrund des eingesetzten Verfahrens sind die pseudonymisierten Daten in einer Weise anonymisiert, dass die betroffene Person von Empf\u00e4ngern (wie die Forschenden anderer Universit\u00e4tsklinika) nicht mehr identifiziert werden kann.<sup>1<\/sup> Anschlie\u00dfend werden die Daten in RACOON-CENTRAL hochgeladen und unseren Subprojektpartnern freigegeben und von uns und unseren Subprojektpartnern zur Durchf\u00fchrung des RACOON Subprojekts verarbeitet. Ihre Daten werden von den Subprojektpartnern nicht aus RACOON-CENTRAL heruntergeladen oder lokal gespeichert.\u00a0<\/p><p style=\"margin-bottom: 0px; user-select: text; -webkit-user-drag: none; -webkit-tap-highlight-color: transparent; overflow-wrap: break-word; white-space: pre-wrap; font-weight: normal; font-style: normal; font-kerning: none; background-color: transparent; color: windowtext; text-align: justify;\">Unsere Projektpartner geben uns f\u00fcr RACOON Subprojekte ebenfalls anonymisierte Daten ihrer Patienten \u00fcber RACOON-CENTRAL frei.<\/p><p style=\"font-size: 12px; margin-bottom: 0px; user-select: text; -webkit-user-drag: none; -webkit-tap-highlight-color: transparent; overflow-wrap: break-word; white-space: pre-wrap; font-weight: normal; font-style: normal; font-kerning: none; background-color: transparent; color: windowtext; text-align: justify;\"><span style=\"font-size: 16px; color: #2c2c2c; background-color: var( --e-global-color-326a4e1 ); font-family: Roboto, sans-serif;\">\u00a0<\/span><\/p><ol><li><p align=\"justify\"><b>Wer sind die Verantwortlichen und Datenschutzbeauftragten?<\/b><\/p><\/li><\/ol><p style=\"padding-left: 80px;\">Wir, und die im Folgenden genannten Stellen, arbeiten bei dem RACOON Subprojekt eng zusammen. Aufgrund der Zusammenarbeit verarbeiten wir Ihre personenbezogenen Daten auch teilweise gemeinsam.<\/p><p style=\"padding-left: 80px;\">Zur Gew\u00e4hrleistung Ihrer Rechte und unter Ber\u00fccksichtigung der Vorgaben der EU-Datenschutz-Grundverordnung (DS-GVO) haben wir eine Vereinbarung geschlossen, die Regeln \u00fcber die Verarbeitung Ihrer personenbezogenen Daten aufstellt. Als sog. Gemeinsame Verantwortliche (nach Art. 26 DS-GVO) sind wir gemeinsam f\u00fcr die Verarbeitung Ihrer Daten verantwortlich.<\/p><p style=\"padding-left: 80px;\">Verantwortliche gem. Art. 4 Abs. 7 DS-GVO sind<\/p><p style=\"padding-left: 80px;\"><strong>Universit\u00e4tsklinikum Ulm, Anstalt des \u00f6ffentlichen Rechts<\/strong><br \/>Klinik f\u00fcr Diagnostische und Interventionelle Radiologie<br \/>Klinikdirektor: Uni. Prof. Dr. med. Meinrad Beer<br \/>Ansprechpartner PD Dr. med. Christopher Kloth<br \/>Albert-Einstein-Allee 23, 89081 UIm<\/p><p style=\"padding-left: 80px;\">und die weiteren Projektpartner. Eine Liste aller Projektpartner k\u00f6nnen Sie unserer Projektwebseite entnehmen (<a href=\"https:\/\/racoon.network\">https:\/\/racoon.network<\/a>).<\/p><p style=\"padding-left: 80px;\">Unseren Datenschutzbeauftragten erreichen Sie unter<\/p><p style=\"padding-left: 80px;\"><strong>Universit\u00e4tsklinikum Ulm<\/strong><br \/>Datenschutzbeauftragter<br \/>Albert-Einstein-Allee 29<br \/>89081 Ulm<br \/>Tel: 0731\/500-69290<br \/>E-Mail: <a href=\"mailto:datenschutz@uniklinik-ulm.de\">datenschutz@uniklinik-ulm.de<\/a><\/p><ol start=\"2\"><li><p align=\"justify\"><b>Zu welchem Zweck und nach welcher Rechtsgrundlage werden die Daten verarbeitet?<\/b><\/p><\/li><\/ol><p style=\"padding-left: 80px;\">Wir und unsere Subprojektpartner verarbeiten die Daten zum Zwecke der Durchf\u00fchrung des RACOON Subprojekt. Rechtsgrundlage ist Art. 6 Abs. 1 lit. e bzw. f, Art. 9 Abs. 2 lit. j DS-GVO in Verbindung mit den f\u00fcr die Projektpartner einschl\u00e4gigen (landes-)rechtlichen Vorschriften.<\/p><ol start=\"3\"><li><p align=\"justify\"><b>Welche Kategorien von Daten werden verarbeitet?<\/b><\/p><\/li><\/ol><p style=\"padding-left: 80px;\">Wir verarbeiten im Rahmen des RACOON Subprojekts Ihre pseudonymisierten Behandlungsdaten. Hierzu geh\u00f6ren eine gehashte (verschl\u00fcsselte) Patienten-ID sowie medizinische Daten, wie medizinische Bilddaten (CT- und R\u00f6ntgenaufnahmen) und deren Metainformationen, anamnestische Informationen, Arztbriefe und Diagnosen, Laborwerte, Ergebnisse histologischer, mikrobiologischer, virologischer und pathologischer Untersuchungen, Krankheitsverl\u00e4ufe, Vitalparameter und Outcome Parameter, Messwerte oder statistische Auswertungen, welche auf Basis der medizinischen Bilddatens\u00e4tze und komplement\u00e4ren Datens\u00e4tzen erstellt werden. Dies umfasst besondere Kategorien personenbezogener Daten i.S.d. Art. 9 Abs. 1 DS-GVO, n\u00e4mlich Gesundheitsdaten i.S.d. Art. 4 Nr. 15 DS-GVO.<\/p><ol start=\"4\"><li><p align=\"justify\"><b>Wer sind die Empf\u00e4nger der Daten?<\/b><\/p><\/li><\/ol><p style=\"padding-left: 80px;\">Ihre Daten werden streng zweckgebunden und nur im notwendigen Umfang im Rahmen einer Auftragsverarbeitung an unseren IT- und Hostingdienstleister Mint Medical GmbH weitergeleitet. Au\u00dferdem erhalten unsere Subprojektpartner Zugang zu den freigegebenen Daten in RACOON-CENTRAL.<\/p><ol start=\"5\"><li><p align=\"justify\"><b>Wie lange werden die Daten gespeichert?<\/b><\/p><\/li><\/ol><p style=\"padding-left: 80px;\">Ihre Daten werden so lange gespeichert, wie wir sie zur Durchf\u00fchrung des RACOON Subprojekts ben\u00f6tigen. Das RACOON Subprojekt ist nach aktuellem Projektstand bis Ende 2026 angelegt. Danach werden Ihre Daten im Rahmen der uns obliegenden Aufbewahrungsfristen (in der Regel bis zu 10 Jahre) in unserer RACOON-NODE und in RACOON-CENTRAL gespeichert. Sofern wir Ihre Daten nicht im Rahmen anderer Forschungsprojekte verwenden oder aufgrund daraus resultierender Aufbewahrungsfristen speichern m\u00fcssen, werden Ihre Daten im Anschluss gel\u00f6scht.<\/p><ol start=\"6\"><li><p align=\"justify\"><b>Woher stammen die Daten?<\/b><\/p><\/li><\/ol><p style=\"padding-left: 80px;\">Wir verarbeiten Daten, die wir von unseren Patienten im Rahmen der Behandlung erhoben haben. Wir verarbeiten auch die anonymisierten Daten von Patienten unserer Subprojektpartner.<\/p><ol start=\"7\"><li><p align=\"justify\"><b>Rechte<\/b><b><\/b><\/p><\/li><\/ol><p style=\"padding-left: 80px;\" align=\"justify\"><b><\/b><b><\/b>Als von der Datenverarbeitung betroffene Person stehen Ihnen folgende Rechte zu, sofern diese nicht aufgrund eines Gesetzes eingeschr\u00e4nkt sind:<\/p><ul><li style=\"list-style-type: none;\"><ul><li style=\"list-style-type: none;\"><ul><li style=\"list-style-type: none;\"><ul><li>Recht auf Auskunft<\/li><li>Recht auf Berichtigung<\/li><li>Recht auf L\u00f6schung<\/li><li>Recht auf Einschr\u00e4nkung der Verarbeitung<\/li><li>Recht auf Daten\u00fcbertragbarkeit<\/li><li><p align=\"justify\">Recht auf Widerspruch<\/p><\/li><\/ul><\/li><\/ul><\/li><\/ul><\/li><\/ul><p style=\"padding-left: 80px;\">Sie haben das Recht, sich bei einer Aufsichtsbeh\u00f6rde zu beschweren.<\/p><p style=\"padding-left: 80px;\">Die f\u00fcr uns zust\u00e4ndige Aufsichtsbeh\u00f6rde ist:<\/p><p style=\"padding-left: 80px;\"><strong>Landesbeauftragter f\u00fcr den Datenschutz und die Informationsfreiheit in Baden-W\u00fcrttemberg<\/strong><br \/>Postfach 10 29 32<br \/>70025 Stuttgart<br \/>Tel.: 0711 \/ 61 55 41 &#8211; 0<br \/>Mail: <a href=\"mailto:Poststelle@lfdi.bwl.de\">Poststelle@lfdi.bwl.de<\/a><\/p><ol start=\"8\"><li><p align=\"justify\"><b>Wer ist mein Ansprechpartner f\u00fcr Rechte wie Auskunft oder L\u00f6schung?<\/b><\/p><\/li><\/ol><p style=\"padding-left: 80px;\">Wir haben uns mit unseren Subprojektpartnern gemeinsam dar\u00fcber verst\u00e4ndigt, wie wir Ihre Rechte sicherstellen und n\u00e4her festgelegt, wer welche uns nach der DS-GVO obliegenden Verpflichtungen erf\u00fcllt. Dies betrifft insbesondere die Gew\u00e4hrleistung Ihrer Rechte als betroffene Personen und die Erf\u00fcllung der Informationspflichten nach Art. 13 und 14 DS-GVO.<\/p><p style=\"padding-left: 80px;\" align=\"justify\">Ansprechpartner zur Geltendmachung Ihrer Rechte ist<\/p><p style=\"padding-left: 80px;\">Prof. Dr. med. Meinrad Beer (<a href=\"mailto:sekretariat.radiologie1@uniklinik-ulm.de\">sekretariat.radiologie1@uniklinik-ulm.de<\/a>; Tel: 0731 500 61001) <br \/>PD. Dr. med. Christoph Kloth (<a href=\"mailto:christopher.kloth@uniklinik-ulm.de\">christopher.kloth@uniklinik-ulm.de<\/a>; Tel: 0731 500 61001)<\/p><p style=\"padding-left: 80px;\" align=\"justify\">Sie k\u00f6nnen sich zur Geltendmachung Ihrer Rechte grunds\u00e4tzlich jedoch an jede der beteiligten Stellen wenden.<\/p><ol start=\"9\"><li><p align=\"justify\"><b>Wie kann ich mehr Informationen zur Datenverarbeitung erhalten?<\/b><\/p><\/li><\/ol><p style=\"padding-left: 80px;\">Weitere Informationen erhalten Sie auf unserer Webseite <a href=\"https:\/\/www.uniklinik-ulm.de\/radiologie-diagnostische-und-interventionelle\/forschung\/racoon.html\">https:\/\/www.uniklinik-ulm.de\/radiologie-diagnostische-und-interventionelle\/forschung\/racoon.html<\/a> und unter <a href=\"https:\/\/racoon.network\">https:\/\/racoon.network<\/a>.<\/p><p align=\"justify\"><span style=\"color: #000000;\"><i>\u00a0<\/i><\/span><\/p><div style=\"font-size: 12px; font-weight: 400; font-style: normal; user-select: text; -webkit-user-drag: none; -webkit-tap-highlight-color: transparent; overflow: visible; cursor: text; clear: both; position: relative; direction: ltr; color: #000000; font-family: 'Segoe UI', 'Segoe UI Web', Arial, Verdana, sans-serif;\"><p style=\"box-sizing: inherit; margin-bottom: 0px; font-size: 16px; font-weight: 400; font-style: normal; color: #2c2c2c; font-family: Roboto, sans-serif; background-color: #fcfcfc;\" align=\"justify\"><i style=\"box-sizing: inherit;\">\u00b9\u00a0<\/i>Andere Subprojektpartner ordnen Ihre Daten m\u00f6glicherweise aufgrund unterschiedlicher gesetzlicher Anforderungen in\u00a0anderen Bundesl\u00e4ndern anders ein als wir. Die Sicherheit Ihrer Daten ist jedoch gleichbleibend gew\u00e4hrleistet.<\/p><\/div>\t\t\t\t\t\t\t\t<\/div>\n\t\t\t\t<\/div>\n\t\t\t\t\t<\/div>\n\t\t<\/div>\n\t\t\t\t\t<\/div>\n\t\t<\/header>\n\t\t\t\t<\/div>\n\t\t","protected":false},"excerpt":{"rendered":"<p>Information nach Art. 13, 14, 26 DS-GVO RACOON&nbsp; Unser Klinikum nimmt an dem deutschlandweiten Projekt RACOON (RECO) teil. RACOON (RECO) ist ein, vom Bundesministerium f\u00fcr Bildung und Forschung gef\u00f6rdertes, Projekt zur Entwicklung von Bildanalyseverfahren und k\u00fcnstlicher Intelligenz zum besseren Verst\u00e4ndnis von COVID-19 und \u00e4hnlichen Erkrankungen. Es soll helfen, die Diagnostik &hellip;<\/p>\n<p class=\"read-more\"> <a class=\"\" href=\"https:\/\/racoon.network\/?page_id=6700\"> <span class=\"screen-reader-text\">Ulm &#8211; UKUL &#8211; RECO<\/span>Read More &raquo;<\/a><\/p>\n","protected":false},"author":2,"featured_media":0,"parent":0,"menu_order":0,"comment_status":"closed","ping_status":"closed","template":"","meta":{"inline_featured_image":false,"footnotes":""},"class_list":["post-6700","page","type-page","status-publish","hentry"],"pbg_featured_image_src":{"full":false,"thumbnail":false,"medium":false,"medium_large":false,"large":false,"leap-image-100x100":false,"1536x1536":false,"2048x2048":false},"pbg_author_info":{"display_name":"Marcel Eicke","author_link":"https:\/\/racoon.network\/?author=2","author_img":"<img alt='Marcel Eicke' src='https:\/\/secure.gravatar.com\/avatar\/95eb7eb00a7e9cf76c2cb5c15572813e753ea13ede546ce17ffeb42b49dcf11b?s=128&#038;d=mm&#038;r=g' srcset='https:\/\/secure.gravatar.com\/avatar\/95eb7eb00a7e9cf76c2cb5c15572813e753ea13ede546ce17ffeb42b49dcf11b?s=256&#038;d=mm&#038;r=g 2x' class='avatar avatar-128 photo' height='128' width='128' decoding='async'\/>"},"pbg_comment_info":" No Comments","pbg_excerpt":"Information nach Art. 13, 14, 26 DS-GVO RACOON&nbsp; Unser Klinikum nimmt an dem deutschlandweiten Projekt RACOON (RECO) teil. RACOON (RECO) ist ein, vom Bundesministerium f\u00fcr Bildung und Forschung gef\u00f6rdertes, Projekt zur Entwicklung von Bildanalyseverfahren und k\u00fcnstlicher Intelligenz zum besseren Verst\u00e4ndnis von COVID-19 und \u00e4hnlichen Erkrankungen. Es soll helfen, die Diagnostik &hellip; Ulm &#8211; UKUL &#8211;&hellip;","_links":{"self":[{"href":"https:\/\/racoon.network\/index.php?rest_route=\/wp\/v2\/pages\/6700","targetHints":{"allow":["GET"]}}],"collection":[{"href":"https:\/\/racoon.network\/index.php?rest_route=\/wp\/v2\/pages"}],"about":[{"href":"https:\/\/racoon.network\/index.php?rest_route=\/wp\/v2\/types\/page"}],"author":[{"embeddable":true,"href":"https:\/\/racoon.network\/index.php?rest_route=\/wp\/v2\/users\/2"}],"replies":[{"embeddable":true,"href":"https:\/\/racoon.network\/index.php?rest_route=%2Fwp%2Fv2%2Fcomments&post=6700"}],"version-history":[{"count":9,"href":"https:\/\/racoon.network\/index.php?rest_route=\/wp\/v2\/pages\/6700\/revisions"}],"predecessor-version":[{"id":7684,"href":"https:\/\/racoon.network\/index.php?rest_route=\/wp\/v2\/pages\/6700\/revisions\/7684"}],"wp:attachment":[{"href":"https:\/\/racoon.network\/index.php?rest_route=%2Fwp%2Fv2%2Fmedia&parent=6700"}],"curies":[{"name":"wp","href":"https:\/\/api.w.org\/{rel}","templated":true}]}}