{"id":8146,"date":"2024-07-09T11:30:47","date_gmt":"2024-07-09T11:30:47","guid":{"rendered":"https:\/\/racoon.network\/?page_id=8146"},"modified":"2024-11-04T12:39:05","modified_gmt":"2024-11-04T12:39:05","slug":"racoon-combine-duplicate-4633","status":"publish","type":"page","link":"https:\/\/racoon.network\/?page_id=8146","title":{"rendered":"RACOON  FADEN"},"content":{"rendered":"\t\t<div data-elementor-type=\"wp-page\" data-elementor-id=\"8146\" class=\"elementor elementor-8146\">\n\t\t\t\t\t\t<section class=\"elementor-section elementor-top-section elementor-element elementor-element-7072a1a elementor-section-boxed elementor-section-height-default elementor-section-height-default\" data-id=\"7072a1a\" data-element_type=\"section\" data-e-type=\"section\">\n\t\t\t\t\t\t<div class=\"elementor-container elementor-column-gap-default\">\n\t\t\t\t\t<div class=\"elementor-column elementor-col-100 elementor-top-column elementor-element elementor-element-d45f469\" data-id=\"d45f469\" data-element_type=\"column\" data-e-type=\"column\">\n\t\t\t<div class=\"elementor-widget-wrap elementor-element-populated\">\n\t\t\t\t\t\t<div class=\"elementor-element elementor-element-e05d929 elementor-widget elementor-widget-spacer\" data-id=\"e05d929\" data-element_type=\"widget\" data-e-type=\"widget\" data-widget_type=\"spacer.default\">\n\t\t\t\t<div class=\"elementor-widget-container\">\n\t\t\t\t\t\t\t<div class=\"elementor-spacer\">\n\t\t\t<div class=\"elementor-spacer-inner\"><\/div>\n\t\t<\/div>\n\t\t\t\t\t\t<\/div>\n\t\t\t\t<\/div>\n\t\t\t\t<div class=\"elementor-element elementor-element-9a7d684 elementor-widget__width-initial elementor-widget elementor-widget-text-editor\" data-id=\"9a7d684\" data-element_type=\"widget\" data-e-type=\"widget\" data-widget_type=\"text-editor.default\">\n\t\t\t\t<div class=\"elementor-widget-container\">\n\t\t\t\t\t\t\t\t\t<p style=\"text-align: center\"><span style=\"font-family: georgia, palatino, serif;font-size: 18pt\"><strong><span style=\"line-height: 107%\">Studie<\/span><\/strong><b><span style=\"line-height: 107%\"> zur <\/span><\/b><span style=\"line-height: 107%\">F<\/span><b><span style=\"line-height: 107%\">r\u00fcherkennung von <\/span><\/b><strong><span style=\"line-height: 107%\">Aden<\/span><\/strong><b><span style=\"line-height: 107%\">omyose anhand von MRT-Untersuchungen<\/span><\/b><\/span><\/p>\n<p class=\"MsoNormal\"><span style=\"font-family: georgia, palatino, serif\"><b><span style=\"font-size: 12pt;line-height: 107%\">Etwa drei von vier M\u00e4dchen und Frauen haben w\u00e4hrend ihrer Periode Beschwerden, bei jeder zehnten<\/span><\/b><strong><span style=\"font-size: 12pt;line-height: 107%\"> s<\/span><span style=\"font-size: 12pt;line-height: 107%\">ind<\/span><\/strong><b><span style=\"font-size: 12pt;line-height: 107%\"> sie stark ausgepr\u00e4gt. Eine Ursache daf\u00fcr kann eine sogenannte Adenomyose sein \u2013 das sind gutartige Ver\u00e4nderungen in der Muskulatur der Geb\u00e4rmutter. Neben Schmerzen verursacht die Erkrankung h\u00e4ufig auch Blutungsst\u00f6rungen und Fehlgeburten. Da f\u00fcr eine erfolgreiche Behandlung die fr\u00fchzeitige Erkennung der Adenomyose entscheidend ist, f\u00fchren die Frauenklinik und das Radiologische Institut\u00a0<\/span><\/b><\/span><b style=\"font-family: georgia, palatino, serif;font-style: inherit;background-color: var( --e-global-color-326a4e1 )\"><span style=\"font-size: 12pt;line-height: 107%\">eine gemeinsame Studie zur Fr\u00fcherkennung von Adenomyose durch.\u00a0<\/span><\/b><\/p>\n<p class=\"MsoNormal\"><span style=\"font-size: 12pt;line-height: 107%;font-family: georgia, palatino, serif\">Im Rahmen der Studie sollen Ver\u00e4nderungen an der Geb\u00e4rmutter mittels Magnetresonanztomographie (MRT) gemessen werden. Die Untersuchung ist schmerzfrei; eine Einnahme von Medikamenten oder Kontrastmitteln ist nicht erforderlich. Neben der MRT-Untersuchung und einer pers\u00f6nlichen Anamnese erfolgt ein k\u00f6rperlicher Check-up inklusive gyn\u00e4kologischer Ultraschalluntersuchung. Der zeitliche Aufwand betr\u00e4gt insgesamt circa vier Stunden, verteilt auf zwei Termine an bestimmten Zyklustagen. Alle Probandinnen haben die M\u00f6glichkeit, die entstandenen Bildgebungen ihrer Geb\u00e4rmutter und ihrer Eierst\u00f6cke im Hinblick auf m\u00f6gliche Erkrankungen kostenfrei pr\u00fcfen zu lassen. <\/span><\/p>\n\n<h4 class=\"MsoNormal\"><b><span style=\"font-family: georgia, palatino, serif\">Ziel:<\/span><\/b><\/h4>\nUnser Ziel ist es, strukturierte und objektivierbare Informationen \u00fcber die fr\u00fch auftretenden Ver\u00e4nderungen der Geb\u00e4rmutter mittels multiparametrischer MRT bei Patientinnen mit hochgradigem Verdacht auf eine Adenomyose zu liefern. Mit Hilfe dieser Informationen soll eine skalierbare Infrastruktur f\u00fcr die automatisierte Extraktion von bildgebenden Biomarkern aus diesen Untersuchungen im Netzwerk Universit\u00e4tsmedizin (NUM) entwickelt werden, die den FAIR-Datenprinzipien folgt. Der prim\u00e4re Endpunkt ist die Unterscheidung zwischen den physiologischen und den pathologischen Organver\u00e4nderungen der Geb\u00e4rmutter zur Bewertung der Adenomyose im Fr\u00fchstadium, insbesondere in Hinblick auf die Dicke der Junktionalzone der Geb\u00e4rmutter. Die Nullhypothese folgt dabei der Annahme, dass es keine statistisch signifikanten Unterschiede der Dicke der Junktionalzone bei Patientinnen mit einer hohen, klinisch ermittelten Vortestwahrscheinlichkeit im Vergleich zu asymptomatischen Probandinnen gibt.<\/p>\n<h4 class=\"MsoNormal\"><b><span style=\"font-family: georgia, palatino, serif\">Laufzeit:<\/span><\/b><\/h4>\n<p class=\"MsoNormal\">01.01.2024 &#8211; 30.06.2025<\/p>\n\n<h4 class=\"MsoNormal\"><b><span style=\"font-family: georgia, palatino, serif\">Projektpartner:<\/span><\/b><\/h4>\nMit den Koordinierenden Universit\u00e4tskliniken Erlangen (Prof. Dr. Matthias May, Radiologisches Institut) und Charit\u00e9, Berlin (Prof. Dr. Sylvia Mechsner, Gyn\u00e4kologie) sind 14 Universit\u00e4tskliniken involviert, sowie die technischen Partner Mint Medical GmbH, Fraunhofer-Institute f\u00fcr Digitale Medizin MEVIS, das Deutsche Krebsforschungszentrum (DKFZ) und ImFusion GmbH. Die klinische Datenerfassung erfolgt \u00fcber die NUM NUKLEUS Infrastruktur (Netzwerk Universit\u00e4tsmedizin Klinische Epidemiologie und Studienplattform). Eine Liste der Standorte und deren Ansprechpartner gibt es <a href=\"https:\/\/racoon.network\/?page_id=8146#sites\">hier<\/a>.\t\t\t\t\t\t\t\t<\/div>\n\t\t\t\t<\/div>\n\t\t\t\t<div class=\"elementor-element elementor-element-371b7aa elementor-widget-divider--view-line elementor-widget elementor-widget-divider\" data-id=\"371b7aa\" data-element_type=\"widget\" data-e-type=\"widget\" data-widget_type=\"divider.default\">\n\t\t\t\t<div class=\"elementor-widget-container\">\n\t\t\t\t\t\t\t<div class=\"elementor-divider\">\n\t\t\t<span class=\"elementor-divider-separator\">\n\t\t\t\t\t\t<\/span>\n\t\t<\/div>\n\t\t\t\t\t\t<\/div>\n\t\t\t\t<\/div>\n\t\t\t\t<div class=\"elementor-element elementor-element-a832d3d elementor-widget elementor-widget-heading\" data-id=\"a832d3d\" data-element_type=\"widget\" data-e-type=\"widget\" data-widget_type=\"heading.default\">\n\t\t\t\t<div class=\"elementor-widget-container\">\n\t\t\t\t\t<h3 class=\"elementor-heading-title elementor-size-default\">Aktuelles<\/h3>\t\t\t\t<\/div>\n\t\t\t\t<\/div>\n\t\t\t\t<div class=\"elementor-element elementor-element-8a41a24 elementor-widget elementor-widget-text-editor\" data-id=\"8a41a24\" data-element_type=\"widget\" data-e-type=\"widget\" data-widget_type=\"text-editor.default\">\n\t\t\t\t<div class=\"elementor-widget-container\">\n\t\t\t\t\t\t\t\t\t<p>15.07.2024<\/p><p>Die Studie befindet sich derzeit in der Ausrollung an den diversen Standorten. An dem Universit\u00e4tsklinikum Erlangen, an welchem auch die MRT-Protokolle erstellt wurden, wurde bereits die erste Probandin untersucht.<\/p>\t\t\t\t\t\t\t\t<\/div>\n\t\t\t\t<\/div>\n\t\t\t\t<div class=\"elementor-element elementor-element-0af08f5 elementor-arrows-position-inside elementor-pagination-position-outside elementor-widget elementor-widget-image-carousel\" data-id=\"0af08f5\" data-element_type=\"widget\" data-e-type=\"widget\" data-settings=\"{&quot;navigation&quot;:&quot;both&quot;,&quot;autoplay&quot;:&quot;yes&quot;,&quot;pause_on_hover&quot;:&quot;yes&quot;,&quot;pause_on_interaction&quot;:&quot;yes&quot;,&quot;autoplay_speed&quot;:5000,&quot;infinite&quot;:&quot;yes&quot;,&quot;speed&quot;:500}\" data-widget_type=\"image-carousel.default\">\n\t\t\t\t<div class=\"elementor-widget-container\">\n\t\t\t\t\t\t\t<div class=\"elementor-image-carousel-wrapper swiper\" role=\"region\" aria-roledescription=\"carousel\" aria-label=\"Bild Karussell\" dir=\"ltr\">\n\t\t\t<div class=\"elementor-image-carousel swiper-wrapper\" aria-live=\"off\">\n\t\t\t\t\t\t\t\t<div class=\"swiper-slide\" role=\"group\" aria-roledescription=\"slide\" aria-label=\"1 von 7\"><figure class=\"swiper-slide-inner\"><img decoding=\"async\" class=\"swiper-slide-image\" src=\"https:\/\/racoon.network\/wp-content\/uploads\/2024\/07\/faden_1-286x300.png\" alt=\"faden_1\" \/><\/figure><\/div><div class=\"swiper-slide\" role=\"group\" aria-roledescription=\"slide\" aria-label=\"2 von 7\"><figure class=\"swiper-slide-inner\"><img decoding=\"async\" class=\"swiper-slide-image\" src=\"https:\/\/racoon.network\/wp-content\/uploads\/2024\/07\/faden_2-300x294.png\" alt=\"faden_2\" \/><\/figure><\/div><div class=\"swiper-slide\" role=\"group\" aria-roledescription=\"slide\" aria-label=\"3 von 7\"><figure class=\"swiper-slide-inner\"><img decoding=\"async\" class=\"swiper-slide-image\" src=\"https:\/\/racoon.network\/wp-content\/uploads\/2024\/07\/faden_3-297x300.png\" alt=\"faden_3\" \/><\/figure><\/div><div class=\"swiper-slide\" role=\"group\" aria-roledescription=\"slide\" aria-label=\"4 von 7\"><figure class=\"swiper-slide-inner\"><img decoding=\"async\" class=\"swiper-slide-image\" src=\"https:\/\/racoon.network\/wp-content\/uploads\/2024\/07\/faden_4-300x282.png\" alt=\"faden_4\" \/><\/figure><\/div><div class=\"swiper-slide\" role=\"group\" aria-roledescription=\"slide\" aria-label=\"5 von 7\"><figure class=\"swiper-slide-inner\"><img decoding=\"async\" class=\"swiper-slide-image\" src=\"https:\/\/racoon.network\/wp-content\/uploads\/2024\/07\/faden_5-296x300.png\" alt=\"faden_5\" \/><\/figure><\/div><div class=\"swiper-slide\" role=\"group\" aria-roledescription=\"slide\" aria-label=\"6 von 7\"><figure class=\"swiper-slide-inner\"><img decoding=\"async\" class=\"swiper-slide-image\" src=\"https:\/\/racoon.network\/wp-content\/uploads\/2024\/07\/faden_6-300x272.png\" alt=\"faden_6\" \/><\/figure><\/div><div class=\"swiper-slide\" role=\"group\" aria-roledescription=\"slide\" aria-label=\"7 von 7\"><figure class=\"swiper-slide-inner\"><img decoding=\"async\" class=\"swiper-slide-image\" src=\"https:\/\/racoon.network\/wp-content\/uploads\/2024\/07\/faden_7-298x300.png\" alt=\"faden_7\" \/><\/figure><\/div>\t\t\t<\/div>\n\t\t\t\t\t\t\t\t\t\t\t\t<div class=\"elementor-swiper-button elementor-swiper-button-prev\" role=\"button\" tabindex=\"0\">\n\t\t\t\t\t\t<i aria-hidden=\"true\" class=\"eicon-chevron-left\"><\/i>\t\t\t\t\t<\/div>\n\t\t\t\t\t<div class=\"elementor-swiper-button elementor-swiper-button-next\" role=\"button\" tabindex=\"0\">\n\t\t\t\t\t\t<i aria-hidden=\"true\" class=\"eicon-chevron-right\"><\/i>\t\t\t\t\t<\/div>\n\t\t\t\t\n\t\t\t\t\t\t\t\t\t<div class=\"swiper-pagination\"><\/div>\n\t\t\t\t\t\t\t\t\t<\/div>\n\t\t\t\t\t\t<\/div>\n\t\t\t\t<\/div>\n\t\t\t\t<div class=\"elementor-element elementor-element-1695056 elementor-widget-divider--view-line elementor-widget elementor-widget-divider\" data-id=\"1695056\" data-element_type=\"widget\" data-e-type=\"widget\" id=\"dsgvo\" data-widget_type=\"divider.default\">\n\t\t\t\t<div class=\"elementor-widget-container\">\n\t\t\t\t\t\t\t<div class=\"elementor-divider\">\n\t\t\t<span class=\"elementor-divider-separator\">\n\t\t\t\t\t\t<\/span>\n\t\t<\/div>\n\t\t\t\t\t\t<\/div>\n\t\t\t\t<\/div>\n\t\t\t\t<section class=\"elementor-section elementor-inner-section elementor-element elementor-element-0b81192 elementor-section-boxed elementor-section-height-default elementor-section-height-default\" data-id=\"0b81192\" data-element_type=\"section\" data-e-type=\"section\">\n\t\t\t\t\t\t<div class=\"elementor-container elementor-column-gap-default\">\n\t\t\t\t\t<div class=\"elementor-column elementor-col-100 elementor-inner-column elementor-element elementor-element-86cbfd0\" data-id=\"86cbfd0\" data-element_type=\"column\" data-e-type=\"column\">\n\t\t\t<div class=\"elementor-widget-wrap elementor-element-populated\">\n\t\t\t\t\t\t<div class=\"elementor-element elementor-element-aa0a399 elementor-widget elementor-widget-heading\" data-id=\"aa0a399\" data-element_type=\"widget\" data-e-type=\"widget\" data-widget_type=\"heading.default\">\n\t\t\t\t<div class=\"elementor-widget-container\">\n\t\t\t\t\t<h3 class=\"elementor-heading-title elementor-size-default\">Patienteninformationen nach Art. 13, 14, 26 DS-GVO<\/h3>\t\t\t\t<\/div>\n\t\t\t\t<\/div>\n\t\t\t\t\t<\/div>\n\t\t<\/div>\n\t\t\t\t\t<\/div>\n\t\t<\/section>\n\t\t\t\t<section class=\"elementor-section elementor-inner-section elementor-element elementor-element-3d96649 elementor-section-full_width elementor-section-height-default elementor-section-height-default\" data-id=\"3d96649\" data-element_type=\"section\" data-e-type=\"section\">\n\t\t\t\t\t\t<div class=\"elementor-container elementor-column-gap-default\">\n\t\t\t\t\t<div class=\"elementor-column elementor-col-33 elementor-inner-column elementor-element elementor-element-195090b\" data-id=\"195090b\" data-element_type=\"column\" data-e-type=\"column\">\n\t\t\t<div class=\"elementor-widget-wrap\">\n\t\t\t\t\t\t\t<\/div>\n\t\t<\/div>\n\t\t\t\t<div class=\"elementor-column elementor-col-33 elementor-inner-column elementor-element elementor-element-9f68f58\" data-id=\"9f68f58\" data-element_type=\"column\" data-e-type=\"column\">\n\t\t\t<div class=\"elementor-widget-wrap elementor-element-populated\">\n\t\t\t\t\t\t<div class=\"elementor-element elementor-element-7bb0494 elementor-widget elementor-widget-text-editor\" data-id=\"7bb0494\" data-element_type=\"widget\" data-e-type=\"widget\" data-widget_type=\"text-editor.default\">\n\t\t\t\t<div class=\"elementor-widget-container\">\n\t\t\t\t\t\t\t\t\t<p style=\"text-align: center\">In Arbeit<\/p>\t\t\t\t\t\t\t\t<\/div>\n\t\t\t\t<\/div>\n\t\t\t\t\t<\/div>\n\t\t<\/div>\n\t\t\t\t<div class=\"elementor-column elementor-col-33 elementor-inner-column elementor-element elementor-element-fb3fdfd\" data-id=\"fb3fdfd\" data-element_type=\"column\" data-e-type=\"column\">\n\t\t\t<div class=\"elementor-widget-wrap\">\n\t\t\t\t\t\t\t<\/div>\n\t\t<\/div>\n\t\t\t\t\t<\/div>\n\t\t<\/section>\n\t\t\t\t<div class=\"elementor-element elementor-element-9c23df0 elementor-widget__width-initial elementor-widget-divider--view-line elementor-widget elementor-widget-divider\" data-id=\"9c23df0\" data-element_type=\"widget\" data-e-type=\"widget\" id=\"sites\" data-widget_type=\"divider.default\">\n\t\t\t\t<div class=\"elementor-widget-container\">\n\t\t\t\t\t\t\t<div class=\"elementor-divider\">\n\t\t\t<span class=\"elementor-divider-separator\">\n\t\t\t\t\t\t<\/span>\n\t\t<\/div>\n\t\t\t\t\t\t<\/div>\n\t\t\t\t<\/div>\n\t\t\t\t<div class=\"elementor-element elementor-element-d8160f9 elementor-widget elementor-widget-heading\" data-id=\"d8160f9\" data-element_type=\"widget\" data-e-type=\"widget\" data-widget_type=\"heading.default\">\n\t\t\t\t<div class=\"elementor-widget-container\">\n\t\t\t\t\t<h3 class=\"elementor-heading-title elementor-size-default\">Beteiligte Standorte<\/h3>\t\t\t\t<\/div>\n\t\t\t\t<\/div>\n\t\t\t\t<div class=\"elementor-element elementor-element-8372778 elementor-widget elementor-widget-text-editor\" data-id=\"8372778\" data-element_type=\"widget\" data-e-type=\"widget\" data-widget_type=\"text-editor.default\">\n\t\t\t\t<div class=\"elementor-widget-container\">\n\t\t\t\t\t\t\t\t\t<p><\/p>\n<table>\n<tbody>\n<tr>\n<td><strong>Institution<\/strong><\/td>\n<td><strong>Rolle<\/strong><\/td>\n<td><strong>Ansprechpersonen<\/strong><\/td>\n<td><strong>Kontakt<\/strong><\/td>\n<\/tr>\n<tr>\n<td rowspan=\"2\">Universit\u00e4tsklinik RWTH Aachen<\/td>\n<td rowspan=\"2\">Partner<\/td>\n<td>Prof. Dr. Christiane Kuhl (R)<\/td>\n<td rowspan=\"2\">Teilnahmebeginn ausstehend<\/td>\n<\/tr>\n<tr>\n<td>Dr. med. Thomas Kupec (G)<\/td>\n<\/tr>\n<tr>\n<td rowspan=\"3\">Charit\u00e9 \u2013 Universit\u00e4tsmedizin Berlin<\/td>\n<td rowspan=\"2\">Koordinator<\/td>\n<td>Prof. Dr. Tobias Penzkofer (R)<\/td>\n<td rowspan=\"3\">Teilnahmebeginn ausstehend<\/td>\n<\/tr>\n<tr>\n<td>Prof. Dr. Sylvia Mechsner (G)<\/td>\n<\/tr>\n<tr>\n<td>Fallpauschalen<\/td>\n<td>Ralf Heyder (NUM Koordinierungsstelle)<\/td>\n<\/tr>\n<tr>\n<td rowspan=\"2\">Universit\u00e4tsklinikum Carl Gustav Carus Dresden<\/td>\n<td rowspan=\"2\">Partner<\/td>\n<td>Dr. Sophia Blum (R)<\/td>\n<td rowspan=\"2\"><a href=\"mailto:racoon.faden@ukdd.de?subject=Interesse an RACOON-FADEN\">racoon.faden@ukdd.de <\/a><\/td>\n<\/tr>\n<tr>\n<td>Prof. Dr. Pauline Wimberger (G)<\/td>\n<\/tr>\n<tr>\n<td rowspan=\"2\">Universit\u00e4tsklinikum D\u00fcsseldorf<\/td>\n<td rowspan=\"2\">Partner<\/td>\n<td>Dr. Frederic Dietzel (R)<\/td>\n<td rowspan=\"2\"><a href=\"mailto:studienzentrale.frauenklinik@med.uni-duesseldorf.de?subject=Interesse an RACOON-FADEN\">studienzentrale.frauenklinik@med.uni-duesseldorf.de<\/a><\/td>\n<\/tr>\n<tr>\n<td>Dr. Sebastian Hentsch (G)<\/td>\n<\/tr>\n<tr>\n<td rowspan=\"2\">Universit\u00e4tsklinikum Erlangen<\/td>\n<td rowspan=\"2\">Koordinator<\/td>\n<td>Prof. Dr. Matthias May (R)<\/td>\n<td rowspan=\"2\"><a href=\"mailto:dr-faden@uk-erlangen.de;fk-endometriose@uk-erlangen.de?subject=Interesse an RACOON-FADEN\">dr-faden@uk-erlangen.de<br>fk-endometriose@uk-erlangen.de<\/a><\/td>\n<\/tr>\n<tr>\n<td>PD Dr. Stefanie Burghaus (G)<\/td>\n<\/tr>\n<tr>\n<td rowspan=\"3\">Universit\u00e4tsklinikum Frankfurt<\/td>\n<td rowspan=\"2\">Partner<\/td>\n<td>Dr. Andreas Michael Bucher (R)<\/td>\n<td rowspan=\"2\">Teilnahmebeginn ausstehend<\/td>\n<\/tr>\n<tr>\n<td>Prof. Dr. Sven Becker (G)<\/td>\n<\/tr>\n<tr>\n<td>NUKLEUS<\/td>\n<td>Prof. Dr. Janne Vehreschild<\/td>\n<td>&#8211;<\/td>\n<\/tr>\n<tr>\n<td rowspan=\"2\">Universit\u00e4tsklinikum Freiburg<\/td>\n<td rowspan=\"2\">Partner<\/td>\n<td>PD Dr. Jakob Neubauer (R)<\/td>\n<td rowspan=\"2\">Teilnahmebeginn ausstehend<\/td>\n<\/tr>\n<tr>\n<td>Prof. Florin-Andrei Taran (G)<\/td>\n<\/tr>\n<tr>\n<td>Universit\u00e4tsmedizin G\u00f6ttingen<\/td>\n<td>NUKLEUS<\/td>\n<td>Dipl. Inf. Sabine Han\u00df<\/td>\n<td>&#8211;<\/td>\n<\/tr>\n<tr>\n<td>Universit\u00e4tsmedizin Greifswald<\/td>\n<td>NUKLEUS<\/td>\n<td>Dr. Torsten Leddig<\/td>\n<td><a href=\"mailto:torsten.leddig@med.uni-greifswald.de\">torsten.leddig@med.uni-greifswald.de<\/a><\/td>\n<\/tr>\n<tr>\n<td>Uniklinik K\u00f6ln<\/td>\n<td>NUKLEUS<\/td>\n<td>Prof. Dr. Janne Vehreschild<\/td>\n<td>&#8211;<\/td>\n<\/tr>\n<tr>\n<td rowspan=\"2\">LMU Klinikum M\u00fcnchen<\/td>\n<td rowspan=\"2\">Partner<\/td>\n<td>Prof. Dr. Clemens Cyran (R)<\/td>\n<td rowspan=\"2\">Teilnahmebeginn ausstehend<\/td>\n<\/tr>\n<tr>\n<td>Prof. Dr. Thomas Kolben (G)<\/td>\n<\/tr>\n<tr>\n<td rowspan=\"2\">Klinikum rechts der Isar M\u00fcnchen<\/td>\n<td rowspan=\"2\">Partner<\/td>\n<td>Prof. Rickmer Braren (R)<\/td>\n<td rowspan=\"2\"><a href=\"mailto:FADEN-Studie.gy@mri.tum.de?subject=Interesse an RACOON-FADEN\">FADEN-Studie.gy@mri.tum.de<\/a><\/td>\n<\/tr>\n<tr>\n<td>Prof. Dr. med. Vanadin Seifert-Klauss (G)<\/td>\n<\/tr>\n<tr>\n<td rowspan=\"2\">Universit\u00e4tsklinikum M\u00fcnster<\/td>\n<td rowspan=\"2\">Partner<\/td>\n<td>PD Dr. Gesa P\u00f6hler (R)<\/td>\n<td rowspan=\"2\"><a href=\"mailto:christian.roemer@ukmuenster.de\">christian.roemer@ukmuenster.de<\/a><br><a href=\"mailto:racoon-faden@ukmuenster.de\">racoon-faden@ukmuenster.de<\/a><\/td>\n<\/tr>\n<tr>\n<td>Prof. Dr. Lars Hanker (G)<\/td>\n<\/tr>\n<tr>\n<td rowspan=\"2\">Universit\u00e4tsklinikum Schleswig-Holstein L\u00fcbeck<\/td>\n<td rowspan=\"2\">Partner<\/td>\n<td>Dr. Malte Maria Sieren (R)<\/td>\n<td rowspan=\"2\">Teilnahmebeginn ausstehend<\/td>\n<\/tr>\n<tr>\n<td>PD Dr. Christoph Cirkel (G)<\/td>\n<\/tr>\n<tr>\n<td rowspan=\"2\">Universit\u00e4tsklinikum Schleswig-Holstein Kiel<\/td>\n<td rowspan=\"2\">Partner<\/td>\n<td>Karolin Tesch (R)<\/td>\n<td rowspan=\"2\"><a href=\"mailto:office.radiologie.kiel@uksh.de;karolin.tesch@uksh.de?subject=Interesse an RACOON-FADEN\">office.radiologie.kiel@uksh.de<br>karolin.tesch@uksh.de<\/a><\/td>\n<\/tr>\n<tr>\n<td>Nicolai Maass (G)<\/td>\n<\/tr>\n<tr>\n<td rowspan=\"3\">Universit\u00e4tsklinikum T\u00fcbingen<\/td>\n<td rowspan=\"3\">Partner<\/td>\n<td>PD Dr. Heike Preibsch (R)<\/td>\n<td rowspan=\"3\">Teilnahmebeginn ausstehend<\/td>\n<\/tr>\n<tr>\n<td>PD Dr. Saif Afat (R)<\/td>\n<\/tr>\n<tr>\n<td>Prof. Bernhard Kr\u00e4mer (G)<\/td>\n<\/tr>\n<tr>\n<td rowspan=\"2\">Universit\u00e4tsklinikum W\u00fcrzbug<\/td>\n<td rowspan=\"2\">Partner<\/td>\n<td>Dr. Stephanie Sauer (R)<\/td>\n<td rowspan=\"2\"><a href=\"mailto:faden@ukw.de?subject=Interesse an RACOON-FADEN\">faden@ukw.de<\/a><\/td>\n<\/tr>\n<tr>\n<td>Dr. Anastasia Altides (G)<\/td>\n<\/tr>\n<\/tbody>\n<\/table>\n<p>(G) Gyn\u00e4kologie | (R) Radiologie<\/p>\t\t\t\t\t\t\t\t<\/div>\n\t\t\t\t<\/div>\n\t\t\t\t\t<\/div>\n\t\t<\/div>\n\t\t\t\t\t<\/div>\n\t\t<\/section>\n\t\t\t\t<section class=\"elementor-section elementor-top-section elementor-element elementor-element-1ad7474 elementor-section-boxed elementor-section-height-default elementor-section-height-default\" data-id=\"1ad7474\" data-element_type=\"section\" data-e-type=\"section\">\n\t\t\t\t\t\t<div class=\"elementor-container elementor-column-gap-default\">\n\t\t\t\t\t<div class=\"elementor-column elementor-col-100 elementor-top-column elementor-element elementor-element-4387d16\" data-id=\"4387d16\" data-element_type=\"column\" data-e-type=\"column\">\n\t\t\t<div class=\"elementor-widget-wrap\">\n\t\t\t\t\t\t\t<\/div>\n\t\t<\/div>\n\t\t\t\t\t<\/div>\n\t\t<\/section>\n\t\t\t\t<\/div>\n\t\t","protected":false},"excerpt":{"rendered":"<p>Studie zur Fr\u00fcherkennung von Adenomyose anhand von MRT-Untersuchungen Etwa drei von vier M\u00e4dchen und Frauen haben w\u00e4hrend ihrer Periode Beschwerden, bei jeder zehnten sind sie stark ausgepr\u00e4gt. Eine Ursache daf\u00fcr kann eine sogenannte Adenomyose sein \u2013 das sind gutartige Ver\u00e4nderungen in der Muskulatur der Geb\u00e4rmutter. Neben Schmerzen verursacht die Erkrankung &hellip;<\/p>\n<p class=\"read-more\"> <a class=\"\" href=\"https:\/\/racoon.network\/?page_id=8146\"> <span class=\"screen-reader-text\">RACOON  FADEN<\/span>Read More &raquo;<\/a><\/p>\n","protected":false},"author":1,"featured_media":0,"parent":0,"menu_order":0,"comment_status":"closed","ping_status":"closed","template":"","meta":{"inline_featured_image":false,"footnotes":""},"class_list":["post-8146","page","type-page","status-publish","hentry"],"pbg_featured_image_src":{"full":false,"thumbnail":false,"medium":false,"medium_large":false,"large":false,"leap-image-100x100":false,"1536x1536":false,"2048x2048":false},"pbg_author_info":{"display_name":"admin","author_link":"https:\/\/racoon.network\/?author=1","author_img":"<img alt='admin' src='https:\/\/secure.gravatar.com\/avatar\/8931e98758e400caba5ef80ef255d639487b3d190ea2bc1f3e8bc8317605a2a5?s=128&#038;d=mm&#038;r=g' srcset='https:\/\/secure.gravatar.com\/avatar\/8931e98758e400caba5ef80ef255d639487b3d190ea2bc1f3e8bc8317605a2a5?s=256&#038;d=mm&#038;r=g 2x' class='avatar avatar-128 photo' height='128' width='128' decoding='async'\/>"},"pbg_comment_info":" No Comments","pbg_excerpt":"Studie zur Fr\u00fcherkennung von Adenomyose anhand von MRT-Untersuchungen Etwa drei von vier M\u00e4dchen und Frauen haben w\u00e4hrend ihrer Periode Beschwerden, bei jeder zehnten sind sie stark ausgepr\u00e4gt. Eine Ursache daf\u00fcr kann eine sogenannte Adenomyose sein \u2013 das sind gutartige Ver\u00e4nderungen in der Muskulatur der Geb\u00e4rmutter. Neben Schmerzen verursacht die Erkrankung &hellip; RACOON FADENRead More &raquo;","_links":{"self":[{"href":"https:\/\/racoon.network\/index.php?rest_route=\/wp\/v2\/pages\/8146","targetHints":{"allow":["GET"]}}],"collection":[{"href":"https:\/\/racoon.network\/index.php?rest_route=\/wp\/v2\/pages"}],"about":[{"href":"https:\/\/racoon.network\/index.php?rest_route=\/wp\/v2\/types\/page"}],"author":[{"embeddable":true,"href":"https:\/\/racoon.network\/index.php?rest_route=\/wp\/v2\/users\/1"}],"replies":[{"embeddable":true,"href":"https:\/\/racoon.network\/index.php?rest_route=%2Fwp%2Fv2%2Fcomments&post=8146"}],"version-history":[{"count":129,"href":"https:\/\/racoon.network\/index.php?rest_route=\/wp\/v2\/pages\/8146\/revisions"}],"predecessor-version":[{"id":8632,"href":"https:\/\/racoon.network\/index.php?rest_route=\/wp\/v2\/pages\/8146\/revisions\/8632"}],"wp:attachment":[{"href":"https:\/\/racoon.network\/index.php?rest_route=%2Fwp%2Fv2%2Fmedia&parent=8146"}],"curies":[{"name":"wp","href":"https:\/\/api.w.org\/{rel}","templated":true}]}}